{"id":2239,"date":"2024-10-24T09:30:07","date_gmt":"2024-10-24T09:30:07","guid":{"rendered":"https:\/\/thepcba.com\/manufacturer\/zoll-9146-102-defibrillators-battery\/"},"modified":"2024-10-25T03:41:11","modified_gmt":"2024-10-25T03:41:11","slug":"zoll-9146-102-defibrillators-battery","status":"publish","type":"product","link":"https:\/\/thepcba.com\/tr\/manufacturer\/zoll-9146-102-defibrillators-battery\/","title":{"rendered":"ZOLL 9146-102 Defibrilat\u00f6r Bataryas\u0131"},"content":{"rendered":"","protected":false},"excerpt":{"rendered":"<p>Renk: sar\u0131<br \/>\nTip\uff1a LI-SO2<br \/>\nVoltaj \uff1a 12v<br \/>\nKapasite \uff1a 7750mAh<br \/>\nA\u011f\u0131rl\u0131k\uff1a 548G<br \/>\nBoyut: 239,3 * 70,4 * 53,33 mm<\/p>","protected":false},"featured_media":2299,"template":"","meta":[],"product_cat":[40],"product_tag":[],"_links":{"self":[{"href":"https:\/\/thepcba.com\/tr\/wp-json\/wp\/v2\/product\/2239"}],"collection":[{"href":"https:\/\/thepcba.com\/tr\/wp-json\/wp\/v2\/product"}],"about":[{"href":"https:\/\/thepcba.com\/tr\/wp-json\/wp\/v2\/types\/product"}],"wp:featuredmedia":[{"embeddable":true,"href":"https:\/\/thepcba.com\/tr\/wp-json\/wp\/v2\/media\/2299"}],"wp:attachment":[{"href":"https:\/\/thepcba.com\/tr\/wp-json\/wp\/v2\/media?parent=2239"}],"wp:term":[{"taxonomy":"product_cat","embeddable":true,"href":"https:\/\/thepcba.com\/tr\/wp-json\/wp\/v2\/product_cat?post=2239"},{"taxonomy":"product_tag","embeddable":true,"href":"https:\/\/thepcba.com\/tr\/wp-json\/wp\/v2\/product_tag?post=2239"}],"curies":[{"name":"wp","href":"https:\/\/api.w.org\/{rel}","templated":true}]}}