{"id":2236,"date":"2024-10-24T09:30:06","date_gmt":"2024-10-24T09:30:06","guid":{"rendered":"https:\/\/thepcba.com\/manufacturer\/creative-classic-120\/"},"modified":"2024-10-25T03:34:10","modified_gmt":"2024-10-25T03:34:10","slug":"creative-classic-120","status":"publish","type":"product","link":"https:\/\/thepcba.com\/tr\/manufacturer\/creative-classic-120\/","title":{"rendered":"YARATICI KLASIK 120"},"content":{"rendered":"","protected":false},"excerpt":{"rendered":"<p>Renk:siyah<br \/>\nTip\uff1aNI-MH<br \/>\nPil markas\u0131\uff1a\u00c7in<br \/>\nVoltaj \uff1a 12V<br \/>\nKapasite \uff1a 2300mAh<br \/>\nA\u011f\u0131rl\u0131k\uff1a740g<\/p>","protected":false},"featured_media":2291,"template":"","meta":[],"product_cat":[40],"product_tag":[],"_links":{"self":[{"href":"https:\/\/thepcba.com\/tr\/wp-json\/wp\/v2\/product\/2236"}],"collection":[{"href":"https:\/\/thepcba.com\/tr\/wp-json\/wp\/v2\/product"}],"about":[{"href":"https:\/\/thepcba.com\/tr\/wp-json\/wp\/v2\/types\/product"}],"wp:featuredmedia":[{"embeddable":true,"href":"https:\/\/thepcba.com\/tr\/wp-json\/wp\/v2\/media\/2291"}],"wp:attachment":[{"href":"https:\/\/thepcba.com\/tr\/wp-json\/wp\/v2\/media?parent=2236"}],"wp:term":[{"taxonomy":"product_cat","embeddable":true,"href":"https:\/\/thepcba.com\/tr\/wp-json\/wp\/v2\/product_cat?post=2236"},{"taxonomy":"product_tag","embeddable":true,"href":"https:\/\/thepcba.com\/tr\/wp-json\/wp\/v2\/product_tag?post=2236"}],"curies":[{"name":"wp","href":"https:\/\/api.w.org\/{rel}","templated":true}]}}