{"id":2235,"date":"2024-10-24T09:30:05","date_gmt":"2024-10-24T09:30:05","guid":{"rendered":"https:\/\/thepcba.com\/manufacturer\/million-ml700\/"},"modified":"2024-10-25T03:31:56","modified_gmt":"2024-10-25T03:31:56","slug":"million-ml700","status":"publish","type":"product","link":"https:\/\/thepcba.com\/tr\/manufacturer\/million-ml700\/","title":{"rendered":"milyon ML700"},"content":{"rendered":"","protected":false},"excerpt":{"rendered":"<p>Renk:mavi<br \/>\nTip \uff1a Li-Polimer<br \/>\nPil markas\u0131\uff1a\u00c7in<br \/>\nVoltaj \uff1a 14,8V<br \/>\nKapasite \uff1a 2850mAh<br \/>\nA\u011f\u0131rl\u0131k\uff1a227g<br \/>\nSize\uff1a68.24*73.26*20.53mm<\/p>","protected":false},"featured_media":2287,"template":"","meta":[],"product_cat":[40],"product_tag":[],"_links":{"self":[{"href":"https:\/\/thepcba.com\/tr\/wp-json\/wp\/v2\/product\/2235"}],"collection":[{"href":"https:\/\/thepcba.com\/tr\/wp-json\/wp\/v2\/product"}],"about":[{"href":"https:\/\/thepcba.com\/tr\/wp-json\/wp\/v2\/types\/product"}],"wp:featuredmedia":[{"embeddable":true,"href":"https:\/\/thepcba.com\/tr\/wp-json\/wp\/v2\/media\/2287"}],"wp:attachment":[{"href":"https:\/\/thepcba.com\/tr\/wp-json\/wp\/v2\/media?parent=2235"}],"wp:term":[{"taxonomy":"product_cat","embeddable":true,"href":"https:\/\/thepcba.com\/tr\/wp-json\/wp\/v2\/product_cat?post=2235"},{"taxonomy":"product_tag","embeddable":true,"href":"https:\/\/thepcba.com\/tr\/wp-json\/wp\/v2\/product_tag?post=2235"}],"curies":[{"name":"wp","href":"https:\/\/api.w.org\/{rel}","templated":true}]}}