{"id":2234,"date":"2024-10-24T09:30:04","date_gmt":"2024-10-24T09:30:04","guid":{"rendered":"https:\/\/thepcba.com\/manufacturer\/mindray-t5\/"},"modified":"2024-10-25T03:27:36","modified_gmt":"2024-10-25T03:27:36","slug":"mindray-t5","status":"publish","type":"product","link":"https:\/\/thepcba.com\/tr\/manufacturer\/mindray-t5\/","title":{"rendered":"MINDRAY T5"},"content":{"rendered":"","protected":false},"excerpt":{"rendered":"<p>Renk:siyah<br \/>\nTip\uff1aLI-ION<br \/>\nPil markas\u0131\uff1aSamsung<br \/>\nVoltaj \uff1a 11,1V<br \/>\nKapasite \uff1a 4500mAh<br \/>\nA\u011f\u0131rl\u0131k\uff1a330g<br \/>\nBoyut\uff1a148*60*23mm<\/p>","protected":false},"featured_media":2282,"template":"","meta":[],"product_cat":[40],"product_tag":[],"_links":{"self":[{"href":"https:\/\/thepcba.com\/tr\/wp-json\/wp\/v2\/product\/2234"}],"collection":[{"href":"https:\/\/thepcba.com\/tr\/wp-json\/wp\/v2\/product"}],"about":[{"href":"https:\/\/thepcba.com\/tr\/wp-json\/wp\/v2\/types\/product"}],"wp:featuredmedia":[{"embeddable":true,"href":"https:\/\/thepcba.com\/tr\/wp-json\/wp\/v2\/media\/2282"}],"wp:attachment":[{"href":"https:\/\/thepcba.com\/tr\/wp-json\/wp\/v2\/media?parent=2234"}],"wp:term":[{"taxonomy":"product_cat","embeddable":true,"href":"https:\/\/thepcba.com\/tr\/wp-json\/wp\/v2\/product_cat?post=2234"},{"taxonomy":"product_tag","embeddable":true,"href":"https:\/\/thepcba.com\/tr\/wp-json\/wp\/v2\/product_tag?post=2234"}],"curies":[{"name":"wp","href":"https:\/\/api.w.org\/{rel}","templated":true}]}}