{"id":2233,"date":"2024-10-24T09:30:04","date_gmt":"2024-10-24T09:30:04","guid":{"rendered":"https:\/\/thepcba.com\/manufacturer\/kd880\/"},"modified":"2024-10-25T03:24:54","modified_gmt":"2024-10-25T03:24:54","slug":"kd880","status":"publish","type":"product","link":"https:\/\/thepcba.com\/tr\/manufacturer\/kd880\/","title":{"rendered":"KD880"},"content":{"rendered":"","protected":false},"excerpt":{"rendered":"<p>Renk:mavi<br \/>\nTip\uff1aLI-ION<br \/>\nPil markas\u0131\uff1a\u00c7in<br \/>\nVoltaj \uff1a 7,4V<br \/>\nKapasite \uff1a 3200mAh<br \/>\nA\u011f\u0131rl\u0131k\uff1a144g<br \/>\nSize\uff1a67.95*50.57*20.06mm<\/p>","protected":false},"featured_media":2278,"template":"","meta":[],"product_cat":[40],"product_tag":[],"_links":{"self":[{"href":"https:\/\/thepcba.com\/tr\/wp-json\/wp\/v2\/product\/2233"}],"collection":[{"href":"https:\/\/thepcba.com\/tr\/wp-json\/wp\/v2\/product"}],"about":[{"href":"https:\/\/thepcba.com\/tr\/wp-json\/wp\/v2\/types\/product"}],"wp:featuredmedia":[{"embeddable":true,"href":"https:\/\/thepcba.com\/tr\/wp-json\/wp\/v2\/media\/2278"}],"wp:attachment":[{"href":"https:\/\/thepcba.com\/tr\/wp-json\/wp\/v2\/media?parent=2233"}],"wp:term":[{"taxonomy":"product_cat","embeddable":true,"href":"https:\/\/thepcba.com\/tr\/wp-json\/wp\/v2\/product_cat?post=2233"},{"taxonomy":"product_tag","embeddable":true,"href":"https:\/\/thepcba.com\/tr\/wp-json\/wp\/v2\/product_tag?post=2233"}],"curies":[{"name":"wp","href":"https:\/\/api.w.org\/{rel}","templated":true}]}}