{"id":2230,"date":"2024-10-24T09:30:02","date_gmt":"2024-10-24T09:30:02","guid":{"rendered":"https:\/\/thepcba.com\/manufacturer\/fukuda-fx-2155\/"},"modified":"2024-10-25T03:13:21","modified_gmt":"2024-10-25T03:13:21","slug":"fukuda-fx-2155","status":"publish","type":"product","link":"https:\/\/thepcba.com\/tr\/manufacturer\/fukuda-fx-2155\/","title":{"rendered":"Fukuda FX-2155"},"content":{"rendered":"","protected":false},"excerpt":{"rendered":"<p>Renk:ye\u015fil<br \/>\nTip\uff1aNI-MH<br \/>\nPil markas\u0131\uff1a\u00c7in<br \/>\nVoltaj \uff1a 9,6V<br \/>\nKapasite \uff1a 2000mAh<br \/>\nA\u011f\u0131rl\u0131k \uff1a 235g<br \/>\nBoyut\uff1a118*15*52mm<\/p>","protected":false},"featured_media":2265,"template":"","meta":[],"product_cat":[40],"product_tag":[],"_links":{"self":[{"href":"https:\/\/thepcba.com\/tr\/wp-json\/wp\/v2\/product\/2230"}],"collection":[{"href":"https:\/\/thepcba.com\/tr\/wp-json\/wp\/v2\/product"}],"about":[{"href":"https:\/\/thepcba.com\/tr\/wp-json\/wp\/v2\/types\/product"}],"wp:featuredmedia":[{"embeddable":true,"href":"https:\/\/thepcba.com\/tr\/wp-json\/wp\/v2\/media\/2265"}],"wp:attachment":[{"href":"https:\/\/thepcba.com\/tr\/wp-json\/wp\/v2\/media?parent=2230"}],"wp:term":[{"taxonomy":"product_cat","embeddable":true,"href":"https:\/\/thepcba.com\/tr\/wp-json\/wp\/v2\/product_cat?post=2230"},{"taxonomy":"product_tag","embeddable":true,"href":"https:\/\/thepcba.com\/tr\/wp-json\/wp\/v2\/product_tag?post=2230"}],"curies":[{"name":"wp","href":"https:\/\/api.w.org\/{rel}","templated":true}]}}