{"id":2227,"date":"2024-10-24T09:30:00","date_gmt":"2024-10-24T09:30:00","guid":{"rendered":"https:\/\/thepcba.com\/manufacturer\/bys-820\/"},"modified":"2024-10-24T09:40:53","modified_gmt":"2024-10-24T09:40:53","slug":"bys-820","status":"publish","type":"product","link":"https:\/\/thepcba.com\/tr\/manufacturer\/bys-820\/","title":{"rendered":"BYS-820"},"content":{"rendered":"","protected":false},"excerpt":{"rendered":"<p>Renk \uff1amavi<br \/>\nTip \uff1a Li-PolimerN<br \/>\nPil markas\u0131: \u00c7in<br \/>\nGerilim \uff1a 11,1 V<br \/>\nKapasite \uff1a 1600 mAh<br \/>\nA\u011f\u0131rl\u0131k \uff1a113 g<br \/>\nBoyut \uff1a 52*34*35mm<\/p>","protected":false},"featured_media":2246,"template":"","meta":[],"product_cat":[40],"product_tag":[],"_links":{"self":[{"href":"https:\/\/thepcba.com\/tr\/wp-json\/wp\/v2\/product\/2227"}],"collection":[{"href":"https:\/\/thepcba.com\/tr\/wp-json\/wp\/v2\/product"}],"about":[{"href":"https:\/\/thepcba.com\/tr\/wp-json\/wp\/v2\/types\/product"}],"wp:featuredmedia":[{"embeddable":true,"href":"https:\/\/thepcba.com\/tr\/wp-json\/wp\/v2\/media\/2246"}],"wp:attachment":[{"href":"https:\/\/thepcba.com\/tr\/wp-json\/wp\/v2\/media?parent=2227"}],"wp:term":[{"taxonomy":"product_cat","embeddable":true,"href":"https:\/\/thepcba.com\/tr\/wp-json\/wp\/v2\/product_cat?post=2227"},{"taxonomy":"product_tag","embeddable":true,"href":"https:\/\/thepcba.com\/tr\/wp-json\/wp\/v2\/product_tag?post=2227"}],"curies":[{"name":"wp","href":"https:\/\/api.w.org\/{rel}","templated":true}]}}