{"id":2226,"date":"2024-10-24T09:30:00","date_gmt":"2024-10-24T09:30:00","guid":{"rendered":"https:\/\/thepcba.com\/manufacturer\/light-testercma4000i\/"},"modified":"2024-10-25T02:39:19","modified_gmt":"2024-10-25T02:39:19","slug":"light-testercma4000i","status":"publish","type":"product","link":"https:\/\/thepcba.com\/tr\/manufacturer\/light-testercma4000i\/","title":{"rendered":"I\u015f\u0131k test cihaz\u0131 CMA4000i"},"content":{"rendered":"","protected":false},"excerpt":{"rendered":"<p>Renk:siyah<br \/>\nTip\uff1aKur\u015fun-asit<br \/>\nPil markas\u0131\uff1a\u00c7in<br \/>\nVoltaj \uff1a 12V<br \/>\nKapasite \uff1a 2300mAh<br \/>\nA\u011f\u0131rl\u0131k\uff1a750g<br \/>\nBoyut\uff1a180*60*22mm<\/p>","protected":false},"featured_media":2251,"template":"","meta":[],"product_cat":[40],"product_tag":[],"_links":{"self":[{"href":"https:\/\/thepcba.com\/tr\/wp-json\/wp\/v2\/product\/2226"}],"collection":[{"href":"https:\/\/thepcba.com\/tr\/wp-json\/wp\/v2\/product"}],"about":[{"href":"https:\/\/thepcba.com\/tr\/wp-json\/wp\/v2\/types\/product"}],"wp:featuredmedia":[{"embeddable":true,"href":"https:\/\/thepcba.com\/tr\/wp-json\/wp\/v2\/media\/2251"}],"wp:attachment":[{"href":"https:\/\/thepcba.com\/tr\/wp-json\/wp\/v2\/media?parent=2226"}],"wp:term":[{"taxonomy":"product_cat","embeddable":true,"href":"https:\/\/thepcba.com\/tr\/wp-json\/wp\/v2\/product_cat?post=2226"},{"taxonomy":"product_tag","embeddable":true,"href":"https:\/\/thepcba.com\/tr\/wp-json\/wp\/v2\/product_tag?post=2226"}],"curies":[{"name":"wp","href":"https:\/\/api.w.org\/{rel}","templated":true}]}}