{"id":2164,"date":"2024-10-07T02:52:11","date_gmt":"2024-10-07T02:52:11","guid":{"rendered":"https:\/\/thepcba.com\/?post_type=product&#038;p=2164"},"modified":"2024-10-07T03:01:47","modified_gmt":"2024-10-07T03:01:47","slug":"data-transfer-cable","status":"publish","type":"product","link":"https:\/\/thepcba.com\/tr\/manufacturer\/data-transfer-cable\/","title":{"rendered":"Veri aktar\u0131m kablosu"},"content":{"rendered":"<h2>\u00d6zelle\u015ftirilebilir Veri Aktar\u0131m Kablosu: Ba\u011flanabilirli\u011finizi \u00d6zelle\u015ftirin<\/h2>\n<div class=\"auto-hide-last-sibling-br paragraph-u1TS5p paragraph-element br-paragraph-space\">Veri aktar\u0131m kablosu, t\u00fcm veri aktar\u0131m ihtiya\u00e7lar\u0131n\u0131z i\u00e7in sahip olunmas\u0131 gereken bir aksesuard\u0131r. Hassasiyet ve dayan\u0131kl\u0131l\u0131k g\u00f6z \u00f6n\u00fcnde bulundurularak \u00fcretilen bu kablo, \u00e7e\u015fitli cihazlar aras\u0131nda sorunsuz ve verimli veri aktar\u0131m\u0131 sunar.<\/div>\n<div><\/div>\n<div class=\"auto-hide-last-sibling-br paragraph-u1TS5p paragraph-element br-paragraph-space\">Kablomuzu di\u011ferlerinden ay\u0131ran \u00f6zelli\u011fi \u00f6zelle\u015ftirilebilir olmas\u0131d\u0131r. Her kullan\u0131c\u0131n\u0131n benzersiz gereksinimleri oldu\u011funu biliyoruz ve bu nedenle kablonuzu \u00f6zelle\u015ftirme se\u00e7ene\u011fi sunuyoruz. \u0130ster belirli bir uzunlu\u011fa, ister belirli bir renge veya benzersiz bir konekt\u00f6r tasar\u0131m\u0131na ihtiyac\u0131n\u0131z olsun, bunu ger\u00e7ekle\u015ftirebiliriz.<\/div>\n<div><\/div>\n<div class=\"auto-hide-last-sibling-br paragraph-u1TS5p paragraph-element br-paragraph-space\">Uzman ekibimiz, \u00f6zel veri aktar\u0131m kablonuzun en y\u00fcksek kalite ve performans standartlar\u0131n\u0131 kar\u015f\u0131lamas\u0131n\u0131 sa\u011flamaya kendini adam\u0131\u015ft\u0131r. Dayan\u0131kl\u0131l\u0131k ve g\u00fcvenilir veri aktar\u0131m\u0131 sa\u011flamak i\u00e7in yaln\u0131zca en iyi malzemeleri kullan\u0131yoruz.<\/div>\n<div><\/div>\n<div class=\"auto-hide-last-sibling-br paragraph-u1TS5p paragraph-element br-paragraph-space\">\u00d6zelle\u015ftirilebilir veri aktar\u0131m kablomuzla ba\u011flant\u0131 deneyiminizi ki\u015fiselle\u015ftirebilir ve tamamen size \u00f6zel hale getirebilirsiniz. \u0130ster ki\u015fisel ister profesyonel kullan\u0131m i\u00e7in olsun, bu kablo t\u00fcm veri aktar\u0131m ihtiya\u00e7lar\u0131n\u0131z i\u00e7in m\u00fckemmel bir \u00e7\u00f6z\u00fcmd\u00fcr. \u00d6zel bir veri aktar\u0131m kablosuyla ba\u011flant\u0131n\u0131z\u0131 bug\u00fcn y\u00fckseltin.<\/div>","protected":false},"excerpt":{"rendered":"<h3 class=\"text-4 text-info mb-200\">Anahtar \u00d6zellikler<\/h3>\n<ul>\n<li>Kablo Uzunlu\u011fu: <span style=\"color: #333333; font-size: 14.4px;\">4 feet veya \u00f6zel<\/span><\/li>\n<li><span style=\"color: #333333; font-size: 14.4px;\">Konekt\u00f6r Tipi (U\u00e7 1): <\/span><span style=\"color: #333333; font-size: 14.4px;\">T\u0130P-C <\/span><\/li>\n<li><span style=\"color: #333333; font-size: 14.4px;\">Konekt\u00f6r Tipi (U\u00e7 2): <\/span><span style=\"color: #333333; font-size: 14.4px;\">USB-C veya TYPE-C<\/span><\/li>\n<li><span style=\"color: #333333; font-size: 14.4px;\">Maksimum Veri Aktar\u0131m H\u0131z\u0131<\/span><span style=\"color: #333333; font-size: 14.4px;\">: Saniyede 480 megabit<\/span><\/li>\n<li><span style=\"color: #333333; font-size: 14.4px;\">Malzeme: <\/span><span style=\"color: #333333; font-size: 14.4px;\">PVC<\/span><\/li>\n<li>Renk: Siyah, beyaz veya \u00f6zel<\/li>\n<\/ul>\n<div class=\"zebra-row flex p-200 justify-content-between body-copy-lg\"><\/div>","protected":false},"featured_media":2166,"template":"","meta":[],"product_cat":[39],"product_tag":[],"_links":{"self":[{"href":"https:\/\/thepcba.com\/tr\/wp-json\/wp\/v2\/product\/2164"}],"collection":[{"href":"https:\/\/thepcba.com\/tr\/wp-json\/wp\/v2\/product"}],"about":[{"href":"https:\/\/thepcba.com\/tr\/wp-json\/wp\/v2\/types\/product"}],"wp:featuredmedia":[{"embeddable":true,"href":"https:\/\/thepcba.com\/tr\/wp-json\/wp\/v2\/media\/2166"}],"wp:attachment":[{"href":"https:\/\/thepcba.com\/tr\/wp-json\/wp\/v2\/media?parent=2164"}],"wp:term":[{"taxonomy":"product_cat","embeddable":true,"href":"https:\/\/thepcba.com\/tr\/wp-json\/wp\/v2\/product_cat?post=2164"},{"taxonomy":"product_tag","embeddable":true,"href":"https:\/\/thepcba.com\/tr\/wp-json\/wp\/v2\/product_tag?post=2164"}],"curies":[{"name":"wp","href":"https:\/\/api.w.org\/{rel}","templated":true}]}}