{"id":1700,"date":"2024-07-16T08:29:25","date_gmt":"2024-07-16T08:29:25","guid":{"rendered":"https:\/\/thepcba.com\/?post_type=product&#038;p=1700"},"modified":"2024-07-16T08:30:13","modified_gmt":"2024-07-16T08:30:13","slug":"custom-metal-enclosures","status":"publish","type":"product","link":"https:\/\/thepcba.com\/tr\/manufacturer\/custom-metal-enclosures\/","title":{"rendered":"\u00d6zel Metal Muhafazalar"},"content":{"rendered":"<p data-sourcepos=\"3:1-3:306\">\u0130novasyonun h\u00fck\u00fcm s\u00fcrd\u00fc\u011f\u00fc elektronik d\u00fcnyas\u0131nda standart \u00e7\u00f6z\u00fcmler genellikle yetersiz kal\u0131r. \u0130\u015fte bu noktada, benzersiz elektronik kreasyonlar\u0131n\u0131z i\u00e7in m\u00fckemmel uyumu sunan \u00f6zel metal muhafazalar devreye girer. Al\u00fcminyum veya paslanmaz \u00e7elik gibi sa\u011flam malzemelerden titizlikle \u00fcretilen bu muhafazalar, tam spesifikasyonlar\u0131n\u0131za g\u00f6re tasarlan\u0131r ve \u00fcretilir.<\/p>\n<h4 data-sourcepos=\"5:1-5:91\"><strong>Bunlar\u0131 elektronikleriniz i\u00e7in \u0131smarlama bir tak\u0131m olarak d\u00fc\u015f\u00fcn\u00fcn ve bir dizi avantaj sa\u011flay\u0131n:<\/strong><\/h4>\n<ul data-sourcepos=\"7:1-7:13\">\n<li data-sourcepos=\"7:1-7:13\"><strong>E\u015fsiz Hassasiyet:<\/strong> Elektronik bile\u015fenlerinizin sorunsuz entegrasyonunu sa\u011flayarak m\u00fckemmel boyutlar ve konfig\u00fcrasyonlar elde edin.<\/li>\n<li data-sourcepos=\"8:1-8:102\"><strong>Geli\u015ftirilmi\u015f \u0130\u015flevsellik:<\/strong> Performans\u0131 optimize etmek i\u00e7in havaland\u0131rma yuvalar\u0131, kesikler ve entegre montaj noktalar\u0131 gibi tasar\u0131m \u00f6zellikleri.<\/li>\n<li data-sourcepos=\"9:1-9:128\"><strong>Benzersiz Koruma:<\/strong> Hassas elektronik cihazlar\u0131n\u0131z\u0131 fiziksel darbelere, toza, neme ve EMI parazitlerine kar\u015f\u0131 koruyun.<\/li>\n<li data-sourcepos=\"10:1-11:0\"><strong>Profesyonel Estetik:<\/strong> Elektronik cihazlar\u0131n\u0131z\u0131 tamamlayan \u015f\u0131k, \u00f6zel tasar\u0131ml\u0131 bir muhafaza ile marka kimli\u011finizi ifade edin.<\/li>\n<\/ul>\n<h4 data-sourcepos=\"12:1-12:111\"><strong>\u00d6zel metal muhafazalar, yaln\u0131zca hayal g\u00fcc\u00fcn\u00fczle s\u0131n\u0131rl\u0131 olan \u00e7ok \u00e7e\u015fitli elektronik uygulamalara hitap eder:<\/strong><\/h4>\n<ul data-sourcepos=\"14:1-14:123\">\n<li data-sourcepos=\"14:1-14:123\"><strong>Prototip Olu\u015fturma ve Geli\u015ftirme:<\/strong> Prototipleriniz i\u00e7in i\u015flevsel muhafazalar olu\u015fturarak geli\u015ftirme s\u00fcrecini h\u0131zland\u0131r\u0131n.<\/li>\n<li data-sourcepos=\"15:1-15:117\"><strong>End\u00fcstriyel Otomasyon:<\/strong> Fabrikalardaki kontrol panelleri, sens\u00f6rler ve di\u011fer ekipmanlar i\u00e7in \u00f6zel muhafazalar tasarlay\u0131n.<\/li>\n<li data-sourcepos=\"16:1-16:106\"><strong>T\u0131bbi Cihazlar:<\/strong> G\u00fcvenlik ve hijyen i\u00e7in kat\u0131 t\u0131bbi standartlar\u0131 kar\u015f\u0131layan muhafazalar imal edin.<\/li>\n<li data-sourcepos=\"17:1-17:114\"><strong>Telekom\u00fcnikasyon:<\/strong> A\u011f ekipmanlar\u0131 i\u00e7in \u00f6zel muhafazalar geli\u015ftirerek g\u00fcvenilir sinyal iletimi sa\u011flay\u0131n.<\/li>\n<li data-sourcepos=\"18:1-19:0\"><strong>T\u00fcketici Elektroni\u011fi:<\/strong> Yenilik\u00e7i elektronik \u00fcr\u00fcnleriniz i\u00e7in benzersiz muhafazalar \u00fcreterek markan\u0131z\u0131 di\u011ferlerinden ay\u0131r\u0131n.<\/li>\n<\/ul>\n<h4 data-sourcepos=\"20:1-20:70\"><strong>\u00d6zel bir metal muhafaza olu\u015fturma s\u00fcreci i\u015fbirli\u011fine dayal\u0131d\u0131r:<\/strong><\/h4>\n<ul data-sourcepos=\"22:1-26:0\">\n<li data-sourcepos=\"22:1-22:102\"><strong>\u0130htiya\u00e7lar\u0131n\u0131z\u0131 tart\u0131\u015f\u0131n:<\/strong> Vizyonunuzu ve i\u015flevsellik gereksinimlerinizi deneyimli m\u00fchendislerle payla\u015f\u0131n.<\/li>\n<li data-sourcepos=\"23:1-23:105\"><strong>Tasar\u0131m\u0131 birlikte olu\u015fturun:<\/strong> Fikirlerinizi ayr\u0131nt\u0131l\u0131 teknik \u00e7izimlere d\u00f6n\u00fc\u015ft\u00fcrmek i\u00e7in tasar\u0131mc\u0131larla birlikte \u00e7al\u0131\u015f\u0131n.<\/li>\n<li data-sourcepos=\"24:1-24:112\"><strong>Prototip olu\u015fturun ve iyile\u015ftirin:<\/strong> Seri \u00fcretimden \u00f6nce kusursuz bi\u00e7im ve i\u015flev sa\u011flamak i\u00e7in muhafazan\u0131n prototipini olu\u015fturun.<\/li>\n<li data-sourcepos=\"25:1-26:0\"><strong>Y\u00fcksek kaliteli \u00fcretim:<\/strong> \u00dcst\u00fcn bir bitmi\u015f \u00fcr\u00fcn i\u00e7in geli\u015fmi\u015f metal imalat tekniklerinden yararlan\u0131n.<\/li>\n<\/ul>","protected":false},"excerpt":{"rendered":"<p>\u00d6zel metal muhafazalara yat\u0131r\u0131m yaparak sadece elektronik cihazlar\u0131n\u0131z\u0131 korumakla kalmaz, benzersiz vizyonunuza hayat verirsiniz. Elektronik \u015faheserinizle m\u00fckemmel bir \u015fekilde b\u00fct\u00fcnle\u015fen t\u00fcr\u00fcn\u00fcn tek \u00f6rne\u011fi bir \u00e7\u00f6z\u00fcm yaratm\u0131\u015f olursunuz.<\/p>","protected":false},"featured_media":1701,"template":"","meta":[],"product_cat":[38],"product_tag":[],"_links":{"self":[{"href":"https:\/\/thepcba.com\/tr\/wp-json\/wp\/v2\/product\/1700"}],"collection":[{"href":"https:\/\/thepcba.com\/tr\/wp-json\/wp\/v2\/product"}],"about":[{"href":"https:\/\/thepcba.com\/tr\/wp-json\/wp\/v2\/types\/product"}],"wp:featuredmedia":[{"embeddable":true,"href":"https:\/\/thepcba.com\/tr\/wp-json\/wp\/v2\/media\/1701"}],"wp:attachment":[{"href":"https:\/\/thepcba.com\/tr\/wp-json\/wp\/v2\/media?parent=1700"}],"wp:term":[{"taxonomy":"product_cat","embeddable":true,"href":"https:\/\/thepcba.com\/tr\/wp-json\/wp\/v2\/product_cat?post=1700"},{"taxonomy":"product_tag","embeddable":true,"href":"https:\/\/thepcba.com\/tr\/wp-json\/wp\/v2\/product_tag?post=1700"}],"curies":[{"name":"wp","href":"https:\/\/api.w.org\/{rel}","templated":true}]}}