{"id":1697,"date":"2024-07-16T08:22:03","date_gmt":"2024-07-16T08:22:03","guid":{"rendered":"https:\/\/thepcba.com\/?post_type=product&#038;p=1697"},"modified":"2024-07-16T08:22:10","modified_gmt":"2024-07-16T08:22:10","slug":"metal-enclosures-for-electronics","status":"publish","type":"product","link":"https:\/\/thepcba.com\/tr\/manufacturer\/metal-enclosures-for-electronics\/","title":{"rendered":"Elektronik i\u00e7in Metal Muhafazalar"},"content":{"rendered":"<p data-sourcepos=\"3:1-3:264\">Elektroni\u011fin dinamik d\u00fcnyas\u0131nda, hayati bile\u015fenlerinizi korumak \u00e7ok \u00f6nemlidir. Al\u00fcminyum veya paslanmaz \u00e7elik gibi sa\u011flam malzemelerden \u00fcretilen metal muhafazalar, elektronik cihazlar\u0131n\u0131z\u0131n koruyucular\u0131 olarak g\u00f6rev yapar, sorunsuz \u00e7al\u0131\u015fmalar\u0131n\u0131 ve uzun \u00f6m\u00fcrl\u00fc olmalar\u0131n\u0131 sa\u011flar.<\/p>\n<h4 data-sourcepos=\"5:1-5:70\"><strong>Onlar\u0131 \u00e7ok say\u0131da fayda sunan bir z\u0131rh olarak hayal edin:<\/strong><\/h4>\n<ul data-sourcepos=\"7:1-9:35\">\n<li data-sourcepos=\"7:1-7:128\"><strong>Dayan\u0131kl\u0131l\u0131k:<\/strong> Fiziksel darbelere, toza, neme ve korozyona kar\u015f\u0131 dayan\u0131kl\u0131d\u0131r ve zorlu ortamlarda elektronik cihazlar\u0131n\u0131z\u0131 korur.<\/li>\n<li data-sourcepos=\"8:1-8:138\"><strong>Elektromanyetik Parazit (EMI) Korumas\u0131:<\/strong> Cihazlar\u0131n\u0131z\u0131n \u00e7al\u0131\u015fmas\u0131n\u0131 bozabilecek istenmeyen elektromanyetik sinyalleri engelleyin.<\/li>\n<li data-sourcepos=\"9:1-9:35\"><strong>Is\u0131 Da\u011f\u0131l\u0131m\u0131:<\/strong> Elektronik bile\u015fenler taraf\u0131ndan \u00fcretilen \u0131s\u0131y\u0131 verimli bir \u015fekilde y\u00f6neterek a\u015f\u0131r\u0131 \u0131s\u0131nmay\u0131 ve ar\u0131zalar\u0131 \u00f6nler.<\/li>\n<li data-sourcepos=\"10:1-11:0\"><strong>Profesyonel G\u00f6r\u00fcn\u00fcm:<\/strong> Projelerinizin esteti\u011fini \u015f\u0131k ve profesyonel bir g\u00f6r\u00fcn\u00fcmle geli\u015ftirin.<\/li>\n<\/ul>\n<h4 data-sourcepos=\"12:1-12:161\"><strong>Metal muhafazalar, \u00f6zel ihtiya\u00e7lar\u0131n\u0131z\u0131 kar\u015f\u0131lamak i\u00e7in \u00e7ok \u00e7e\u015fitli \u015fekil, boyut ve konfig\u00fcrasyonlarda gelir. \u0130\u015fte \u00e7e\u015fitli uygulamalar\u0131na bir bak\u0131\u015f:<\/strong><\/h4>\n<ul data-sourcepos=\"14:1-16:129\">\n<li data-sourcepos=\"14:1-14:121\"><strong>End\u00fcstriyel Otomasyon:<\/strong> Fabrika zeminlerinde ve \u00fcretim hatlar\u0131nda kontrol panellerini, sens\u00f6rleri ve di\u011fer ekipmanlar\u0131 bar\u0131nd\u0131r\u0131r.<\/li>\n<li data-sourcepos=\"15:1-15:114\"><strong>T\u00fcketici Elektroni\u011fi:<\/strong> Televizyonlar, oyun konsollar\u0131 ve ses ekipmanlar\u0131ndaki hassas bile\u015fenleri korur.<\/li>\n<li data-sourcepos=\"16:1-16:129\"><strong>Telekom\u00fcnikasyon:<\/strong> G\u00fcvenilir sinyal iletimi i\u00e7in a\u011f y\u00f6nlendiricilerini, anahtarlar\u0131 ve di\u011fer ileti\u015fim cihazlar\u0131n\u0131 koruma.<\/li>\n<li data-sourcepos=\"17:1-17:118\"><strong>T\u0131bbi Ekipman:<\/strong> Hastane ve kliniklerde kullan\u0131lan t\u0131bbi aletler i\u00e7in g\u00fcvenli ve temiz bir ortam sa\u011flamak.<\/li>\n<li data-sourcepos=\"18:1-19:0\"><strong>Bilimsel Ara\u015ft\u0131rma:<\/strong> Laboratuvarlarda ve ara\u015ft\u0131rma tesislerinde kullan\u0131lan de\u011ferli aletlerin korunmas\u0131.<\/li>\n<\/ul>\n<h4 data-sourcepos=\"20:1-20:89\"><strong>Do\u011fru metal muhafazan\u0131n se\u00e7ilmesi, \u00e7e\u015fitli fakt\u00f6rlerin dikkatle de\u011ferlendirilmesini gerektirir:<\/strong><\/h4>\n<ul data-sourcepos=\"22:1-27:0\">\n<li data-sourcepos=\"22:1-22:123\"><strong>Malzeme:<\/strong> A\u011f\u0131rl\u0131k ve g\u00fc\u00e7 dengesi i\u00e7in al\u00fcminyum veya \u00fcst\u00fcn korozyon direnci i\u00e7in paslanmaz \u00e7elik se\u00e7in.<\/li>\n<li data-sourcepos=\"23:1-23:135\"><strong>Boyut ve \u015eekil:<\/strong> Muhafazan\u0131n bile\u015fenlerinizi rahat\u00e7a bar\u0131nd\u0131rd\u0131\u011f\u0131ndan ve uygun havaland\u0131rma ve kablo eri\u015fimine izin verdi\u011finden emin olun.<\/li>\n<li data-sourcepos=\"24:1-24:145\"><strong>IP Derecesi:<\/strong> Ortam\u0131n\u0131zdaki toz ve suya maruz kalmaya dayanmas\u0131 i\u00e7in uygun IP (Giri\u015f Korumas\u0131) derecesine sahip bir muhafaza se\u00e7in.<\/li>\n<li data-sourcepos=\"25:1-25:123\"><strong>Montaj Se\u00e7enekleri:<\/strong> Alan kullan\u0131m\u0131n\u0131 optimize etmek i\u00e7in muhafazay\u0131 nas\u0131l monte edece\u011finizi (duvara montaj, masa\u00fcst\u00fc, rafa montaj) d\u00fc\u015f\u00fcn\u00fcn.<\/li>\n<li data-sourcepos=\"26:1-27:0\"><strong>\u00d6zelle\u015ftirme:<\/strong> Projenizin gereksinimlerine m\u00fckemmel \u015fekilde uymas\u0131 i\u00e7in \u00f6nceden modifiye edilmi\u015f veya tamamen \u00f6zelle\u015ftirilebilir muhafazalar\u0131 ke\u015ffedin.<\/li>\n<\/ul>","protected":false},"excerpt":{"rendered":"<p>Y\u00fcksek kaliteli bir metal muhafazaya yat\u0131r\u0131m yaparak sadece elektronik cihazlar\u0131n\u0131z\u0131 korumakla kalmaz, ayn\u0131 zamanda g\u00fcvenilir, verimli ve profesyonel bir elektronik sistemin temelini atm\u0131\u015f olursunuz.<\/p>","protected":false},"featured_media":1698,"template":"","meta":[],"product_cat":[38],"product_tag":[],"_links":{"self":[{"href":"https:\/\/thepcba.com\/tr\/wp-json\/wp\/v2\/product\/1697"}],"collection":[{"href":"https:\/\/thepcba.com\/tr\/wp-json\/wp\/v2\/product"}],"about":[{"href":"https:\/\/thepcba.com\/tr\/wp-json\/wp\/v2\/types\/product"}],"wp:featuredmedia":[{"embeddable":true,"href":"https:\/\/thepcba.com\/tr\/wp-json\/wp\/v2\/media\/1698"}],"wp:attachment":[{"href":"https:\/\/thepcba.com\/tr\/wp-json\/wp\/v2\/media?parent=1697"}],"wp:term":[{"taxonomy":"product_cat","embeddable":true,"href":"https:\/\/thepcba.com\/tr\/wp-json\/wp\/v2\/product_cat?post=1697"},{"taxonomy":"product_tag","embeddable":true,"href":"https:\/\/thepcba.com\/tr\/wp-json\/wp\/v2\/product_tag?post=1697"}],"curies":[{"name":"wp","href":"https:\/\/api.w.org\/{rel}","templated":true}]}}