{"id":1689,"date":"2024-07-16T08:07:52","date_gmt":"2024-07-16T08:07:52","guid":{"rendered":"https:\/\/thepcba.com\/?post_type=product&#038;p=1689"},"modified":"2024-07-16T08:09:51","modified_gmt":"2024-07-16T08:09:51","slug":"instrument-enclosure","status":"publish","type":"product","link":"https:\/\/thepcba.com\/tr\/manufacturer\/instrument-enclosure\/","title":{"rendered":"Enstr\u00fcman Muhafazas\u0131"},"content":{"rendered":"<p data-sourcepos=\"3:1-3:244\">Cihaz muhafazas\u0131, bilim ve end\u00fcstri d\u00fcnyas\u0131n\u0131n isimsiz kahraman\u0131d\u0131r. Genellikle al\u00fcminyum veya paslanmaz \u00e7elik gibi sa\u011flam malzemelerden \u00fcretilmi\u015f, de\u011ferli aletlerinizi zarar g\u00f6rmekten korumak i\u00e7in tasarlanm\u0131\u015f koruyucu bir muhafazad\u0131r.<\/p>\n<h4 data-sourcepos=\"5:1-5:79\"><strong>Bunu ekipman\u0131n\u0131z i\u00e7in temel faydalar sunan bir koruma olarak d\u00fc\u015f\u00fcn\u00fcn:<\/strong><\/h4>\n<ul data-sourcepos=\"7:1-9:96\">\n<li data-sourcepos=\"7:1-7:136\"><strong>Dayan\u0131kl\u0131l\u0131k:<\/strong> Fiziksel darbelere, toza ve neme kar\u015f\u0131 dayan\u0131kl\u0131d\u0131r ve cihazlar\u0131n\u0131z\u0131n \u00e7e\u015fitli ortamlarda kusursuz \u00e7al\u0131\u015fmas\u0131n\u0131 sa\u011flar.<\/li>\n<li data-sourcepos=\"8:1-8:127\"><strong>\u00c7evre Koruma:<\/strong> Zorlu ko\u015fullara kar\u015f\u0131 bir bariyer sa\u011flayarak hassas ekipman\u0131n\u0131z\u0131n \u00f6mr\u00fcn\u00fc uzat\u0131r.<\/li>\n<li data-sourcepos=\"9:1-9:96\"><strong>S\u0131cakl\u0131k D\u00fczenlemesi:<\/strong> \u00d6zellikle \u0131s\u0131ya duyarl\u0131 bile\u015fenler olmak \u00fczere cihazlar\u0131n\u0131z i\u00e7in optimum \u00e7al\u0131\u015fma s\u0131cakl\u0131klar\u0131n\u0131n korunmas\u0131na yard\u0131mc\u0131 olur.<\/li>\n<li data-sourcepos=\"10:1-11:0\"><strong>Elektromanyetik Parazit (EMI) Korumas\u0131:<\/strong> Cihazlar\u0131n\u0131z\u0131n \u00e7al\u0131\u015fmas\u0131n\u0131 bozabilecek istenmeyen elektromanyetik sinyalleri engeller.<\/li>\n<\/ul>\n<h4 data-sourcepos=\"12:1-12:149\"><strong>Enstr\u00fcman muhafazalar\u0131, \u00f6zel ihtiya\u00e7lar\u0131n\u0131za uyacak \u015fekilde \u00e7ok \u00e7e\u015fitli \u015fekil, boyut ve konfig\u00fcrasyonlarda gelir. \u0130\u015fte baz\u0131 yayg\u0131n uygulamalar:<\/strong><\/h4>\n<ul data-sourcepos=\"14:1-15:95\">\n<li data-sourcepos=\"14:1-14:116\"><strong>End\u00fcstriyel Otomasyon:<\/strong> Fabrikalarda ve \u00fcretim hatlar\u0131nda kontrol panelleri, sens\u00f6rler ve di\u011fer ekipmanlar\u0131n muhafazas\u0131.<\/li>\n<li data-sourcepos=\"15:1-15:95\"><strong>Laboratuvarlar ve Ara\u015ft\u0131rma Tesisleri:<\/strong> Ara\u015ft\u0131rma ve geli\u015ftirmede kullan\u0131lan hassas bilimsel aletlerin korunmas\u0131.<\/li>\n<li data-sourcepos=\"16:1-16:114\"><strong>T\u0131bbi Ekipman:<\/strong> Hastane ve kliniklerde kullan\u0131lan t\u0131bbi cihazlar i\u00e7in g\u00fcvenli ve temiz bir ortam sa\u011flamak.<\/li>\n<li data-sourcepos=\"17:1-18:0\"><strong>Saha Uygulamalar\u0131:<\/strong> Meteoroloji istasyonlar\u0131 veya \u00e7evresel izleme ekipmanlar\u0131 gibi d\u0131\u015f ortamlarda kullan\u0131lan cihazlar i\u00e7in sa\u011flam koruma sunar.<\/li>\n<\/ul>\n<h4 data-sourcepos=\"19:1-19:94\"><strong>Do\u011fru cihaz muhafazas\u0131n\u0131n se\u00e7ilmesi, \u00e7e\u015fitli fakt\u00f6rlerin dikkatle de\u011ferlendirilmesini gerektirir:<\/strong><\/h4>\n<ul data-sourcepos=\"21:1-25:0\">\n<li data-sourcepos=\"21:1-21:135\"><strong>Boyut ve \u015eekil:<\/strong> Muhafazan\u0131n cihaz\u0131n\u0131z\u0131 rahat\u00e7a bar\u0131nd\u0131rd\u0131\u011f\u0131ndan ve uygun havaland\u0131rma ve kablo eri\u015fimine izin verdi\u011finden emin olun.<\/li>\n<li data-sourcepos=\"22:1-22:120\"><strong>Malzeme:<\/strong> A\u011f\u0131rl\u0131k tasarrufu i\u00e7in al\u00fcminyum veya \u00fcst\u00fcn korozyon direnci i\u00e7in paslanmaz \u00e7elik gibi bir malzeme se\u00e7in.<\/li>\n<li data-sourcepos=\"23:1-23:154\"><strong>IP Derecesi:<\/strong> \u00d6zel ortam\u0131n\u0131zda toza ve suya maruz kalmaya dayanmas\u0131 i\u00e7in uygun IP (Giri\u015f Korumas\u0131) derecesine sahip bir muhafaza se\u00e7in.<\/li>\n<li data-sourcepos=\"24:1-25:0\"><strong>S\u0131cakl\u0131k Kontrol\u00fc:<\/strong> Is\u0131 yay\u0131l\u0131m\u0131 s\u00f6z konusuysa fanlar veya havaland\u0131rma delikleri gibi so\u011futma \u00f6zelliklerini g\u00f6z \u00f6n\u00fcnde bulundurun.<\/li>\n<\/ul>","protected":false},"excerpt":{"rendered":"<p>Y\u00fcksek kaliteli bir cihaz muhafazas\u0131na yat\u0131r\u0131m yaparak sadece ekipman\u0131n\u0131z\u0131 korumakla kalmaz, ayn\u0131 zamanda verilerinizin b\u00fct\u00fcnl\u00fc\u011f\u00fcn\u00fc ve do\u011frulu\u011funu korur ve kritik s\u00fcre\u00e7lerinizin sorunsuz \u00e7al\u0131\u015fmas\u0131n\u0131 sa\u011flars\u0131n\u0131z.<\/p>","protected":false},"featured_media":1690,"template":"","meta":[],"product_cat":[38],"product_tag":[],"_links":{"self":[{"href":"https:\/\/thepcba.com\/tr\/wp-json\/wp\/v2\/product\/1689"}],"collection":[{"href":"https:\/\/thepcba.com\/tr\/wp-json\/wp\/v2\/product"}],"about":[{"href":"https:\/\/thepcba.com\/tr\/wp-json\/wp\/v2\/types\/product"}],"wp:featuredmedia":[{"embeddable":true,"href":"https:\/\/thepcba.com\/tr\/wp-json\/wp\/v2\/media\/1690"}],"wp:attachment":[{"href":"https:\/\/thepcba.com\/tr\/wp-json\/wp\/v2\/media?parent=1689"}],"wp:term":[{"taxonomy":"product_cat","embeddable":true,"href":"https:\/\/thepcba.com\/tr\/wp-json\/wp\/v2\/product_cat?post=1689"},{"taxonomy":"product_tag","embeddable":true,"href":"https:\/\/thepcba.com\/tr\/wp-json\/wp\/v2\/product_tag?post=1689"}],"curies":[{"name":"wp","href":"https:\/\/api.w.org\/{rel}","templated":true}]}}