{"id":2174,"date":"2024-10-07T06:10:53","date_gmt":"2024-10-07T06:10:53","guid":{"rendered":"https:\/\/thepcba.com\/?post_type=product&#038;p=2174"},"modified":"2024-10-07T06:10:53","modified_gmt":"2024-10-07T06:10:53","slug":"connectors","status":"publish","type":"product","link":"https:\/\/thepcba.com\/sv\/manufacturer\/connectors\/","title":{"rendered":"Anslutningar"},"content":{"rendered":"<h3 data-sourcepos=\"12:1-12:27\">Vanliga anslutningstyper:<\/h3>\n<ul data-sourcepos=\"14:1-19:0\">\n<li data-sourcepos=\"14:1-14:97\"><strong>Skruvplintar:<\/strong> Den vanligaste typen, med en skruv som kl\u00e4mmer fast ledaren.<\/li>\n<li data-sourcepos=\"15:1-15:74\"><strong>Fj\u00e4deranslutningar:<\/strong> Anv\u00e4nd fj\u00e4dersp\u00e4nning f\u00f6r att h\u00e5lla ledaren p\u00e5 plats.<\/li>\n<li data-sourcepos=\"16:1-16:111\"><strong>Push-in-terminaler:<\/strong> Snabb och enkel anslutning genom att helt enkelt trycka in ledaren i terminalen.<\/li>\n<li data-sourcepos=\"17:1-17:87\"><strong>Crimp-anslutningar:<\/strong> Kr\u00e4v ett pressverktyg f\u00f6r att f\u00e4sta ledaren p\u00e5 terminalen.<\/li>\n<li data-sourcepos=\"18:1-19:0\"><strong>L\u00f6dda terminaler:<\/strong> Anslut ledarna med hj\u00e4lp av l\u00f6dning.<\/li>\n<\/ul>\n<h3 data-sourcepos=\"20:1-20:31\">Applikationer:<\/h3>\n<ul data-sourcepos=\"22:1-27:0\">\n<li data-sourcepos=\"22:1-22:80\"><strong>Elektriska paneler:<\/strong> Anslut kablar till effektbrytare och andra komponenter.<\/li>\n<li data-sourcepos=\"23:1-23:74\"><strong>Elektroniska apparater:<\/strong> Anslut interna komponenter och externa kablar.<\/li>\n<li data-sourcepos=\"24:1-24:71\"><strong>Industriell utrustning:<\/strong> Anslut motorer, sensorer och andra enheter.<\/li>\n<li data-sourcepos=\"25:1-25:74\"><strong>Fordonssystem:<\/strong> Anslut ledningar till olika elektriska komponenter.<\/li>\n<li data-sourcepos=\"26:1-27:0\"><strong>Hush\u00e5llsapparater:<\/strong> Anslut str\u00f6mkablar och interna komponenter.<\/li>\n<\/ul>\n<h3 data-sourcepos=\"28:1-28:48\">Viktiga \u00f6verv\u00e4ganden:<\/h3>\n<ul data-sourcepos=\"30:1-35:0\">\n<li data-sourcepos=\"30:1-30:77\"><strong>Nuvarande kapacitet:<\/strong> Se till att kontakten klarar den str\u00f6mstyrka som kr\u00e4vs.<\/li>\n<li data-sourcepos=\"31:1-31:75\"><strong>Sp\u00e4nningsklassning:<\/strong> V\u00e4lj kontaktdon som \u00e4r l\u00e4mpliga f\u00f6r driftsp\u00e4nningen.<\/li>\n<li data-sourcepos=\"32:1-32:80\"><strong>Wire Gauge:<\/strong> V\u00e4lj kontaktdon som \u00e4r kompatibla med den tr\u00e5dtjocklek du anv\u00e4nder.<\/li>\n<li data-sourcepos=\"33:1-33:84\"><strong>Installationsmetod:<\/strong> T\u00e4nk p\u00e5 hur enkel installationen \u00e4r och vilka verktyg som kr\u00e4vs.<\/li>\n<li data-sourcepos=\"34:1-35:0\"><strong>Milj\u00f6faktorer:<\/strong> Om kontaktdonet kommer att uts\u00e4ttas f\u00f6r tuffa f\u00f6rh\u00e5llanden, v\u00e4lj ett med l\u00e4mpligt skydd.<\/li>\n<\/ul>\n<p data-sourcepos=\"36:1-36:189\">Korrekt installation av kontaktdon \u00e4r avg\u00f6rande f\u00f6r s\u00e4kra och tillf\u00f6rlitliga elektriska system. F\u00f6lj tillverkarens anvisningar eller r\u00e5dfr\u00e5ga en fackman f\u00f6r specifika till\u00e4mpningar.<\/p>","protected":false},"excerpt":{"rendered":"<p data-sourcepos=\"3:1-3:268\">Kontaktdon \u00e4r viktiga komponenter i elektriska och elektroniska system och fungerar som kopplingspunkter d\u00e4r elektriska ledare, t.ex. ledningar eller kablar, ansluts till andra komponenter eller enheter. De s\u00e4kerst\u00e4ller ett tillf\u00f6rlitligt och s\u00e4kert fl\u00f6de av elektrisk str\u00f6m.<\/p>\n<h3 data-sourcepos=\"5:1-5:24\">Olika typer av kontakter:<\/h3>\n<ul data-sourcepos=\"7:1-11:0\">\n<li data-sourcepos=\"7:1-7:72\"><strong>Elektriska anslutningar:<\/strong> Anv\u00e4nds f\u00f6r att ansluta elektriska ledningar eller kablar.<\/li>\n<li data-sourcepos=\"8:1-8:86\"><strong>Fiberoptisk <\/strong><strong>Anslutningar:<\/strong> Anv\u00e4nds f\u00f6r att ansluta optiska fibrer i kommunikationssystem.<\/li>\n<li data-sourcepos=\"9:1-9:90\"><strong>Dataanslutningar:<\/strong> Anv\u00e4nds f\u00f6r att ansluta datakablar, t.ex. USB-, HDMI- eller Ethernet-kablar.<\/li>\n<li data-sourcepos=\"10:1-11:0\"><strong>Str\u00f6manslutningar:<\/strong> Anv\u00e4nds f\u00f6r att ansluta str\u00f6mkablar till enheter eller system.<\/li>\n<\/ul>","protected":false},"featured_media":2175,"template":"","meta":[],"product_cat":[39],"product_tag":[],"_links":{"self":[{"href":"https:\/\/thepcba.com\/sv\/wp-json\/wp\/v2\/product\/2174"}],"collection":[{"href":"https:\/\/thepcba.com\/sv\/wp-json\/wp\/v2\/product"}],"about":[{"href":"https:\/\/thepcba.com\/sv\/wp-json\/wp\/v2\/types\/product"}],"wp:featuredmedia":[{"embeddable":true,"href":"https:\/\/thepcba.com\/sv\/wp-json\/wp\/v2\/media\/2175"}],"wp:attachment":[{"href":"https:\/\/thepcba.com\/sv\/wp-json\/wp\/v2\/media?parent=2174"}],"wp:term":[{"taxonomy":"product_cat","embeddable":true,"href":"https:\/\/thepcba.com\/sv\/wp-json\/wp\/v2\/product_cat?post=2174"},{"taxonomy":"product_tag","embeddable":true,"href":"https:\/\/thepcba.com\/sv\/wp-json\/wp\/v2\/product_tag?post=2174"}],"curies":[{"name":"wp","href":"https:\/\/api.w.org\/{rel}","templated":true}]}}