{"id":2170,"date":"2024-10-07T03:21:52","date_gmt":"2024-10-07T03:21:52","guid":{"rendered":"https:\/\/thepcba.com\/?post_type=product&#038;p=2170"},"modified":"2024-10-07T05:54:01","modified_gmt":"2024-10-07T05:54:01","slug":"connection-terminal","status":"publish","type":"product","link":"https:\/\/thepcba.com\/sv\/manufacturer\/connection-terminal\/","title":{"rendered":"Anslutningsterminal"},"content":{"rendered":"<h2 data-sourcepos=\"5:1-5:34\">Typer av anslutningsterminaler:<\/h2>\n<ul data-sourcepos=\"7:1-12:0\">\n<li data-sourcepos=\"7:1-7:97\"><strong>Skruvplintar:<\/strong> Den vanligaste typen, med en skruv som kl\u00e4mmer fast ledaren.<\/li>\n<li data-sourcepos=\"8:1-8:74\"><strong>Fj\u00e4deranslutningar:<\/strong> Anv\u00e4nd fj\u00e4dersp\u00e4nning f\u00f6r att h\u00e5lla ledaren p\u00e5 plats.<\/li>\n<li data-sourcepos=\"9:1-9:111\"><strong>Push-in-terminaler:<\/strong> Snabb och enkel anslutning genom att helt enkelt trycka in ledaren i terminalen.<\/li>\n<li data-sourcepos=\"10:1-10:87\"><strong>Crimp-anslutningar:<\/strong> Kr\u00e4v ett pressverktyg f\u00f6r att f\u00e4sta ledaren p\u00e5 terminalen.<\/li>\n<li data-sourcepos=\"11:1-12:0\"><strong>L\u00f6dda terminaler:<\/strong> Anslut ledarna med hj\u00e4lp av l\u00f6dning.<\/li>\n<\/ul>\n<h2 data-sourcepos=\"13:1-13:41\">Till\u00e4mpningar av anslutningsterminaler:<\/h2>\n<ul>\n<li><strong>Elektriska paneler:<\/strong> Anslut kablar till effektbrytare och andra komponenter.<\/li>\n<li><strong style=\"color: #555555; font-size: 14.4px;\">Elektroniska apparater:<\/strong><span style=\"color: #555555; font-size: 14.4px;\"> Anslut interna komponenter och externa kablar.<\/span><\/li>\n<li><strong style=\"color: #555555; font-size: 14.4px;\">Industriell utrustning:<\/strong><span style=\"color: #555555; font-size: 14.4px;\"> Anslut motorer, sensorer och andra enheter.<\/span><\/li>\n<li><strong style=\"color: #555555; font-size: 14.4px;\">Fordonssystem:<\/strong><span style=\"color: #555555; font-size: 14.4px;\"> Anslut ledningar till olika elektriska komponenter.<\/span><\/li>\n<li><strong style=\"color: #555555; font-size: 14.4px;\">Hush\u00e5llsapparater:<\/strong><span style=\"color: #555555; font-size: 14.4px;\"> Anslut str\u00f6mkablar och interna komponenter.<\/span><\/li>\n<\/ul>\n<p>Korrekt installation av anslutningsplintar \u00e4r avg\u00f6rande f\u00f6r s\u00e4kra och tillf\u00f6rlitliga elsystem. F\u00f6lj tillverkarens anvisningar eller anlita professionell hj\u00e4lp f\u00f6r specifika till\u00e4mpningar.<\/p>","protected":false},"excerpt":{"rendered":"<p>Anslutningsplintar \u00e4r viktiga komponenter i elektriska och elektroniska system. De fungerar som kopplingspunkter d\u00e4r elektriska ledare, t.ex. ledningar eller kablar, ansluts till andra komponenter eller enheter. Dessa terminaler s\u00e4kerst\u00e4ller ett tillf\u00f6rlitligt och s\u00e4kert fl\u00f6de av elektrisk str\u00f6m.<\/p>\n<h2 data-sourcepos=\"21:1-21:58\">Viktiga \u00f6verv\u00e4ganden vid val av anslutningsterminaler:<\/h2>\n<ul>\n<li><strong>Nuvarande kapacitet:<\/strong> Se till att terminalen kan hantera den str\u00f6m som kr\u00e4vs.<\/li>\n<li><strong>Sp\u00e4nningsklassning:<\/strong> V\u00e4lj plintar som \u00e4r l\u00e4mpliga f\u00f6r driftsp\u00e4nningen.<\/li>\n<li><strong>Wire Gauge:<\/strong> V\u00e4lj plintar som \u00e4r kompatibla med den tr\u00e5dtjocklek du anv\u00e4nder.<\/li>\n<li><strong>Installationsmetod:<\/strong> T\u00e4nk p\u00e5 hur enkel installationen \u00e4r och vilka verktyg som kr\u00e4vs.<\/li>\n<li><strong>Milj\u00f6faktorer:<\/strong> Om terminalen kommer att uts\u00e4ttas f\u00f6r tuffa f\u00f6rh\u00e5llanden, v\u00e4lj en terminal med l\u00e4mpligt skydd.<\/li>\n<\/ul>\n<p>Vi kan skr\u00e4ddarsy terminaler med olika specifikationer. Oavsett om det anv\u00e4nds i stora maskiner eller s\u00e5 sm\u00e5tt som p\u00e5 ett kretskort kan vi g\u00f6ra terminaler som uppfyller dina specifikationer. N\u00e4r det g\u00e4ller material kan vi galvanisera, anv\u00e4nda aluminium, koppar och s\u00e5 vidare enligt dina krav.<\/p>\n<p>&nbsp;<\/p>","protected":false},"featured_media":2171,"template":"","meta":[],"product_cat":[39],"product_tag":[],"_links":{"self":[{"href":"https:\/\/thepcba.com\/sv\/wp-json\/wp\/v2\/product\/2170"}],"collection":[{"href":"https:\/\/thepcba.com\/sv\/wp-json\/wp\/v2\/product"}],"about":[{"href":"https:\/\/thepcba.com\/sv\/wp-json\/wp\/v2\/types\/product"}],"wp:featuredmedia":[{"embeddable":true,"href":"https:\/\/thepcba.com\/sv\/wp-json\/wp\/v2\/media\/2171"}],"wp:attachment":[{"href":"https:\/\/thepcba.com\/sv\/wp-json\/wp\/v2\/media?parent=2170"}],"wp:term":[{"taxonomy":"product_cat","embeddable":true,"href":"https:\/\/thepcba.com\/sv\/wp-json\/wp\/v2\/product_cat?post=2170"},{"taxonomy":"product_tag","embeddable":true,"href":"https:\/\/thepcba.com\/sv\/wp-json\/wp\/v2\/product_tag?post=2170"}],"curies":[{"name":"wp","href":"https:\/\/api.w.org\/{rel}","templated":true}]}}