{"id":2164,"date":"2024-10-07T02:52:11","date_gmt":"2024-10-07T02:52:11","guid":{"rendered":"https:\/\/thepcba.com\/?post_type=product&#038;p=2164"},"modified":"2024-10-07T03:01:47","modified_gmt":"2024-10-07T03:01:47","slug":"data-transfer-cable","status":"publish","type":"product","link":"https:\/\/thepcba.com\/sv\/manufacturer\/data-transfer-cable\/","title":{"rendered":"Kabel f\u00f6r data\u00f6verf\u00f6ring"},"content":{"rendered":"<h2>Anpassningsbar data\u00f6verf\u00f6ringskabel: Skr\u00e4ddarsy din anslutning<\/h2>\n<div class=\"auto-hide-last-sibling-br paragraph-u1TS5p paragraph-element br-paragraph-space\">Data\u00f6verf\u00f6ringskabeln \u00e4r ett m\u00e5ste f\u00f6r alla dina behov av data\u00f6verf\u00f6ring. Den h\u00e4r kabeln \u00e4r tillverkad med precision och h\u00e5llbarhet i \u00e5tanke och ger s\u00f6ml\u00f6s och effektiv data\u00f6verf\u00f6ring mellan olika enheter.<\/div>\n<div><\/div>\n<div class=\"auto-hide-last-sibling-br paragraph-u1TS5p paragraph-element br-paragraph-space\">Det som skiljer v\u00e5r kabel fr\u00e5n m\u00e4ngden \u00e4r dess anpassningsbarhet. Vi f\u00f6rst\u00e5r att varje anv\u00e4ndare har unika krav, och det \u00e4r d\u00e4rf\u00f6r vi erbjuder m\u00f6jligheten att anpassa din kabel. Oavsett om du beh\u00f6ver en viss l\u00e4ngd, en speciell f\u00e4rg eller en unik anslutningsdesign kan vi ordna det.<\/div>\n<div><\/div>\n<div class=\"auto-hide-last-sibling-br paragraph-u1TS5p paragraph-element br-paragraph-space\">V\u00e5rt team av experter \u00e4r dedikerade till att s\u00e4kerst\u00e4lla att din anpassade data\u00f6verf\u00f6ringskabel uppfyller de h\u00f6gsta standarderna f\u00f6r kvalitet och prestanda. Vi anv\u00e4nder endast de finaste materialen f\u00f6r att s\u00e4kerst\u00e4lla h\u00e5llbarhet och tillf\u00f6rlitlig data\u00f6verf\u00f6ring.<\/div>\n<div><\/div>\n<div class=\"auto-hide-last-sibling-br paragraph-u1TS5p paragraph-element br-paragraph-space\">Med v\u00e5r anpassningsbara data\u00f6verf\u00f6ringskabel kan du g\u00f6ra din anslutningsupplevelse personlig och g\u00f6ra den till din helt egen. Oavsett om du anv\u00e4nder den privat eller professionellt \u00e4r den h\u00e4r kabeln den perfekta l\u00f6sningen f\u00f6r alla dina data\u00f6verf\u00f6ringsbehov. Uppgradera dina anslutningsm\u00f6jligheter idag med en anpassad data\u00f6verf\u00f6ringskabel.<\/div>","protected":false},"excerpt":{"rendered":"<h3 class=\"text-4 text-info mb-200\">Viktiga specifikationer<\/h3>\n<ul>\n<li>Kabell\u00e4ngd: <span style=\"color: #333333; font-size: 14.4px;\">4 fot eller anpassad<\/span><\/li>\n<li><span style=\"color: #333333; font-size: 14.4px;\">Typ av kontaktdon (\u00e4nde 1): <\/span><span style=\"color: #333333; font-size: 14.4px;\">TYP-C <\/span><\/li>\n<li><span style=\"color: #333333; font-size: 14.4px;\">Typ av kontaktdon (\u00e4nde 2): <\/span><span style=\"color: #333333; font-size: 14.4px;\">USB-C eller TYPE-C<\/span><\/li>\n<li><span style=\"color: #333333; font-size: 14.4px;\">Maximal data\u00f6verf\u00f6ringshastighet<\/span><span style=\"color: #333333; font-size: 14.4px;\">: 480 megabit per sekund<\/span><\/li>\n<li><span style=\"color: #333333; font-size: 14.4px;\">Material: <\/span><span style=\"color: #333333; font-size: 14.4px;\">PVC<\/span><\/li>\n<li>F\u00e4rg: Svart, vit eller anpassad<\/li>\n<\/ul>\n<div class=\"zebra-row flex p-200 justify-content-between body-copy-lg\"><\/div>","protected":false},"featured_media":2166,"template":"","meta":[],"product_cat":[39],"product_tag":[],"_links":{"self":[{"href":"https:\/\/thepcba.com\/sv\/wp-json\/wp\/v2\/product\/2164"}],"collection":[{"href":"https:\/\/thepcba.com\/sv\/wp-json\/wp\/v2\/product"}],"about":[{"href":"https:\/\/thepcba.com\/sv\/wp-json\/wp\/v2\/types\/product"}],"wp:featuredmedia":[{"embeddable":true,"href":"https:\/\/thepcba.com\/sv\/wp-json\/wp\/v2\/media\/2166"}],"wp:attachment":[{"href":"https:\/\/thepcba.com\/sv\/wp-json\/wp\/v2\/media?parent=2164"}],"wp:term":[{"taxonomy":"product_cat","embeddable":true,"href":"https:\/\/thepcba.com\/sv\/wp-json\/wp\/v2\/product_cat?post=2164"},{"taxonomy":"product_tag","embeddable":true,"href":"https:\/\/thepcba.com\/sv\/wp-json\/wp\/v2\/product_tag?post=2164"}],"curies":[{"name":"wp","href":"https:\/\/api.w.org\/{rel}","templated":true}]}}