{"id":2164,"date":"2024-10-07T02:52:11","date_gmt":"2024-10-07T02:52:11","guid":{"rendered":"https:\/\/thepcba.com\/?post_type=product&#038;p=2164"},"modified":"2024-10-07T03:01:47","modified_gmt":"2024-10-07T03:01:47","slug":"data-transfer-cable","status":"publish","type":"product","link":"https:\/\/thepcba.com\/sl\/manufacturer\/data-transfer-cable\/","title":{"rendered":"Kabel za prenos podatkov"},"content":{"rendered":"<h2>Prilagodljiv kabel za prenos podatkov: Prilagodite svojo povezljivost.<\/h2>\n<div class=\"auto-hide-last-sibling-br paragraph-u1TS5p paragraph-element br-paragraph-space\">Kabel za prenos podatkov je nepogre\u0161ljiv pripomo\u010dek za vse potrebe prenosa podatkov. Ta kabel je izdelan natan\u010dno in vzdr\u017eljivo ter omogo\u010da nemoten in u\u010dinkovit prenos podatkov med razli\u010dnimi napravami.<\/div>\n<div><\/div>\n<div class=\"auto-hide-last-sibling-br paragraph-u1TS5p paragraph-element br-paragraph-space\">Na\u0161 kabel odlikuje prilagodljivost. Zavedamo se, da ima vsak uporabnik edinstvene zahteve, zato ponujamo mo\u017enost prilagoditve kabla. Ne glede na to, ali potrebujete dolo\u010deno dol\u017eino, posebno barvo ali edinstveno zasnovo priklju\u010dka, vam lahko to omogo\u010dimo.<\/div>\n<div><\/div>\n<div class=\"auto-hide-last-sibling-br paragraph-u1TS5p paragraph-element br-paragraph-space\">Na\u0161a ekipa strokovnjakov je predana zagotavljanju, da bo va\u0161 kabel za prenos podatkov po meri izpolnjeval najvi\u0161je standarde kakovosti in zmogljivosti. Uporabljamo le najbolj\u0161e materiale, da zagotovimo vzdr\u017eljivost in zanesljiv prenos podatkov.<\/div>\n<div><\/div>\n<div class=\"auto-hide-last-sibling-br paragraph-u1TS5p paragraph-element br-paragraph-space\">Z na\u0161im prilagodljivim kablom za prenos podatkov lahko prilagodite svojo izku\u0161njo povezljivosti in jo naredite resni\u010dno svojo. Ne glede na to, ali gre za osebno ali poklicno uporabo, je ta kabel popolna re\u0161itev za vse va\u0161e potrebe po prenosu podatkov. \u0160e danes nadgradite svojo povezljivost s kablom za prenos podatkov po meri.<\/div>","protected":false},"excerpt":{"rendered":"<h3 class=\"text-4 text-info mb-200\">Klju\u010dne specifikacije<\/h3>\n<ul>\n<li>Dol\u017eina kabla: <span style=\"color: #333333; font-size: 14.4px;\">4 \u010devlje ali po meri<\/span><\/li>\n<li><span style=\"color: #333333; font-size: 14.4px;\">Vrsta priklju\u010dka (konec 1): <\/span><span style=\"color: #333333; font-size: 14.4px;\">TYPE-C <\/span><\/li>\n<li><span style=\"color: #333333; font-size: 14.4px;\">Vrsta priklju\u010dka (konec 2): <\/span><span style=\"color: #333333; font-size: 14.4px;\">USB-C ali TYPE-C<\/span><\/li>\n<li><span style=\"color: #333333; font-size: 14.4px;\">Najve\u010dja hitrost prenosa podatkov<\/span><span style=\"color: #333333; font-size: 14.4px;\">: 480 megabitov na sekundo<\/span><\/li>\n<li><span style=\"color: #333333; font-size: 14.4px;\">Material: <\/span><span style=\"color: #333333; font-size: 14.4px;\">PVC<\/span><\/li>\n<li>Barva: \u010drna, bela ali po meri<\/li>\n<\/ul>\n<div class=\"zebra-row flex p-200 justify-content-between body-copy-lg\"><\/div>","protected":false},"featured_media":2166,"template":"","meta":[],"product_cat":[39],"product_tag":[],"_links":{"self":[{"href":"https:\/\/thepcba.com\/sl\/wp-json\/wp\/v2\/product\/2164"}],"collection":[{"href":"https:\/\/thepcba.com\/sl\/wp-json\/wp\/v2\/product"}],"about":[{"href":"https:\/\/thepcba.com\/sl\/wp-json\/wp\/v2\/types\/product"}],"wp:featuredmedia":[{"embeddable":true,"href":"https:\/\/thepcba.com\/sl\/wp-json\/wp\/v2\/media\/2166"}],"wp:attachment":[{"href":"https:\/\/thepcba.com\/sl\/wp-json\/wp\/v2\/media?parent=2164"}],"wp:term":[{"taxonomy":"product_cat","embeddable":true,"href":"https:\/\/thepcba.com\/sl\/wp-json\/wp\/v2\/product_cat?post=2164"},{"taxonomy":"product_tag","embeddable":true,"href":"https:\/\/thepcba.com\/sl\/wp-json\/wp\/v2\/product_tag?post=2164"}],"curies":[{"name":"wp","href":"https:\/\/api.w.org\/{rel}","templated":true}]}}