{"id":1700,"date":"2024-07-16T08:29:25","date_gmt":"2024-07-16T08:29:25","guid":{"rendered":"https:\/\/thepcba.com\/?post_type=product&#038;p=1700"},"modified":"2024-07-16T08:30:13","modified_gmt":"2024-07-16T08:30:13","slug":"custom-metal-enclosures","status":"publish","type":"product","link":"https:\/\/thepcba.com\/sl\/manufacturer\/custom-metal-enclosures\/","title":{"rendered":"Kovinska ohi\u0161ja po meri"},"content":{"rendered":"<p data-sourcepos=\"3:1-3:306\">Na podro\u010dju elektronike, kjer kraljujejo inovacije, standardne re\u0161itve pogosto niso ustrezne. Tu pridejo na vrsto kovinska ohi\u0161ja po meri, ki se popolnoma prilegajo va\u0161im edinstvenim elektronskim stvaritvam. Ta ohi\u0161ja, skrbno izdelana iz trdnih materialov, kot sta aluminij ali nerjavno jeklo, so zasnovana in izdelana po va\u0161ih natan\u010dnih specifikacijah.<\/p>\n<h4 data-sourcepos=\"5:1-5:91\"><strong>Predstavljajte si jih kot obleko po meri za va\u0161o elektroniko, ki prina\u0161a \u0161tevilne prednosti:<\/strong><\/h4>\n<ul data-sourcepos=\"7:1-7:13\">\n<li data-sourcepos=\"7:1-7:13\"><strong>Neprimerljiva natan\u010dnost:<\/strong> Doseganje popolnih dimenzij in konfiguracij zagotavlja nemoteno integracijo elektronskih komponent.<\/li>\n<li data-sourcepos=\"8:1-8:102\"><strong>Izbolj\u0161ana funkcionalnost:<\/strong> Oblikovne zna\u010dilnosti, kot so prezra\u010devalne re\u017ee, izrezi in vgrajene to\u010dke za pritrditev, optimizirajo delovanje.<\/li>\n<li data-sourcepos=\"9:1-9:128\"><strong>Za\u0161\u010dita brez primere:<\/strong> Za\u0161\u010ditite ob\u010dutljivo elektroniko pred fizi\u010dnimi udarci, prahom, vlago in motnjami EMI.<\/li>\n<li data-sourcepos=\"10:1-11:0\"><strong>Profesionalna estetika:<\/strong> Izrazite identiteto svoje blagovne znamke z elegantnim, po meri oblikovanim ohi\u0161jem, ki dopolnjuje va\u0161o elektroniko.<\/li>\n<\/ul>\n<h4 data-sourcepos=\"12:1-12:111\"><strong>Kovinska ohi\u0161ja po meri so primerna za \u0161iroko paleto elektronskih aplikacij, ki jih omejuje le va\u0161a domi\u0161ljija:<\/strong><\/h4>\n<ul data-sourcepos=\"14:1-14:123\">\n<li data-sourcepos=\"14:1-14:123\"><strong>Izdelava prototipov in razvoj:<\/strong> Ustvarite funkcionalna ohi\u0161ja za svoje prototipe in pospe\u0161ite razvojni proces.<\/li>\n<li data-sourcepos=\"15:1-15:117\"><strong>Industrijska avtomatizacija:<\/strong> Oblikujte ohi\u0161ja po meri za nadzorne plo\u0161\u010de, senzorje in drugo opremo v tovarnah.<\/li>\n<li data-sourcepos=\"16:1-16:106\"><strong>Medicinski pripomo\u010dki:<\/strong> Izdelujte ohi\u0161ja, ki izpolnjujejo stroge medicinske standarde za varnost in higieno.<\/li>\n<li data-sourcepos=\"17:1-17:114\"><strong>Telekomunikacije:<\/strong> Razvijte ohi\u0161ja po meri za omre\u017eno opremo in zagotovite zanesljiv prenos signala.<\/li>\n<li data-sourcepos=\"18:1-19:0\"><strong>Potro\u0161ni\u0161ka elektronika:<\/strong> Izdelujte edinstvena ohi\u0161ja za svoje inovativne elektronske izdelke in s tem izstopajte od svoje blagovne znamke.<\/li>\n<\/ul>\n<h4 data-sourcepos=\"20:1-20:70\"><strong>Postopek izdelave kovinskega ohi\u0161ja po meri poteka v sodelovanju:<\/strong><\/h4>\n<ul data-sourcepos=\"22:1-26:0\">\n<li data-sourcepos=\"22:1-22:102\"><strong>Pogovorite se o svojih potrebah:<\/strong> Delite svojo vizijo in zahteve glede funkcionalnosti z izku\u0161enimi in\u017eenirji.<\/li>\n<li data-sourcepos=\"23:1-23:105\"><strong>Soustvarjajte zasnovo:<\/strong> Sodelujte z oblikovalci in svoje zamisli pretvorite v podrobne tehni\u010dne risbe.<\/li>\n<li data-sourcepos=\"24:1-24:112\"><strong>Izdelajte prototip in ga izbolj\u0161ajte:<\/strong> Pred serijsko proizvodnjo naredite prototip ohi\u0161ja, da zagotovite brezhibno obliko in delovanje.<\/li>\n<li data-sourcepos=\"25:1-26:0\"><strong>Visokokakovostna izdelava:<\/strong> Izkoristite napredne tehnike izdelave kovin za vrhunski kon\u010dni izdelek.<\/li>\n<\/ul>","protected":false},"excerpt":{"rendered":"<p>Z nalo\u017ebo v kovinska ohi\u0161ja po meri ne za\u0161\u010ditite le svoje elektronike, temve\u010d tudi uresni\u010dite svojo edinstveno vizijo. Ustvarite edinstveno re\u0161itev, ki se popolnoma ujema z va\u0161o elektronsko mojstrovino.<\/p>","protected":false},"featured_media":1701,"template":"","meta":[],"product_cat":[38],"product_tag":[],"_links":{"self":[{"href":"https:\/\/thepcba.com\/sl\/wp-json\/wp\/v2\/product\/1700"}],"collection":[{"href":"https:\/\/thepcba.com\/sl\/wp-json\/wp\/v2\/product"}],"about":[{"href":"https:\/\/thepcba.com\/sl\/wp-json\/wp\/v2\/types\/product"}],"wp:featuredmedia":[{"embeddable":true,"href":"https:\/\/thepcba.com\/sl\/wp-json\/wp\/v2\/media\/1701"}],"wp:attachment":[{"href":"https:\/\/thepcba.com\/sl\/wp-json\/wp\/v2\/media?parent=1700"}],"wp:term":[{"taxonomy":"product_cat","embeddable":true,"href":"https:\/\/thepcba.com\/sl\/wp-json\/wp\/v2\/product_cat?post=1700"},{"taxonomy":"product_tag","embeddable":true,"href":"https:\/\/thepcba.com\/sl\/wp-json\/wp\/v2\/product_tag?post=1700"}],"curies":[{"name":"wp","href":"https:\/\/api.w.org\/{rel}","templated":true}]}}