{"id":1689,"date":"2024-07-16T08:07:52","date_gmt":"2024-07-16T08:07:52","guid":{"rendered":"https:\/\/thepcba.com\/?post_type=product&#038;p=1689"},"modified":"2024-07-16T08:09:51","modified_gmt":"2024-07-16T08:09:51","slug":"instrument-enclosure","status":"publish","type":"product","link":"https:\/\/thepcba.com\/sl\/manufacturer\/instrument-enclosure\/","title":{"rendered":"Ohi\u0161je za instrumente"},"content":{"rendered":"<p data-sourcepos=\"3:1-3:244\">Ohi\u0161je za instrumente je nesojeni junak znanstvenega in industrijskega sveta. To je za\u0161\u010ditno ohi\u0161je, obi\u010dajno izdelano iz trdnih materialov, kot sta aluminij ali nerjavno jeklo, namenjeno varovanju dragocenih instrumentov pred po\u0161kodbami.<\/p>\n<h4 data-sourcepos=\"5:1-5:79\"><strong>Predstavljajte si ga kot telesnega stra\u017earja za va\u0161o opremo, ki ponuja bistvene prednosti:<\/strong><\/h4>\n<ul data-sourcepos=\"7:1-9:96\">\n<li data-sourcepos=\"7:1-7:136\"><strong>Trajnost:<\/strong> Odporen je na fizi\u010dne udarce, prah in vlago, kar zagotavlja brezhibno delovanje va\u0161ih instrumentov v razli\u010dnih okoljih.<\/li>\n<li data-sourcepos=\"8:1-8:127\"><strong>Varstvo okolja:<\/strong> Zagotavlja za\u0161\u010dito pred te\u017ekimi razmerami in podalj\u0161uje \u017eivljenjsko dobo ob\u010dutljive opreme.<\/li>\n<li data-sourcepos=\"9:1-9:96\"><strong>Regulacija temperature:<\/strong> Pomaga vzdr\u017eevati optimalno delovno temperaturo va\u0161ih instrumentov, zlasti za toplotno ob\u010dutljive komponente.<\/li>\n<li data-sourcepos=\"10:1-11:0\"><strong>Za\u0161\u010dita pred elektromagnetnimi motnjami (EMI):<\/strong> Blokira ne\u017eelene elektromagnetne signale, ki lahko motijo delovanje va\u0161ih instrumentov.<\/li>\n<\/ul>\n<h4 data-sourcepos=\"12:1-12:149\"><strong>Ohi\u0161ja za instrumente so na voljo v najrazli\u010dnej\u0161ih oblikah, velikostih in konfiguracijah, ki ustrezajo va\u0161im posebnim potrebam. Navajamo nekaj najpogostej\u0161ih na\u010dinov uporabe:<\/strong><\/h4>\n<ul data-sourcepos=\"14:1-15:95\">\n<li data-sourcepos=\"14:1-14:116\"><strong>Industrijska avtomatizacija:<\/strong> ohi\u0161ja nadzornih plo\u0161\u010d, senzorjev in druge opreme v tovarnah in proizvodnih linijah.<\/li>\n<li data-sourcepos=\"15:1-15:95\"><strong>Laboratoriji in raziskovalni objekti:<\/strong> Za\u0161\u010dita ob\u010dutljivih znanstvenih instrumentov, ki se uporabljajo pri raziskavah in razvoju.<\/li>\n<li data-sourcepos=\"16:1-16:114\"><strong>Medicinska oprema:<\/strong> Zagotavljanje varnega in \u010distega okolja za medicinske pripomo\u010dke, ki se uporabljajo v bolni\u0161nicah in klinikah.<\/li>\n<li data-sourcepos=\"17:1-18:0\"><strong>Uporaba na terenu:<\/strong> Zagotavlja robustno za\u0161\u010dito instrumentov, ki se uporabljajo v zunanjih okoljih, kot so vremenske postaje ali oprema za spremljanje okolja.<\/li>\n<\/ul>\n<h4 data-sourcepos=\"19:1-19:94\"><strong>Pri izbiri pravega ohi\u0161ja za instrumente je treba skrbno upo\u0161tevati ve\u010d dejavnikov:<\/strong><\/h4>\n<ul data-sourcepos=\"21:1-25:0\">\n<li data-sourcepos=\"21:1-21:135\"><strong>Velikost in oblika:<\/strong> Prepri\u010dajte se, da je ohi\u0161je udobno za va\u0161 instrument ter omogo\u010da ustrezno prezra\u010devanje in dostop do kablov.<\/li>\n<li data-sourcepos=\"22:1-22:120\"><strong>Material:<\/strong> Izberite material, kot je aluminij zaradi manj\u0161e te\u017ee ali nerjavno jeklo zaradi ve\u010dje odpornosti proti koroziji.<\/li>\n<li data-sourcepos=\"23:1-23:154\"><strong>Stopnja za\u0161\u010dite IP:<\/strong> Izberite ohi\u0161je z ustrezno stopnjo za\u0161\u010dite IP (Ingress Protection), da bo odporno na prah in vodo v dolo\u010denem okolju.<\/li>\n<li data-sourcepos=\"24:1-25:0\"><strong>Nadzor temperature:<\/strong> \u010ce vas skrbi odvajanje toplote, upo\u0161tevajte funkcije hlajenja, kot so ventilatorji ali zra\u010dniki.<\/li>\n<\/ul>","protected":false},"excerpt":{"rendered":"<p>Z nalo\u017ebo v visokokakovostno ohi\u0161je za instrumente ne za\u0161\u010ditite le svoje opreme, temve\u010d tudi celovitost in natan\u010dnost podatkov ter zagotovite nemoteno delovanje klju\u010dnih procesov.<\/p>","protected":false},"featured_media":1690,"template":"","meta":[],"product_cat":[38],"product_tag":[],"_links":{"self":[{"href":"https:\/\/thepcba.com\/sl\/wp-json\/wp\/v2\/product\/1689"}],"collection":[{"href":"https:\/\/thepcba.com\/sl\/wp-json\/wp\/v2\/product"}],"about":[{"href":"https:\/\/thepcba.com\/sl\/wp-json\/wp\/v2\/types\/product"}],"wp:featuredmedia":[{"embeddable":true,"href":"https:\/\/thepcba.com\/sl\/wp-json\/wp\/v2\/media\/1690"}],"wp:attachment":[{"href":"https:\/\/thepcba.com\/sl\/wp-json\/wp\/v2\/media?parent=1689"}],"wp:term":[{"taxonomy":"product_cat","embeddable":true,"href":"https:\/\/thepcba.com\/sl\/wp-json\/wp\/v2\/product_cat?post=1689"},{"taxonomy":"product_tag","embeddable":true,"href":"https:\/\/thepcba.com\/sl\/wp-json\/wp\/v2\/product_tag?post=1689"}],"curies":[{"name":"wp","href":"https:\/\/api.w.org\/{rel}","templated":true}]}}