{"id":2164,"date":"2024-10-07T02:52:11","date_gmt":"2024-10-07T02:52:11","guid":{"rendered":"https:\/\/thepcba.com\/?post_type=product&#038;p=2164"},"modified":"2024-10-07T03:01:47","modified_gmt":"2024-10-07T03:01:47","slug":"data-transfer-cable","status":"publish","type":"product","link":"https:\/\/thepcba.com\/sk\/manufacturer\/data-transfer-cable\/","title":{"rendered":"K\u00e1bel na prenos \u00fadajov"},"content":{"rendered":"<h2>Prisp\u00f4sobite\u013en\u00fd k\u00e1bel na prenos \u00fadajov: Prisp\u00f4sobte si pripojenie na mieru<\/h2>\n<div class=\"auto-hide-last-sibling-br paragraph-u1TS5p paragraph-element br-paragraph-space\">K\u00e1bel na prenos \u00fadajov je nevyhnutn\u00fdm pr\u00edslu\u0161enstvom pre v\u0161etky va\u0161e potreby prenosu \u00fadajov. Tento k\u00e1bel je vyroben\u00fd s oh\u013eadom na presnos\u0165 a odolnos\u0165 a pon\u00faka bezprobl\u00e9mov\u00fd a efekt\u00edvny prenos d\u00e1t medzi r\u00f4znymi zariadeniami.<\/div>\n<div><\/div>\n<div class=\"auto-hide-last-sibling-br paragraph-u1TS5p paragraph-element br-paragraph-space\">N\u00e1\u0161 k\u00e1bel sa odli\u0161uje svojou prisp\u00f4sobite\u013enos\u0165ou. Ch\u00e1peme, \u017ee ka\u017ed\u00fd pou\u017e\u00edvate\u013e m\u00e1 jedine\u010dn\u00e9 po\u017eiadavky, a preto pon\u00fakame mo\u017enos\u0165 prisp\u00f4sobi\u0165 si k\u00e1bel na mieru. \u010ci u\u017e potrebujete konkr\u00e9tnu d\u013a\u017eku, konkr\u00e9tnu farbu alebo jedine\u010dn\u00fd dizajn konektora, dok\u00e1\u017eeme to zrealizova\u0165.<\/div>\n<div><\/div>\n<div class=\"auto-hide-last-sibling-br paragraph-u1TS5p paragraph-element br-paragraph-space\">N\u00e1\u0161 t\u00edm odborn\u00edkov sa sna\u017e\u00ed zabezpe\u010di\u0165, aby v\u00e1\u0161 k\u00e1bel na prenos d\u00e1t sp\u013a\u0148al najvy\u0161\u0161ie \u0161tandardy kvality a v\u00fdkonu. Pou\u017e\u00edvame len tie najkvalitnej\u0161ie materi\u00e1ly, aby sme zaistili odolnos\u0165 a spo\u013eahliv\u00fd prenos d\u00e1t.<\/div>\n<div><\/div>\n<div class=\"auto-hide-last-sibling-br paragraph-u1TS5p paragraph-element br-paragraph-space\">S na\u0161\u00edm prisp\u00f4sobite\u013en\u00fdm k\u00e1blom na prenos \u00fadajov si m\u00f4\u017eete prisp\u00f4sobi\u0165 z\u00e1\u017eitok z pripojenia a urobi\u0165 ho skuto\u010dne svoj\u00edm. \u010ci u\u017e na osobn\u00e9 alebo profesion\u00e1lne pou\u017eitie, tento k\u00e1bel je dokonal\u00fdm rie\u0161en\u00edm pre v\u0161etky va\u0161e potreby prenosu d\u00e1t. Vylep\u0161ite svoje pripojenie e\u0161te dnes pomocou vlastn\u00e9ho k\u00e1bla na prenos \u00fadajov.<\/div>","protected":false},"excerpt":{"rendered":"<h3 class=\"text-4 text-info mb-200\">K\u013e\u00fa\u010dov\u00e9 \u0161pecifik\u00e1cie<\/h3>\n<ul>\n<li>D\u013a\u017eka k\u00e1bla: <span style=\"color: #333333; font-size: 14.4px;\">4 stopy alebo vlastn\u00e9<\/span><\/li>\n<li><span style=\"color: #333333; font-size: 14.4px;\">Typ konektora (koniec 1): <\/span><span style=\"color: #333333; font-size: 14.4px;\">TYPE-C <\/span><\/li>\n<li><span style=\"color: #333333; font-size: 14.4px;\">Typ konektora (koniec 2): <\/span><span style=\"color: #333333; font-size: 14.4px;\">USB-C alebo TYPE-C<\/span><\/li>\n<li><span style=\"color: #333333; font-size: 14.4px;\">Maxim\u00e1lna r\u00fdchlos\u0165 prenosu \u00fadajov<\/span><span style=\"color: #333333; font-size: 14.4px;\">: 480 megabitov za sekundu<\/span><\/li>\n<li><span style=\"color: #333333; font-size: 14.4px;\">Materi\u00e1l: <\/span><span style=\"color: #333333; font-size: 14.4px;\">PVC<\/span><\/li>\n<li>Farba: \u010dierna, biela alebo vlastn\u00e1<\/li>\n<\/ul>\n<div class=\"zebra-row flex p-200 justify-content-between body-copy-lg\"><\/div>","protected":false},"featured_media":2166,"template":"","meta":[],"product_cat":[39],"product_tag":[],"_links":{"self":[{"href":"https:\/\/thepcba.com\/sk\/wp-json\/wp\/v2\/product\/2164"}],"collection":[{"href":"https:\/\/thepcba.com\/sk\/wp-json\/wp\/v2\/product"}],"about":[{"href":"https:\/\/thepcba.com\/sk\/wp-json\/wp\/v2\/types\/product"}],"wp:featuredmedia":[{"embeddable":true,"href":"https:\/\/thepcba.com\/sk\/wp-json\/wp\/v2\/media\/2166"}],"wp:attachment":[{"href":"https:\/\/thepcba.com\/sk\/wp-json\/wp\/v2\/media?parent=2164"}],"wp:term":[{"taxonomy":"product_cat","embeddable":true,"href":"https:\/\/thepcba.com\/sk\/wp-json\/wp\/v2\/product_cat?post=2164"},{"taxonomy":"product_tag","embeddable":true,"href":"https:\/\/thepcba.com\/sk\/wp-json\/wp\/v2\/product_tag?post=2164"}],"curies":[{"name":"wp","href":"https:\/\/api.w.org\/{rel}","templated":true}]}}