{"id":1700,"date":"2024-07-16T08:29:25","date_gmt":"2024-07-16T08:29:25","guid":{"rendered":"https:\/\/thepcba.com\/?post_type=product&#038;p=1700"},"modified":"2024-07-16T08:30:13","modified_gmt":"2024-07-16T08:30:13","slug":"custom-metal-enclosures","status":"publish","type":"product","link":"https:\/\/thepcba.com\/sk\/manufacturer\/custom-metal-enclosures\/","title":{"rendered":"Kovov\u00e9 skrine na mieru"},"content":{"rendered":"<p data-sourcepos=\"3:1-3:306\">V oblasti elektroniky, kde vl\u00e1dnu inov\u00e1cie, s\u00fa \u0161tandardn\u00e9 rie\u0161enia \u010dasto nedostato\u010dn\u00e9. Pr\u00e1ve tu prich\u00e1dzaj\u00fa na rad z\u00e1kazkov\u00e9 kovov\u00e9 kryty, ktor\u00e9 pon\u00fakaj\u00fa dokonal\u00e9 prisp\u00f4sobenie pre va\u0161e jedine\u010dn\u00e9 elektronick\u00e9 v\u00fdtvory. Tieto kryty, starostlivo vyroben\u00e9 z robustn\u00fdch materi\u00e1lov, ako je hlin\u00edk alebo nehrdzavej\u00faca oce\u013e, s\u00fa navrhnut\u00e9 a vyroben\u00e9 presne pod\u013ea va\u0161ich po\u017eiadaviek.<\/p>\n<h4 data-sourcepos=\"5:1-5:91\"><strong>Predstavte si ich ako oblek na mieru pre va\u0161u elektroniku, ktor\u00fd prin\u00e1\u0161a cel\u00fd rad v\u00fdhod:<\/strong><\/h4>\n<ul data-sourcepos=\"7:1-7:13\">\n<li data-sourcepos=\"7:1-7:13\"><strong>Bezkonkuren\u010dn\u00e1 presnos\u0165:<\/strong> Dosiahnite dokonal\u00e9 rozmery a konfigur\u00e1cie, ktor\u00e9 zabezpe\u010dia bezprobl\u00e9mov\u00fa integr\u00e1ciu va\u0161ich elektronick\u00fdch komponentov.<\/li>\n<li data-sourcepos=\"8:1-8:102\"><strong>Roz\u0161\u00edren\u00e1 funk\u010dnos\u0165:<\/strong> Kon\u0161truk\u010dn\u00e9 prvky, ako s\u00fa vetracie \u0161trbiny, v\u00fdrezy a integrovan\u00e9 mont\u00e1\u017ene body na optimaliz\u00e1ciu v\u00fdkonu.<\/li>\n<li data-sourcepos=\"9:1-9:128\"><strong>Bezkonkuren\u010dn\u00e1 ochrana:<\/strong> Chr\u00e1\u0148te svoju citliv\u00fa elektroniku pred fyzick\u00fdm n\u00e1razom, prachom, vlhkos\u0165ou a ru\u0161en\u00edm EMI.<\/li>\n<li data-sourcepos=\"10:1-11:0\"><strong>Profesion\u00e1lna estetika:<\/strong> Vyjadrite identitu svojej zna\u010dky pomocou elegantn\u00e9ho krytu s vlastn\u00fdm dizajnom, ktor\u00fd dop\u013a\u0148a va\u0161u elektroniku.<\/li>\n<\/ul>\n<h4 data-sourcepos=\"12:1-12:111\"><strong>Kovov\u00e9 kryty na mieru s\u00fa vhodn\u00e9 pre \u0161irok\u00fa \u0161k\u00e1lu elektronick\u00fdch aplik\u00e1ci\u00ed, ktor\u00e9 s\u00fa obmedzen\u00e9 len va\u0161ou predstavivos\u0165ou:<\/strong><\/h4>\n<ul data-sourcepos=\"14:1-14:123\">\n<li data-sourcepos=\"14:1-14:123\"><strong>Vytv\u00e1ranie prototypov a v\u00fdvoj:<\/strong> Vytv\u00e1rajte funk\u010dn\u00e9 kryty pre svoje prototypy, \u010d\u00edm ur\u00fdchlite proces v\u00fdvoja.<\/li>\n<li data-sourcepos=\"15:1-15:117\"><strong>Priemyseln\u00e1 automatiz\u00e1cia:<\/strong> Navrhovanie vlastn\u00fdch krytov pre ovl\u00e1dacie panely, sn\u00edma\u010de a in\u00e9 zariadenia v tov\u00e1r\u0148ach.<\/li>\n<li data-sourcepos=\"16:1-16:106\"><strong>Zdravotn\u00edcke pom\u00f4cky:<\/strong> Vyr\u00e1bajte kryty, ktor\u00e9 sp\u013a\u0148aj\u00fa pr\u00edsne lek\u00e1rske normy pre bezpe\u010dnos\u0165 a hygienu.<\/li>\n<li data-sourcepos=\"17:1-17:114\"><strong>Telekomunik\u00e1cie:<\/strong> V\u00fdvoj vlastn\u00fdch krytov pre sie\u0165ov\u00e9 zariadenia, ktor\u00e9 zabezpe\u010duj\u00fa spo\u013eahliv\u00fd prenos sign\u00e1lu.<\/li>\n<li data-sourcepos=\"18:1-19:0\"><strong>Spotrebn\u00e1 elektronika:<\/strong> Vytvorte jedine\u010dn\u00e9 kryty pre svoje inovat\u00edvne elektronick\u00e9 produkty a odl\u00ed\u0161te svoju zna\u010dku.<\/li>\n<\/ul>\n<h4 data-sourcepos=\"20:1-20:70\"><strong>Proces vytv\u00e1rania kovov\u00e9ho krytu na mieru je zalo\u017een\u00fd na spolupr\u00e1ci:<\/strong><\/h4>\n<ul data-sourcepos=\"22:1-26:0\">\n<li data-sourcepos=\"22:1-22:102\"><strong>Prediskutujte svoje potreby:<\/strong> Pode\u013ete sa o svoje predstavy a po\u017eiadavky na funkcie so sk\u00fasen\u00fdmi in\u017einiermi.<\/li>\n<li data-sourcepos=\"23:1-23:105\"><strong>Spoluvytv\u00e1rajte dizajn:<\/strong> Spolupracujte s dizajn\u00e9rmi a pretavte svoje n\u00e1pady do podrobn\u00fdch technick\u00fdch v\u00fdkresov.<\/li>\n<li data-sourcepos=\"24:1-24:112\"><strong>Prototypujte a zdokona\u013eujte:<\/strong> Pred s\u00e9riovou v\u00fdrobou vytvorte prototyp krytu, aby ste zaistili bezchybn\u00fd tvar a funkciu.<\/li>\n<li data-sourcepos=\"25:1-26:0\"><strong>Vysokokvalitn\u00e1 v\u00fdroba:<\/strong> Vyu\u017e\u00edvajte pokro\u010dil\u00e9 techniky v\u00fdroby kovov na dosiahnutie vynikaj\u00faceho hotov\u00e9ho v\u00fdrobku.<\/li>\n<\/ul>","protected":false},"excerpt":{"rendered":"<p>Invest\u00edciou do kovov\u00fdch krytov na mieru nielen ochr\u00e1nite svoju elektroniku, ale vd\u00fdchnete \u017eivot svojej jedine\u010dnej v\u00edzii. Vytvor\u00edte jedine\u010dn\u00e9 rie\u0161enie, ktor\u00e9 dokonale zapadne do v\u00e1\u0161ho elektronick\u00e9ho diela.<\/p>","protected":false},"featured_media":1701,"template":"","meta":[],"product_cat":[38],"product_tag":[],"_links":{"self":[{"href":"https:\/\/thepcba.com\/sk\/wp-json\/wp\/v2\/product\/1700"}],"collection":[{"href":"https:\/\/thepcba.com\/sk\/wp-json\/wp\/v2\/product"}],"about":[{"href":"https:\/\/thepcba.com\/sk\/wp-json\/wp\/v2\/types\/product"}],"wp:featuredmedia":[{"embeddable":true,"href":"https:\/\/thepcba.com\/sk\/wp-json\/wp\/v2\/media\/1701"}],"wp:attachment":[{"href":"https:\/\/thepcba.com\/sk\/wp-json\/wp\/v2\/media?parent=1700"}],"wp:term":[{"taxonomy":"product_cat","embeddable":true,"href":"https:\/\/thepcba.com\/sk\/wp-json\/wp\/v2\/product_cat?post=1700"},{"taxonomy":"product_tag","embeddable":true,"href":"https:\/\/thepcba.com\/sk\/wp-json\/wp\/v2\/product_tag?post=1700"}],"curies":[{"name":"wp","href":"https:\/\/api.w.org\/{rel}","templated":true}]}}