{"id":1689,"date":"2024-07-16T08:07:52","date_gmt":"2024-07-16T08:07:52","guid":{"rendered":"https:\/\/thepcba.com\/?post_type=product&#038;p=1689"},"modified":"2024-07-16T08:09:51","modified_gmt":"2024-07-16T08:09:51","slug":"instrument-enclosure","status":"publish","type":"product","link":"https:\/\/thepcba.com\/sk\/manufacturer\/instrument-enclosure\/","title":{"rendered":"Kryt pr\u00edstroja"},"content":{"rendered":"<p data-sourcepos=\"3:1-3:244\">Pr\u00edstrojov\u00e1 skri\u0148a je neopozeran\u00fdm hrdinom vedeck\u00e9ho a priemyseln\u00e9ho sveta. Je to ochrann\u00fd kryt, zvy\u010dajne vyroben\u00fd z robustn\u00fdch materi\u00e1lov, ako je hlin\u00edk alebo nehrdzavej\u00faca oce\u013e, ur\u010den\u00fd na ochranu va\u0161ich cenn\u00fdch pr\u00edstrojov pred po\u0161koden\u00edm.<\/p>\n<h4 data-sourcepos=\"5:1-5:79\"><strong>Pova\u017eujte ho za ochrancu v\u00e1\u0161ho zariadenia, ktor\u00fd pon\u00faka z\u00e1kladn\u00e9 v\u00fdhody:<\/strong><\/h4>\n<ul data-sourcepos=\"7:1-9:96\">\n<li data-sourcepos=\"7:1-7:136\"><strong>Odolnos\u0165:<\/strong> Odol\u00e1va fyzick\u00fdm n\u00e1razom, prachu a vlhkosti, \u010d\u00edm zabezpe\u010duje bezchybn\u00fa funk\u010dnos\u0165 va\u0161ich pr\u00edstrojov v r\u00f4znych prostrediach.<\/li>\n<li data-sourcepos=\"8:1-8:127\"><strong>Ochrana \u017eivotn\u00e9ho prostredia:<\/strong> Poskytuje bari\u00e9ru proti nepriazniv\u00fdm podmienkam a predl\u017euje \u017eivotnos\u0165 v\u00e1\u0161ho citliv\u00e9ho zariadenia.<\/li>\n<li data-sourcepos=\"9:1-9:96\"><strong>Regul\u00e1cia teploty:<\/strong> Pom\u00e1ha udr\u017eiava\u0165 optim\u00e1lnu prev\u00e1dzkov\u00fa teplotu va\u0161ich pr\u00edstrojov, najm\u00e4 v pr\u00edpade komponentov citliv\u00fdch na teplo.<\/li>\n<li data-sourcepos=\"10:1-11:0\"><strong>Tienenie proti elektromagnetick\u00e9mu ru\u0161eniu (EMI):<\/strong> Blokuje ne\u017eiaduce elektromagnetick\u00e9 sign\u00e1ly, ktor\u00e9 m\u00f4\u017eu naru\u0161i\u0165 prev\u00e1dzku va\u0161ich pr\u00edstrojov.<\/li>\n<\/ul>\n<h4 data-sourcepos=\"12:1-12:149\"><strong>Pr\u00edstrojov\u00e9 skrine sa dod\u00e1vaj\u00fa v \u0161irokej \u0161k\u00e1le tvarov, ve\u013ekost\u00ed a konfigur\u00e1ci\u00ed, ktor\u00e9 vyhovuj\u00fa va\u0161im \u0161pecifick\u00fdm potreb\u00e1m. Tu s\u00fa niektor\u00e9 be\u017en\u00e9 aplik\u00e1cie:<\/strong><\/h4>\n<ul data-sourcepos=\"14:1-15:95\">\n<li data-sourcepos=\"14:1-14:116\"><strong>Priemyseln\u00e1 automatiz\u00e1cia:<\/strong> Puzdr\u00e1 na ovl\u00e1dacie panely, senzory a in\u00e9 zariadenia v tov\u00e1r\u0148ach a v\u00fdrobn\u00fdch link\u00e1ch.<\/li>\n<li data-sourcepos=\"15:1-15:95\"><strong>Laborat\u00f3ri\u00e1 a v\u00fdskumn\u00e9 zariadenia:<\/strong> Ochrana citliv\u00fdch vedeck\u00fdch pr\u00edstrojov pou\u017e\u00edvan\u00fdch vo v\u00fdskume a v\u00fdvoji.<\/li>\n<li data-sourcepos=\"16:1-16:114\"><strong>Zdravotn\u00edcke vybavenie:<\/strong> Zabezpe\u010denie bezpe\u010dn\u00e9ho a \u010dist\u00e9ho prostredia pre zdravotn\u00edcke pom\u00f4cky pou\u017e\u00edvan\u00e9 v nemocniciach a na klinik\u00e1ch.<\/li>\n<li data-sourcepos=\"17:1-18:0\"><strong>Aplik\u00e1cie v ter\u00e9ne:<\/strong> Pon\u00faka odoln\u00fa ochranu pre pr\u00edstroje pou\u017e\u00edvan\u00e9 vo vonkaj\u0161om prostred\u00ed, ako s\u00fa meteorologick\u00e9 stanice alebo zariadenia na monitorovanie \u017eivotn\u00e9ho prostredia.<\/li>\n<\/ul>\n<h4 data-sourcepos=\"19:1-19:94\"><strong>V\u00fdber spr\u00e1vneho krytu pr\u00edstroja si vy\u017eaduje starostliv\u00e9 zv\u00e1\u017eenie nieko\u013ek\u00fdch faktorov:<\/strong><\/h4>\n<ul data-sourcepos=\"21:1-25:0\">\n<li data-sourcepos=\"21:1-21:135\"><strong>Ve\u013ekos\u0165 a tvar:<\/strong> Uistite sa, \u017ee kryt pohodlne pojme v\u00e1\u0161 pr\u00edstroj a umo\u017e\u0148uje spr\u00e1vne vetranie a pr\u00edstup ku k\u00e1blom.<\/li>\n<li data-sourcepos=\"22:1-22:120\"><strong>Materi\u00e1l:<\/strong> Vyberte si materi\u00e1l, ako je hlin\u00edk pre zn\u00ed\u017eenie hmotnosti alebo nehrdzavej\u00faca oce\u013e pre vynikaj\u00facu odolnos\u0165 vo\u010di kor\u00f3zii.<\/li>\n<li data-sourcepos=\"23:1-23:154\"><strong>Hodnotenie IP:<\/strong> Vyberte si kryt s vhodn\u00fdm stup\u0148om krytia IP (Ingress Protection), aby odolal p\u00f4sobeniu prachu a vody v konkr\u00e9tnom prostred\u00ed.<\/li>\n<li data-sourcepos=\"24:1-25:0\"><strong>Regul\u00e1cia teploty:<\/strong> Ak je rozptyl tepla probl\u00e9mom, zv\u00e1\u017ete chladiace funkcie, ako s\u00fa ventil\u00e1tory alebo vetracie otvory.<\/li>\n<\/ul>","protected":false},"excerpt":{"rendered":"<p>Invest\u00edciou do vysokokvalitn\u00e9ho krytu na pr\u00edstroje nechr\u00e1nite len svoje zariadenie, ale aj integritu a presnos\u0165 svojich \u00fadajov a zabezpe\u010dujete hladk\u00fd priebeh kritick\u00fdch procesov.<\/p>","protected":false},"featured_media":1690,"template":"","meta":[],"product_cat":[38],"product_tag":[],"_links":{"self":[{"href":"https:\/\/thepcba.com\/sk\/wp-json\/wp\/v2\/product\/1689"}],"collection":[{"href":"https:\/\/thepcba.com\/sk\/wp-json\/wp\/v2\/product"}],"about":[{"href":"https:\/\/thepcba.com\/sk\/wp-json\/wp\/v2\/types\/product"}],"wp:featuredmedia":[{"embeddable":true,"href":"https:\/\/thepcba.com\/sk\/wp-json\/wp\/v2\/media\/1690"}],"wp:attachment":[{"href":"https:\/\/thepcba.com\/sk\/wp-json\/wp\/v2\/media?parent=1689"}],"wp:term":[{"taxonomy":"product_cat","embeddable":true,"href":"https:\/\/thepcba.com\/sk\/wp-json\/wp\/v2\/product_cat?post=1689"},{"taxonomy":"product_tag","embeddable":true,"href":"https:\/\/thepcba.com\/sk\/wp-json\/wp\/v2\/product_tag?post=1689"}],"curies":[{"name":"wp","href":"https:\/\/api.w.org\/{rel}","templated":true}]}}