{"id":2164,"date":"2024-10-07T02:52:11","date_gmt":"2024-10-07T02:52:11","guid":{"rendered":"https:\/\/thepcba.com\/?post_type=product&#038;p=2164"},"modified":"2024-10-07T03:01:47","modified_gmt":"2024-10-07T03:01:47","slug":"data-transfer-cable","status":"publish","type":"product","link":"https:\/\/thepcba.com\/ro\/manufacturer\/data-transfer-cable\/","title":{"rendered":"Cablu de transfer de date"},"content":{"rendered":"<h2>Cablu de transfer de date personalizabil: Adapta\u021bi-v\u0103 conectivitatea<\/h2>\n<div class=\"auto-hide-last-sibling-br paragraph-u1TS5p paragraph-element br-paragraph-space\">Cablul de transfer de date este un accesoriu indispensabil pentru toate nevoile dvs. de transfer de date. Realizat cu precizie \u0219i durabilitate \u00een minte, acest cablu ofer\u0103 un transfer de date f\u0103r\u0103 probleme \u0219i eficient \u00eentre diverse dispozitive.<\/div>\n<div><\/div>\n<div class=\"auto-hide-last-sibling-br paragraph-u1TS5p paragraph-element br-paragraph-space\">Ceea ce diferen\u021biaz\u0103 cablul nostru este capacitatea sa de personalizare. \u00cen\u021belegem c\u0103 fiecare utilizator are cerin\u021be unice \u0219i de aceea oferim op\u021biunea de a v\u0103 personaliza cablul. Fie c\u0103 ave\u021bi nevoie de o lungime specific\u0103, de o culoare deosebit\u0103 sau de un design unic al conectorului, noi putem face posibil acest lucru.<\/div>\n<div><\/div>\n<div class=\"auto-hide-last-sibling-br paragraph-u1TS5p paragraph-element br-paragraph-space\">Echipa noastr\u0103 de exper\u021bi este dedicat\u0103 s\u0103 se asigure c\u0103 cablul dvs. personalizat de transfer de date \u00eendepline\u0219te cele mai \u00eenalte standarde de calitate \u0219i performan\u021b\u0103. Folosim numai cele mai bune materiale pentru a asigura durabilitatea \u0219i transferul fiabil de date.<\/div>\n<div><\/div>\n<div class=\"auto-hide-last-sibling-br paragraph-u1TS5p paragraph-element br-paragraph-space\">Cu cablul nostru de transfer de date personalizabil, v\u0103 pute\u021bi personaliza experien\u021ba de conectivitate \u0219i o pute\u021bi face cu adev\u0103rat a dvs. Fie pentru uz personal sau profesional, acest cablu este solu\u021bia perfect\u0103 pentru toate nevoile dvs. de transfer de date. Actualiza\u021bi-v\u0103 conectivitatea ast\u0103zi cu un cablu de transfer de date personalizat.<\/div>","protected":false},"excerpt":{"rendered":"<h3 class=\"text-4 text-info mb-200\">Specifica\u021bii cheie<\/h3>\n<ul>\n<li>Lungimea cablului: <span style=\"color: #333333; font-size: 14.4px;\">4 picioare sau personalizat<\/span><\/li>\n<li><span style=\"color: #333333; font-size: 14.4px;\">Tip conector (cap\u0103t 1): <\/span><span style=\"color: #333333; font-size: 14.4px;\">TIP-C <\/span><\/li>\n<li><span style=\"color: #333333; font-size: 14.4px;\">Tip conector (cap\u0103t 2): <\/span><span style=\"color: #333333; font-size: 14.4px;\">USB-C sau TYPE-C<\/span><\/li>\n<li><span style=\"color: #333333; font-size: 14.4px;\">Rata maxim\u0103 de transfer de date<\/span><span style=\"color: #333333; font-size: 14.4px;\">: 480 megabi\u021bi pe secund\u0103<\/span><\/li>\n<li><span style=\"color: #333333; font-size: 14.4px;\">Material: <\/span><span style=\"color: #333333; font-size: 14.4px;\">PVC<\/span><\/li>\n<li>Culoare: negru, alb sau personalizat<\/li>\n<\/ul>\n<div class=\"zebra-row flex p-200 justify-content-between body-copy-lg\"><\/div>","protected":false},"featured_media":2166,"template":"","meta":[],"product_cat":[39],"product_tag":[],"_links":{"self":[{"href":"https:\/\/thepcba.com\/ro\/wp-json\/wp\/v2\/product\/2164"}],"collection":[{"href":"https:\/\/thepcba.com\/ro\/wp-json\/wp\/v2\/product"}],"about":[{"href":"https:\/\/thepcba.com\/ro\/wp-json\/wp\/v2\/types\/product"}],"wp:featuredmedia":[{"embeddable":true,"href":"https:\/\/thepcba.com\/ro\/wp-json\/wp\/v2\/media\/2166"}],"wp:attachment":[{"href":"https:\/\/thepcba.com\/ro\/wp-json\/wp\/v2\/media?parent=2164"}],"wp:term":[{"taxonomy":"product_cat","embeddable":true,"href":"https:\/\/thepcba.com\/ro\/wp-json\/wp\/v2\/product_cat?post=2164"},{"taxonomy":"product_tag","embeddable":true,"href":"https:\/\/thepcba.com\/ro\/wp-json\/wp\/v2\/product_tag?post=2164"}],"curies":[{"name":"wp","href":"https:\/\/api.w.org\/{rel}","templated":true}]}}