{"id":2170,"date":"2024-10-07T03:21:52","date_gmt":"2024-10-07T03:21:52","guid":{"rendered":"https:\/\/thepcba.com\/?post_type=product&#038;p=2170"},"modified":"2024-10-07T05:54:01","modified_gmt":"2024-10-07T05:54:01","slug":"connection-terminal","status":"publish","type":"product","link":"https:\/\/thepcba.com\/pt\/manufacturer\/connection-terminal\/","title":{"rendered":"Terminal de liga\u00e7\u00e3o"},"content":{"rendered":"<h2 data-sourcepos=\"5:1-5:34\">Tipos de terminais de liga\u00e7\u00e3o:<\/h2>\n<ul data-sourcepos=\"7:1-12:0\">\n<li data-sourcepos=\"7:1-7:97\"><strong>Terminais de parafuso:<\/strong> O tipo mais comum, com um parafuso que fixa o condutor.<\/li>\n<li data-sourcepos=\"8:1-8:74\"><strong>Terminais de mola:<\/strong> Utilizar a tens\u00e3o da mola para manter o condutor no lugar.<\/li>\n<li data-sourcepos=\"9:1-9:111\"><strong>Terminais de encaixe:<\/strong> Permitem uma liga\u00e7\u00e3o r\u00e1pida e f\u00e1cil, bastando empurrar o condutor para o terminal.<\/li>\n<li data-sourcepos=\"10:1-10:87\"><strong>Terminais Crimp:<\/strong> Necessita de uma ferramenta de cravar para fixar o condutor ao terminal.<\/li>\n<li data-sourcepos=\"11:1-12:0\"><strong>Terminais de solda:<\/strong> Ligar os condutores com solda.<\/li>\n<\/ul>\n<h2 data-sourcepos=\"13:1-13:41\">Aplica\u00e7\u00f5es dos terminais de liga\u00e7\u00e3o:<\/h2>\n<ul>\n<li><strong>Quadros el\u00e9ctricos:<\/strong> Ligar os fios aos disjuntores e outros componentes.<\/li>\n<li><strong style=\"color: #555555; font-size: 14.4px;\">Dispositivos electr\u00f3nicos:<\/strong><span style=\"color: #555555; font-size: 14.4px;\"> Ligar os componentes internos e os cabos externos.<\/span><\/li>\n<li><strong style=\"color: #555555; font-size: 14.4px;\">Equipamento industrial:<\/strong><span style=\"color: #555555; font-size: 14.4px;\"> Ligar motores, sensores e outros dispositivos.<\/span><\/li>\n<li><strong style=\"color: #555555; font-size: 14.4px;\">Sistemas autom\u00f3veis:<\/strong><span style=\"color: #555555; font-size: 14.4px;\"> Ligar a cablagem a v\u00e1rios componentes el\u00e9ctricos.<\/span><\/li>\n<li><strong style=\"color: #555555; font-size: 14.4px;\">Electrodom\u00e9sticos:<\/strong><span style=\"color: #555555; font-size: 14.4px;\"> Ligar os cabos de alimenta\u00e7\u00e3o e os componentes internos.<\/span><\/li>\n<\/ul>\n<p>A instala\u00e7\u00e3o correta dos terminais de liga\u00e7\u00e3o \u00e9 essencial para sistemas el\u00e9ctricos seguros e fi\u00e1veis. Consulte as instru\u00e7\u00f5es do fabricante ou procure orienta\u00e7\u00e3o profissional para aplica\u00e7\u00f5es espec\u00edficas.<\/p>","protected":false},"excerpt":{"rendered":"<p>Os terminais de liga\u00e7\u00e3o s\u00e3o componentes cruciais nos sistemas el\u00e9ctricos e electr\u00f3nicos. Servem como pontos de jun\u00e7\u00e3o onde os condutores el\u00e9ctricos, tais como fios ou cabos, s\u00e3o ligados a outros componentes ou dispositivos. Estes terminais asseguram um fluxo fi\u00e1vel e seguro da corrente el\u00e9ctrica.<\/p>\n<h2 data-sourcepos=\"21:1-21:58\">Considera\u00e7\u00f5es chave na escolha dos terminais de liga\u00e7\u00e3o:<\/h2>\n<ul>\n<li><strong>Capacidade atual:<\/strong> Certifique-se de que o terminal pode suportar a corrente necess\u00e1ria.<\/li>\n<li><strong>Classifica\u00e7\u00e3o da tens\u00e3o:<\/strong> Selecionar os terminais adequados \u00e0 tens\u00e3o de funcionamento.<\/li>\n<li><strong>Bitola do fio:<\/strong> Escolha terminais compat\u00edveis com a bitola do fio que est\u00e1 a utilizar.<\/li>\n<li><strong>M\u00e9todo de instala\u00e7\u00e3o:<\/strong> Considere a facilidade de instala\u00e7\u00e3o e as ferramentas necess\u00e1rias.<\/li>\n<li><strong>Factores ambientais:<\/strong> Se o terminal for exposto a condi\u00e7\u00f5es adversas, selecione um com prote\u00e7\u00e3o adequada.<\/li>\n<\/ul>\n<p>Podemos personalizar terminais de v\u00e1rias especifica\u00e7\u00f5es. Quer sejam utilizados em grandes m\u00e1quinas ou t\u00e3o pequenos como numa placa de circuitos, podemos fabricar terminais que satisfa\u00e7am as suas especifica\u00e7\u00f5es. Em termos de materiais, podemos galvanizar, utilizar alum\u00ednio, cobre, etc., de acordo com as suas necessidades.<\/p>\n<p>&nbsp;<\/p>","protected":false},"featured_media":2171,"template":"","meta":[],"product_cat":[39],"product_tag":[],"_links":{"self":[{"href":"https:\/\/thepcba.com\/pt\/wp-json\/wp\/v2\/product\/2170"}],"collection":[{"href":"https:\/\/thepcba.com\/pt\/wp-json\/wp\/v2\/product"}],"about":[{"href":"https:\/\/thepcba.com\/pt\/wp-json\/wp\/v2\/types\/product"}],"wp:featuredmedia":[{"embeddable":true,"href":"https:\/\/thepcba.com\/pt\/wp-json\/wp\/v2\/media\/2171"}],"wp:attachment":[{"href":"https:\/\/thepcba.com\/pt\/wp-json\/wp\/v2\/media?parent=2170"}],"wp:term":[{"taxonomy":"product_cat","embeddable":true,"href":"https:\/\/thepcba.com\/pt\/wp-json\/wp\/v2\/product_cat?post=2170"},{"taxonomy":"product_tag","embeddable":true,"href":"https:\/\/thepcba.com\/pt\/wp-json\/wp\/v2\/product_tag?post=2170"}],"curies":[{"name":"wp","href":"https:\/\/api.w.org\/{rel}","templated":true}]}}