{"id":2164,"date":"2024-10-07T02:52:11","date_gmt":"2024-10-07T02:52:11","guid":{"rendered":"https:\/\/thepcba.com\/?post_type=product&#038;p=2164"},"modified":"2024-10-07T03:01:47","modified_gmt":"2024-10-07T03:01:47","slug":"data-transfer-cable","status":"publish","type":"product","link":"https:\/\/thepcba.com\/pt\/manufacturer\/data-transfer-cable\/","title":{"rendered":"Cabo de transfer\u00eancia de dados"},"content":{"rendered":"<h2>Cabo de transfer\u00eancia de dados personaliz\u00e1vel: Adapte a sua conetividade<\/h2>\n<div class=\"auto-hide-last-sibling-br paragraph-u1TS5p paragraph-element br-paragraph-space\">O cabo de transfer\u00eancia de dados \u00e9 um acess\u00f3rio indispens\u00e1vel para todas as suas necessidades de transfer\u00eancia de dados. Fabricado com precis\u00e3o e durabilidade em mente, este cabo oferece uma transfer\u00eancia de dados eficiente e sem falhas entre v\u00e1rios dispositivos.<\/div>\n<div><\/div>\n<div class=\"auto-hide-last-sibling-br paragraph-u1TS5p paragraph-element br-paragraph-space\">O que distingue o nosso cabo \u00e9 a sua capacidade de personaliza\u00e7\u00e3o. Compreendemos que cada utilizador tem requisitos \u00fanicos, e \u00e9 por isso que oferecemos a op\u00e7\u00e3o de personalizar o seu cabo. Quer necessite de um comprimento espec\u00edfico, de uma cor particular ou de um design de conetor \u00fanico, podemos torn\u00e1-lo realidade.<\/div>\n<div><\/div>\n<div class=\"auto-hide-last-sibling-br paragraph-u1TS5p paragraph-element br-paragraph-space\">A nossa equipa de especialistas dedica-se a garantir que o seu cabo de transfer\u00eancia de dados personalizado cumpre os mais elevados padr\u00f5es de qualidade e desempenho. Utilizamos apenas os melhores materiais para garantir a durabilidade e uma transfer\u00eancia de dados fi\u00e1vel.<\/div>\n<div><\/div>\n<div class=\"auto-hide-last-sibling-br paragraph-u1TS5p paragraph-element br-paragraph-space\">Com o nosso cabo de transfer\u00eancia de dados personaliz\u00e1vel, pode personalizar a sua experi\u00eancia de conetividade e torn\u00e1-la verdadeiramente sua. Quer seja para uso pessoal ou profissional, este cabo \u00e9 a solu\u00e7\u00e3o perfeita para todas as suas necessidades de transfer\u00eancia de dados. Actualize a sua conetividade hoje mesmo com um cabo de transfer\u00eancia de dados personalizado.<\/div>","protected":false},"excerpt":{"rendered":"<h3 class=\"text-4 text-info mb-200\">Especifica\u00e7\u00f5es principais<\/h3>\n<ul>\n<li>Comprimento do cabo: <span style=\"color: #333333; font-size: 14.4px;\">4 p\u00e9s ou personalizado<\/span><\/li>\n<li><span style=\"color: #333333; font-size: 14.4px;\">Tipo de conetor (extremidade 1): <\/span><span style=\"color: #333333; font-size: 14.4px;\">TIPO C <\/span><\/li>\n<li><span style=\"color: #333333; font-size: 14.4px;\">Tipo de conetor (extremidade 2): <\/span><span style=\"color: #333333; font-size: 14.4px;\">USB-C ou TIPO-C<\/span><\/li>\n<li><span style=\"color: #333333; font-size: 14.4px;\">Taxa m\u00e1xima de transfer\u00eancia de dados<\/span><span style=\"color: #333333; font-size: 14.4px;\">: 480 megabits por segundo<\/span><\/li>\n<li><span style=\"color: #333333; font-size: 14.4px;\">Material: <\/span><span style=\"color: #333333; font-size: 14.4px;\">PVC<\/span><\/li>\n<li>Cor: preto, branco ou personalizado<\/li>\n<\/ul>\n<div class=\"zebra-row flex p-200 justify-content-between body-copy-lg\"><\/div>","protected":false},"featured_media":2166,"template":"","meta":[],"product_cat":[39],"product_tag":[],"_links":{"self":[{"href":"https:\/\/thepcba.com\/pt\/wp-json\/wp\/v2\/product\/2164"}],"collection":[{"href":"https:\/\/thepcba.com\/pt\/wp-json\/wp\/v2\/product"}],"about":[{"href":"https:\/\/thepcba.com\/pt\/wp-json\/wp\/v2\/types\/product"}],"wp:featuredmedia":[{"embeddable":true,"href":"https:\/\/thepcba.com\/pt\/wp-json\/wp\/v2\/media\/2166"}],"wp:attachment":[{"href":"https:\/\/thepcba.com\/pt\/wp-json\/wp\/v2\/media?parent=2164"}],"wp:term":[{"taxonomy":"product_cat","embeddable":true,"href":"https:\/\/thepcba.com\/pt\/wp-json\/wp\/v2\/product_cat?post=2164"},{"taxonomy":"product_tag","embeddable":true,"href":"https:\/\/thepcba.com\/pt\/wp-json\/wp\/v2\/product_tag?post=2164"}],"curies":[{"name":"wp","href":"https:\/\/api.w.org\/{rel}","templated":true}]}}