{"id":1700,"date":"2024-07-16T08:29:25","date_gmt":"2024-07-16T08:29:25","guid":{"rendered":"https:\/\/thepcba.com\/?post_type=product&#038;p=1700"},"modified":"2024-07-16T08:30:13","modified_gmt":"2024-07-16T08:30:13","slug":"custom-metal-enclosures","status":"publish","type":"product","link":"https:\/\/thepcba.com\/pt\/manufacturer\/custom-metal-enclosures\/","title":{"rendered":"Caixas met\u00e1licas personalizadas"},"content":{"rendered":"<p data-sourcepos=\"3:1-3:306\">No dom\u00ednio da eletr\u00f3nica, onde a inova\u00e7\u00e3o reina suprema, as solu\u00e7\u00f5es padr\u00e3o s\u00e3o muitas vezes insuficientes. \u00c9 a\u00ed que entram os inv\u00f3lucros met\u00e1licos personalizados, que oferecem o ajuste perfeito para as suas cria\u00e7\u00f5es electr\u00f3nicas \u00fanicas. Estas caixas, meticulosamente fabricadas a partir de materiais robustos como o alum\u00ednio ou o a\u00e7o inoxid\u00e1vel, s\u00e3o concebidas e constru\u00eddas de acordo com as suas especifica\u00e7\u00f5es exactas.<\/p>\n<h4 data-sourcepos=\"5:1-5:91\"><strong>Pense neles como um fato \u00e0 medida para a sua eletr\u00f3nica, com uma s\u00e9rie de vantagens:<\/strong><\/h4>\n<ul data-sourcepos=\"7:1-7:13\">\n<li data-sourcepos=\"7:1-7:13\"><strong>Precis\u00e3o inigual\u00e1vel:<\/strong> Obtenha dimens\u00f5es e configura\u00e7\u00f5es perfeitas, assegurando uma integra\u00e7\u00e3o perfeita dos seus componentes electr\u00f3nicos.<\/li>\n<li data-sourcepos=\"8:1-8:102\"><strong>Funcionalidade melhorada:<\/strong> Carater\u00edsticas de design como ranhuras de ventila\u00e7\u00e3o, recortes e pontos de montagem integrados para otimizar o desempenho.<\/li>\n<li data-sourcepos=\"9:1-9:128\"><strong>Prote\u00e7\u00e3o sem paralelo:<\/strong> Proteja a sua eletr\u00f3nica sens\u00edvel contra impactos f\u00edsicos, poeiras, humidade e interfer\u00eancias EMI.<\/li>\n<li data-sourcepos=\"10:1-11:0\"><strong>Est\u00e9tica profissional:<\/strong> Expresse a identidade da sua marca com uma caixa elegante e personalizada que complementa a sua eletr\u00f3nica.<\/li>\n<\/ul>\n<h4 data-sourcepos=\"12:1-12:111\"><strong>Os inv\u00f3lucros met\u00e1licos personalizados satisfazem uma vasta gama de aplica\u00e7\u00f5es electr\u00f3nicas, limitadas apenas pela sua imagina\u00e7\u00e3o:<\/strong><\/h4>\n<ul data-sourcepos=\"14:1-14:123\">\n<li data-sourcepos=\"14:1-14:123\"><strong>Prototipagem e desenvolvimento:<\/strong> Crie caixas funcionais para os seus prot\u00f3tipos, acelerando o processo de desenvolvimento.<\/li>\n<li data-sourcepos=\"15:1-15:117\"><strong>Automa\u00e7\u00e3o industrial:<\/strong> Conceber caixas personalizadas para pain\u00e9is de controlo, sensores e outros equipamentos em f\u00e1bricas.<\/li>\n<li data-sourcepos=\"16:1-16:106\"><strong>Dispositivos m\u00e9dicos:<\/strong> Fabricar inv\u00f3lucros que cumpram as rigorosas normas m\u00e9dicas de seguran\u00e7a e higiene.<\/li>\n<li data-sourcepos=\"17:1-17:114\"><strong>Telecomunica\u00e7\u00f5es:<\/strong> Desenvolver caixas personalizadas para equipamentos de rede, garantindo uma transmiss\u00e3o fi\u00e1vel do sinal.<\/li>\n<li data-sourcepos=\"18:1-19:0\"><strong>Eletr\u00f3nica de consumo:<\/strong> Crie caixas \u00fanicas para os seus produtos electr\u00f3nicos inovadores, destacando a sua marca.<\/li>\n<\/ul>\n<h4 data-sourcepos=\"20:1-20:70\"><strong>O processo de cria\u00e7\u00e3o de um arm\u00e1rio met\u00e1lico personalizado \u00e9 colaborativo:<\/strong><\/h4>\n<ul data-sourcepos=\"22:1-26:0\">\n<li data-sourcepos=\"22:1-22:102\"><strong>Discuta as suas necessidades:<\/strong> Partilhe a sua vis\u00e3o e os seus requisitos de funcionalidade com engenheiros experientes.<\/li>\n<li data-sourcepos=\"23:1-23:105\"><strong>Co-criar o design:<\/strong> Trabalhar com designers para traduzir as suas ideias em desenhos t\u00e9cnicos pormenorizados.<\/li>\n<li data-sourcepos=\"24:1-24:112\"><strong>Criar um prot\u00f3tipo e aperfei\u00e7oar:<\/strong> Criar um prot\u00f3tipo do inv\u00f3lucro para garantir uma forma e uma fun\u00e7\u00e3o perfeitas antes da produ\u00e7\u00e3o em massa.<\/li>\n<li data-sourcepos=\"25:1-26:0\"><strong>Fabrico de alta qualidade:<\/strong> Utilizar t\u00e9cnicas avan\u00e7adas de fabrico de metais para obter um produto acabado de qualidade superior.<\/li>\n<\/ul>","protected":false},"excerpt":{"rendered":"<p>Ao investir em caixas met\u00e1licas personalizadas, n\u00e3o est\u00e1 apenas a proteger a sua eletr\u00f3nica, est\u00e1 a dar vida \u00e0 sua vis\u00e3o \u00fanica. Est\u00e1 a criar uma solu\u00e7\u00e3o \u00fanica que se integra perfeitamente na sua obra-prima eletr\u00f3nica.<\/p>","protected":false},"featured_media":1701,"template":"","meta":[],"product_cat":[38],"product_tag":[],"_links":{"self":[{"href":"https:\/\/thepcba.com\/pt\/wp-json\/wp\/v2\/product\/1700"}],"collection":[{"href":"https:\/\/thepcba.com\/pt\/wp-json\/wp\/v2\/product"}],"about":[{"href":"https:\/\/thepcba.com\/pt\/wp-json\/wp\/v2\/types\/product"}],"wp:featuredmedia":[{"embeddable":true,"href":"https:\/\/thepcba.com\/pt\/wp-json\/wp\/v2\/media\/1701"}],"wp:attachment":[{"href":"https:\/\/thepcba.com\/pt\/wp-json\/wp\/v2\/media?parent=1700"}],"wp:term":[{"taxonomy":"product_cat","embeddable":true,"href":"https:\/\/thepcba.com\/pt\/wp-json\/wp\/v2\/product_cat?post=1700"},{"taxonomy":"product_tag","embeddable":true,"href":"https:\/\/thepcba.com\/pt\/wp-json\/wp\/v2\/product_tag?post=1700"}],"curies":[{"name":"wp","href":"https:\/\/api.w.org\/{rel}","templated":true}]}}