{"id":1689,"date":"2024-07-16T08:07:52","date_gmt":"2024-07-16T08:07:52","guid":{"rendered":"https:\/\/thepcba.com\/?post_type=product&#038;p=1689"},"modified":"2024-07-16T08:09:51","modified_gmt":"2024-07-16T08:09:51","slug":"instrument-enclosure","status":"publish","type":"product","link":"https:\/\/thepcba.com\/pt\/manufacturer\/instrument-enclosure\/","title":{"rendered":"Caixa de instrumentos"},"content":{"rendered":"<p data-sourcepos=\"3:1-3:244\">Um inv\u00f3lucro para instrumentos \u00e9 o her\u00f3i desconhecido do mundo cient\u00edfico e industrial. \u00c9 um inv\u00f3lucro protetor, normalmente fabricado com materiais robustos como o alum\u00ednio ou o a\u00e7o inoxid\u00e1vel, concebido para proteger os seus valiosos instrumentos contra danos.<\/p>\n<h4 data-sourcepos=\"5:1-5:79\"><strong>Pense nele como um guarda-costas para o seu equipamento, oferecendo benef\u00edcios essenciais:<\/strong><\/h4>\n<ul data-sourcepos=\"7:1-9:96\">\n<li data-sourcepos=\"7:1-7:136\"><strong>Durabilidade:<\/strong> Resiste ao impacto f\u00edsico, ao p\u00f3 e \u00e0 humidade, garantindo que os seus instrumentos funcionam sem falhas em v\u00e1rios ambientes.<\/li>\n<li data-sourcepos=\"8:1-8:127\"><strong>Prote\u00e7\u00e3o do ambiente:<\/strong> Proporciona uma barreira contra condi\u00e7\u00f5es adversas, prolongando a vida \u00fatil do seu equipamento delicado.<\/li>\n<li data-sourcepos=\"9:1-9:96\"><strong>Regula\u00e7\u00e3o da temperatura:<\/strong> Ajuda a manter temperaturas de funcionamento \u00f3ptimas para os seus instrumentos, especialmente para componentes sens\u00edveis ao calor.<\/li>\n<li data-sourcepos=\"10:1-11:0\"><strong>Blindagem contra interfer\u00eancia electromagn\u00e9tica (EMI):<\/strong> Bloqueia sinais electromagn\u00e9ticos indesejados que podem perturbar o funcionamento dos seus instrumentos.<\/li>\n<\/ul>\n<h4 data-sourcepos=\"12:1-12:149\"><strong>Os inv\u00f3lucros para instrumentos est\u00e3o dispon\u00edveis numa grande variedade de formas, tamanhos e configura\u00e7\u00f5es para se adaptarem \u00e0s suas necessidades espec\u00edficas. Eis algumas aplica\u00e7\u00f5es comuns:<\/strong><\/h4>\n<ul data-sourcepos=\"14:1-15:95\">\n<li data-sourcepos=\"14:1-14:116\"><strong>Automa\u00e7\u00e3o industrial:<\/strong> Alojamento de pain\u00e9is de controlo, sensores e outros equipamentos em f\u00e1bricas e linhas de produ\u00e7\u00e3o.<\/li>\n<li data-sourcepos=\"15:1-15:95\"><strong>Laborat\u00f3rios e instala\u00e7\u00f5es de investiga\u00e7\u00e3o:<\/strong> Prote\u00e7\u00e3o de instrumentos cient\u00edficos sens\u00edveis utilizados na investiga\u00e7\u00e3o e desenvolvimento.<\/li>\n<li data-sourcepos=\"16:1-16:114\"><strong>Equipamento m\u00e9dico:<\/strong> Proporcionar um ambiente seguro e limpo para dispositivos m\u00e9dicos utilizados em hospitais e cl\u00ednicas.<\/li>\n<li data-sourcepos=\"17:1-18:0\"><strong>Aplica\u00e7\u00f5es no terreno:<\/strong> Oferecem uma prote\u00e7\u00e3o robusta para instrumentos utilizados em ambientes exteriores, como esta\u00e7\u00f5es meteorol\u00f3gicas ou equipamento de monitoriza\u00e7\u00e3o ambiental.<\/li>\n<\/ul>\n<h4 data-sourcepos=\"19:1-19:94\"><strong>A escolha do inv\u00f3lucro de instrumento correto requer uma an\u00e1lise cuidadosa de v\u00e1rios factores:<\/strong><\/h4>\n<ul data-sourcepos=\"21:1-25:0\">\n<li data-sourcepos=\"21:1-21:135\"><strong>Tamanho e forma:<\/strong> Certifique-se de que a caixa acomoda confortavelmente o seu instrumento e permite uma ventila\u00e7\u00e3o adequada e o acesso aos cabos.<\/li>\n<li data-sourcepos=\"22:1-22:120\"><strong>Material:<\/strong> Escolha um material como o alum\u00ednio para poupar peso ou o a\u00e7o inoxid\u00e1vel para uma maior resist\u00eancia \u00e0 corros\u00e3o.<\/li>\n<li data-sourcepos=\"23:1-23:154\"><strong>Classifica\u00e7\u00e3o IP:<\/strong> Selecione um inv\u00f3lucro com uma classifica\u00e7\u00e3o IP (Ingress Protection) adequada para suportar a exposi\u00e7\u00e3o ao p\u00f3 e \u00e0 \u00e1gua no seu ambiente espec\u00edfico.<\/li>\n<li data-sourcepos=\"24:1-25:0\"><strong>Controlo da temperatura:<\/strong> Considere a possibilidade de utilizar funcionalidades de arrefecimento, como ventoinhas ou aberturas de ventila\u00e7\u00e3o, se a dissipa\u00e7\u00e3o de calor for uma preocupa\u00e7\u00e3o.<\/li>\n<\/ul>","protected":false},"excerpt":{"rendered":"<p>Ao investir numa caixa de instrumentos de alta qualidade, n\u00e3o est\u00e1 apenas a proteger o seu equipamento, est\u00e1 a salvaguardar a integridade e a precis\u00e3o dos seus dados e a garantir o bom funcionamento dos seus processos cr\u00edticos.<\/p>","protected":false},"featured_media":1690,"template":"","meta":[],"product_cat":[38],"product_tag":[],"_links":{"self":[{"href":"https:\/\/thepcba.com\/pt\/wp-json\/wp\/v2\/product\/1689"}],"collection":[{"href":"https:\/\/thepcba.com\/pt\/wp-json\/wp\/v2\/product"}],"about":[{"href":"https:\/\/thepcba.com\/pt\/wp-json\/wp\/v2\/types\/product"}],"wp:featuredmedia":[{"embeddable":true,"href":"https:\/\/thepcba.com\/pt\/wp-json\/wp\/v2\/media\/1690"}],"wp:attachment":[{"href":"https:\/\/thepcba.com\/pt\/wp-json\/wp\/v2\/media?parent=1689"}],"wp:term":[{"taxonomy":"product_cat","embeddable":true,"href":"https:\/\/thepcba.com\/pt\/wp-json\/wp\/v2\/product_cat?post=1689"},{"taxonomy":"product_tag","embeddable":true,"href":"https:\/\/thepcba.com\/pt\/wp-json\/wp\/v2\/product_tag?post=1689"}],"curies":[{"name":"wp","href":"https:\/\/api.w.org\/{rel}","templated":true}]}}