{"id":2174,"date":"2024-10-07T06:10:53","date_gmt":"2024-10-07T06:10:53","guid":{"rendered":"https:\/\/thepcba.com\/?post_type=product&#038;p=2174"},"modified":"2024-10-07T06:10:53","modified_gmt":"2024-10-07T06:10:53","slug":"connectors","status":"publish","type":"product","link":"https:\/\/thepcba.com\/pl\/manufacturer\/connectors\/","title":{"rendered":"Z\u0142\u0105cza"},"content":{"rendered":"<h3 data-sourcepos=\"12:1-12:27\">Popularne typy z\u0142\u0105czy:<\/h3>\n<ul data-sourcepos=\"14:1-19:0\">\n<li data-sourcepos=\"14:1-14:97\"><strong>Zaciski \u015brubowe:<\/strong> Najpopularniejszy typ, wyposa\u017cony w \u015brub\u0119, kt\u00f3ra zaciska si\u0119 na przewodzie.<\/li>\n<li data-sourcepos=\"15:1-15:74\"><strong>Zaciski spr\u0119\u017cynowe:<\/strong> U\u017cyj napi\u0119cia spr\u0119\u017cyny, aby utrzyma\u0107 przew\u00f3d na miejscu.<\/li>\n<li data-sourcepos=\"16:1-16:111\"><strong>Zaciski wciskane:<\/strong> Umo\u017cliwiaj\u0105 szybkie i \u0142atwe pod\u0142\u0105czenie poprzez proste wci\u015bni\u0119cie przewodu do zacisku.<\/li>\n<li data-sourcepos=\"17:1-17:87\"><strong>Zaciskane ko\u0144c\u00f3wki:<\/strong> Wymaga narz\u0119dzia do zaciskania, aby przymocowa\u0107 przew\u00f3d do zacisku.<\/li>\n<li data-sourcepos=\"18:1-19:0\"><strong>Zaciski lutowane:<\/strong> Pod\u0142\u0105cz przewody za pomoc\u0105 lutownicy.<\/li>\n<\/ul>\n<h3 data-sourcepos=\"20:1-20:31\">Zastosowania:<\/h3>\n<ul data-sourcepos=\"22:1-27:0\">\n<li data-sourcepos=\"22:1-22:80\"><strong>Panele elektryczne:<\/strong> Pod\u0142\u0105cz przewody do wy\u0142\u0105cznik\u00f3w i innych komponent\u00f3w.<\/li>\n<li data-sourcepos=\"23:1-23:74\"><strong>Urz\u0105dzenia elektroniczne:<\/strong> Pod\u0142\u0105cz wewn\u0119trzne komponenty i zewn\u0119trzne kable.<\/li>\n<li data-sourcepos=\"24:1-24:71\"><strong>Urz\u0105dzenia przemys\u0142owe:<\/strong> Pod\u0142\u0105cz silniki, czujniki i inne urz\u0105dzenia.<\/li>\n<li data-sourcepos=\"25:1-25:74\"><strong>Systemy motoryzacyjne:<\/strong> Pod\u0142\u0105cz okablowanie do r\u00f3\u017cnych komponent\u00f3w elektrycznych.<\/li>\n<li data-sourcepos=\"26:1-27:0\"><strong>Urz\u0105dzenia domowe:<\/strong> Pod\u0142\u0105cz przewody zasilaj\u0105ce i komponenty wewn\u0119trzne.<\/li>\n<\/ul>\n<h3 data-sourcepos=\"28:1-28:48\">Kluczowe kwestie:<\/h3>\n<ul data-sourcepos=\"30:1-35:0\">\n<li data-sourcepos=\"30:1-30:77\"><strong>Aktualna pojemno\u015b\u0107:<\/strong> Upewnij si\u0119, \u017ce z\u0142\u0105cze mo\u017ce obs\u0142u\u017cy\u0107 wymagany pr\u0105d.<\/li>\n<li data-sourcepos=\"31:1-31:75\"><strong>Napi\u0119cie znamionowe:<\/strong> Wybierz z\u0142\u0105cza odpowiednie do napi\u0119cia roboczego.<\/li>\n<li data-sourcepos=\"32:1-32:80\"><strong>Przekr\u00f3j przewodu:<\/strong> Wybierz z\u0142\u0105cza zgodne z u\u017cywan\u0105 \u015brednic\u0105 przewodu.<\/li>\n<li data-sourcepos=\"33:1-33:84\"><strong>Metoda instalacji:<\/strong> We\u017a pod uwag\u0119 \u0142atwo\u015b\u0107 instalacji i wymagane narz\u0119dzia.<\/li>\n<li data-sourcepos=\"34:1-35:0\"><strong>Czynniki \u015brodowiskowe:<\/strong> Je\u015bli z\u0142\u0105cze b\u0119dzie nara\u017cone na trudne warunki, nale\u017cy wybra\u0107 z\u0142\u0105cze z odpowiedni\u0105 ochron\u0105.<\/li>\n<\/ul>\n<p data-sourcepos=\"36:1-36:189\">Prawid\u0142owa instalacja z\u0142\u0105czy ma zasadnicze znaczenie dla bezpiecze\u0144stwa i niezawodno\u015bci system\u00f3w elektrycznych. Nale\u017cy zapozna\u0107 si\u0119 z instrukcjami producenta lub zasi\u0119gn\u0105\u0107 profesjonalnej porady dotycz\u0105cej konkretnych zastosowa\u0144.<\/p>","protected":false},"excerpt":{"rendered":"<p data-sourcepos=\"3:1-3:268\">Z\u0142\u0105cza s\u0105 niezb\u0119dnymi komponentami w systemach elektrycznych i elektronicznych, s\u0142u\u017c\u0105c jako punkty po\u0142\u0105czenia, w kt\u00f3rych przewody elektryczne, takie jak przewody lub kable, s\u0105 po\u0142\u0105czone z innymi komponentami lub urz\u0105dzeniami. Zapewniaj\u0105 one niezawodny i bezpieczny przep\u0142yw pr\u0105du elektrycznego.<\/p>\n<h3 data-sourcepos=\"5:1-5:24\">Rodzaje z\u0142\u0105czy:<\/h3>\n<ul data-sourcepos=\"7:1-11:0\">\n<li data-sourcepos=\"7:1-7:72\"><strong>Z\u0142\u0105cza elektryczne:<\/strong> S\u0142u\u017cy do \u0142\u0105czenia przewod\u00f3w lub kabli elektrycznych.<\/li>\n<li data-sourcepos=\"8:1-8:86\"><strong>\u015awiat\u0142ow\u00f3d <\/strong><strong>Z\u0142\u0105cza:<\/strong> S\u0142u\u017cy do \u0142\u0105czenia \u015bwiat\u0142owod\u00f3w w systemach komunikacyjnych.<\/li>\n<li data-sourcepos=\"9:1-9:90\"><strong>Z\u0142\u0105cza danych:<\/strong> S\u0142u\u017cy do pod\u0142\u0105czania kabli danych, takich jak USB, HDMI lub Ethernet.<\/li>\n<li data-sourcepos=\"10:1-11:0\"><strong>Z\u0142\u0105cza zasilania:<\/strong> S\u0142u\u017cy do pod\u0142\u0105czania kabli zasilaj\u0105cych do urz\u0105dze\u0144 lub system\u00f3w.<\/li>\n<\/ul>","protected":false},"featured_media":2175,"template":"","meta":[],"product_cat":[39],"product_tag":[],"_links":{"self":[{"href":"https:\/\/thepcba.com\/pl\/wp-json\/wp\/v2\/product\/2174"}],"collection":[{"href":"https:\/\/thepcba.com\/pl\/wp-json\/wp\/v2\/product"}],"about":[{"href":"https:\/\/thepcba.com\/pl\/wp-json\/wp\/v2\/types\/product"}],"wp:featuredmedia":[{"embeddable":true,"href":"https:\/\/thepcba.com\/pl\/wp-json\/wp\/v2\/media\/2175"}],"wp:attachment":[{"href":"https:\/\/thepcba.com\/pl\/wp-json\/wp\/v2\/media?parent=2174"}],"wp:term":[{"taxonomy":"product_cat","embeddable":true,"href":"https:\/\/thepcba.com\/pl\/wp-json\/wp\/v2\/product_cat?post=2174"},{"taxonomy":"product_tag","embeddable":true,"href":"https:\/\/thepcba.com\/pl\/wp-json\/wp\/v2\/product_tag?post=2174"}],"curies":[{"name":"wp","href":"https:\/\/api.w.org\/{rel}","templated":true}]}}