{"id":2164,"date":"2024-10-07T02:52:11","date_gmt":"2024-10-07T02:52:11","guid":{"rendered":"https:\/\/thepcba.com\/?post_type=product&#038;p=2164"},"modified":"2024-10-07T03:01:47","modified_gmt":"2024-10-07T03:01:47","slug":"data-transfer-cable","status":"publish","type":"product","link":"https:\/\/thepcba.com\/pl\/manufacturer\/data-transfer-cable\/","title":{"rendered":"Kabel do przesy\u0142ania danych"},"content":{"rendered":"<h2>Konfigurowalny kabel do transferu danych: Dostosuj swoj\u0105 \u0142\u0105czno\u015b\u0107<\/h2>\n<div class=\"auto-hide-last-sibling-br paragraph-u1TS5p paragraph-element br-paragraph-space\">Kabel do transferu danych jest niezb\u0119dnym akcesorium do wszystkich potrzeb zwi\u0105zanych z transferem danych. Wykonany z my\u015bl\u0105 o precyzji i trwa\u0142o\u015bci, kabel ten zapewnia p\u0142ynny i wydajny transfer danych mi\u0119dzy r\u00f3\u017cnymi urz\u0105dzeniami.<\/div>\n<div><\/div>\n<div class=\"auto-hide-last-sibling-br paragraph-u1TS5p paragraph-element br-paragraph-space\">To, co wyr\u00f3\u017cnia nasz kabel, to mo\u017cliwo\u015b\u0107 jego dostosowania. Rozumiemy, \u017ce ka\u017cdy u\u017cytkownik ma unikalne wymagania, dlatego oferujemy mo\u017cliwo\u015b\u0107 dostosowania kabla. Niezale\u017cnie od tego, czy potrzebujesz okre\u015blonej d\u0142ugo\u015bci, konkretnego koloru, czy unikalnego projektu z\u0142\u0105cza, mo\u017cemy to zrobi\u0107.<\/div>\n<div><\/div>\n<div class=\"auto-hide-last-sibling-br paragraph-u1TS5p paragraph-element br-paragraph-space\">Nasz zesp\u00f3\u0142 ekspert\u00f3w dok\u0142ada wszelkich stara\u0144, aby niestandardowy kabel do przesy\u0142ania danych spe\u0142nia\u0142 najwy\u017csze standardy jako\u015bci i wydajno\u015bci. U\u017cywamy tylko najlepszych materia\u0142\u00f3w, aby zapewni\u0107 trwa\u0142o\u015b\u0107 i niezawodny transfer danych.<\/div>\n<div><\/div>\n<div class=\"auto-hide-last-sibling-br paragraph-u1TS5p paragraph-element br-paragraph-space\">Dzi\u0119ki naszemu konfigurowalnemu kablowi do przesy\u0142ania danych mo\u017cesz spersonalizowa\u0107 swoj\u0105 \u0142\u0105czno\u015b\u0107 i uczyni\u0107 j\u0105 naprawd\u0119 swoj\u0105. Zar\u00f3wno do u\u017cytku osobistego, jak i profesjonalnego, ten kabel jest idealnym rozwi\u0105zaniem dla wszystkich potrzeb zwi\u0105zanych z przesy\u0142aniem danych. Ulepsz swoj\u0105 \u0142\u0105czno\u015b\u0107 ju\u017c dzi\u015b dzi\u0119ki niestandardowemu kablowi do przesy\u0142ania danych.<\/div>","protected":false},"excerpt":{"rendered":"<h3 class=\"text-4 text-info mb-200\">Kluczowe specyfikacje<\/h3>\n<ul>\n<li>D\u0142ugo\u015b\u0107 kabla: <span style=\"color: #333333; font-size: 14.4px;\">4 stopy lub niestandardowe<\/span><\/li>\n<li><span style=\"color: #333333; font-size: 14.4px;\">Typ z\u0142\u0105cza (ko\u0144c\u00f3wka 1): <\/span><span style=\"color: #333333; font-size: 14.4px;\">TYP-C <\/span><\/li>\n<li><span style=\"color: #333333; font-size: 14.4px;\">Typ z\u0142\u0105cza (ko\u0144c\u00f3wka 2): <\/span><span style=\"color: #333333; font-size: 14.4px;\">USB-C lub TYPE-C<\/span><\/li>\n<li><span style=\"color: #333333; font-size: 14.4px;\">Maksymalna szybko\u015b\u0107 transferu danych<\/span><span style=\"color: #333333; font-size: 14.4px;\">: 480 megabit\u00f3w na sekund\u0119<\/span><\/li>\n<li><span style=\"color: #333333; font-size: 14.4px;\">Materia\u0142: <\/span><span style=\"color: #333333; font-size: 14.4px;\">PVC<\/span><\/li>\n<li>Kolor: czarny, bia\u0142y lub niestandardowy<\/li>\n<\/ul>\n<div class=\"zebra-row flex p-200 justify-content-between body-copy-lg\"><\/div>","protected":false},"featured_media":2166,"template":"","meta":[],"product_cat":[39],"product_tag":[],"_links":{"self":[{"href":"https:\/\/thepcba.com\/pl\/wp-json\/wp\/v2\/product\/2164"}],"collection":[{"href":"https:\/\/thepcba.com\/pl\/wp-json\/wp\/v2\/product"}],"about":[{"href":"https:\/\/thepcba.com\/pl\/wp-json\/wp\/v2\/types\/product"}],"wp:featuredmedia":[{"embeddable":true,"href":"https:\/\/thepcba.com\/pl\/wp-json\/wp\/v2\/media\/2166"}],"wp:attachment":[{"href":"https:\/\/thepcba.com\/pl\/wp-json\/wp\/v2\/media?parent=2164"}],"wp:term":[{"taxonomy":"product_cat","embeddable":true,"href":"https:\/\/thepcba.com\/pl\/wp-json\/wp\/v2\/product_cat?post=2164"},{"taxonomy":"product_tag","embeddable":true,"href":"https:\/\/thepcba.com\/pl\/wp-json\/wp\/v2\/product_tag?post=2164"}],"curies":[{"name":"wp","href":"https:\/\/api.w.org\/{rel}","templated":true}]}}