{"id":1700,"date":"2024-07-16T08:29:25","date_gmt":"2024-07-16T08:29:25","guid":{"rendered":"https:\/\/thepcba.com\/?post_type=product&#038;p=1700"},"modified":"2024-07-16T08:30:13","modified_gmt":"2024-07-16T08:30:13","slug":"custom-metal-enclosures","status":"publish","type":"product","link":"https:\/\/thepcba.com\/pl\/manufacturer\/custom-metal-enclosures\/","title":{"rendered":"Niestandardowe obudowy metalowe"},"content":{"rendered":"<p data-sourcepos=\"3:1-3:306\">W dziedzinie elektroniki, gdzie kr\u00f3luje innowacyjno\u015b\u0107, standardowe rozwi\u0105zania cz\u0119sto okazuj\u0105 si\u0119 niewystarczaj\u0105ce. W tym miejscu z pomoc\u0105 przychodz\u0105 niestandardowe obudowy metalowe, oferuj\u0105ce idealne dopasowanie do unikalnych kreacji elektronicznych. Obudowy te, starannie wykonane z wytrzyma\u0142ych materia\u0142\u00f3w, takich jak aluminium lub stal nierdzewna, s\u0105 projektowane i budowane zgodnie z dok\u0142adnymi specyfikacjami klienta.<\/p>\n<h4 data-sourcepos=\"5:1-5:91\"><strong>Potraktuj je jak szyty na miar\u0119 garnitur dla Twojej elektroniki, zapewniaj\u0105cy szereg korzy\u015bci:<\/strong><\/h4>\n<ul data-sourcepos=\"7:1-7:13\">\n<li data-sourcepos=\"7:1-7:13\"><strong>Niezr\u00f3wnana precyzja:<\/strong> Osi\u0105gaj idealne wymiary i konfiguracje, zapewniaj\u0105c bezproblemow\u0105 integracj\u0119 komponent\u00f3w elektronicznych.<\/li>\n<li data-sourcepos=\"8:1-8:102\"><strong>Rozszerzona funkcjonalno\u015b\u0107:<\/strong> Cechy konstrukcyjne, takie jak otwory wentylacyjne, wyci\u0119cia i zintegrowane punkty monta\u017cowe, optymalizuj\u0105 wydajno\u015b\u0107.<\/li>\n<li data-sourcepos=\"9:1-9:128\"><strong>Niezr\u00f3wnana ochrona:<\/strong> Chroni wra\u017cliw\u0105 elektronik\u0119 przed uderzeniami fizycznymi, kurzem, wilgoci\u0105 i zak\u0142\u00f3ceniami EMI.<\/li>\n<li data-sourcepos=\"10:1-11:0\"><strong>Profesjonalna estetyka:<\/strong> Wyra\u017a to\u017csamo\u015b\u0107 swojej marki za pomoc\u0105 eleganckiej, niestandardowo zaprojektowanej obudowy, kt\u00f3ra uzupe\u0142ni Twoj\u0105 elektronik\u0119.<\/li>\n<\/ul>\n<h4 data-sourcepos=\"12:1-12:111\"><strong>Niestandardowe obudowy metalowe zaspokajaj\u0105 szeroki wachlarz zastosowa\u0144 elektronicznych, ograniczonych jedynie wyobra\u017ani\u0105 u\u017cytkownika:<\/strong><\/h4>\n<ul data-sourcepos=\"14:1-14:123\">\n<li data-sourcepos=\"14:1-14:123\"><strong>Prototypowanie i rozw\u00f3j:<\/strong> Tw\u00f3rz funkcjonalne obudowy dla swoich prototyp\u00f3w, przyspieszaj\u0105c proces rozwoju.<\/li>\n<li data-sourcepos=\"15:1-15:117\"><strong>Automatyka przemys\u0142owa:<\/strong> Projektowanie niestandardowych obud\u00f3w dla paneli sterowania, czujnik\u00f3w i innego sprz\u0119tu w fabrykach.<\/li>\n<li data-sourcepos=\"16:1-16:106\"><strong>Urz\u0105dzenia medyczne:<\/strong> Produkujemy obudowy spe\u0142niaj\u0105ce rygorystyczne standardy medyczne w zakresie bezpiecze\u0144stwa i higieny.<\/li>\n<li data-sourcepos=\"17:1-17:114\"><strong>Telekomunikacja:<\/strong> Opracowanie niestandardowych obud\u00f3w dla sprz\u0119tu sieciowego, zapewniaj\u0105cych niezawodn\u0105 transmisj\u0119 sygna\u0142u.<\/li>\n<li data-sourcepos=\"18:1-19:0\"><strong>Elektronika u\u017cytkowa:<\/strong> Tw\u00f3rz unikalne obudowy dla swoich innowacyjnych produkt\u00f3w elektronicznych, wyr\u00f3\u017cniaj\u0105c swoj\u0105 mark\u0119.<\/li>\n<\/ul>\n<h4 data-sourcepos=\"20:1-20:70\"><strong>Proces tworzenia niestandardowej metalowej obudowy jest oparty na wsp\u00f3\u0142pracy:<\/strong><\/h4>\n<ul data-sourcepos=\"22:1-26:0\">\n<li data-sourcepos=\"22:1-22:102\"><strong>Om\u00f3w swoje potrzeby:<\/strong> Podziel si\u0119 swoj\u0105 wizj\u0105 i wymaganiami dotycz\u0105cymi funkcjonalno\u015bci z do\u015bwiadczonymi in\u017cynierami.<\/li>\n<li data-sourcepos=\"23:1-23:105\"><strong>Wsp\u00f3\u0142tworzenie projektu:<\/strong> Wsp\u00f3\u0142praca z projektantami w celu prze\u0142o\u017cenia pomys\u0142\u00f3w na szczeg\u00f3\u0142owe rysunki techniczne.<\/li>\n<li data-sourcepos=\"24:1-24:112\"><strong>Prototypowanie i udoskonalanie:<\/strong> Prototypowanie obudowy w celu zapewnienia doskona\u0142ej formy i funkcjonalno\u015bci przed masow\u0105 produkcj\u0105.<\/li>\n<li data-sourcepos=\"25:1-26:0\"><strong>Wysoka jako\u015b\u0107 wykonania:<\/strong> Wykorzystaj zaawansowane techniki produkcji metalu, aby uzyska\u0107 doskona\u0142y produkt ko\u0144cowy.<\/li>\n<\/ul>","protected":false},"excerpt":{"rendered":"<p>Inwestuj\u0105c w niestandardowe obudowy metalowe, nie tylko chronisz swoj\u0105 elektronik\u0119, ale tak\u017ce nadajesz \u017cycie swojej unikalnej wizji. Tworzysz jedyne w swoim rodzaju rozwi\u0105zanie, kt\u00f3re doskonale integruje si\u0119 z Twoim elektronicznym arcydzie\u0142em.<\/p>","protected":false},"featured_media":1701,"template":"","meta":[],"product_cat":[38],"product_tag":[],"_links":{"self":[{"href":"https:\/\/thepcba.com\/pl\/wp-json\/wp\/v2\/product\/1700"}],"collection":[{"href":"https:\/\/thepcba.com\/pl\/wp-json\/wp\/v2\/product"}],"about":[{"href":"https:\/\/thepcba.com\/pl\/wp-json\/wp\/v2\/types\/product"}],"wp:featuredmedia":[{"embeddable":true,"href":"https:\/\/thepcba.com\/pl\/wp-json\/wp\/v2\/media\/1701"}],"wp:attachment":[{"href":"https:\/\/thepcba.com\/pl\/wp-json\/wp\/v2\/media?parent=1700"}],"wp:term":[{"taxonomy":"product_cat","embeddable":true,"href":"https:\/\/thepcba.com\/pl\/wp-json\/wp\/v2\/product_cat?post=1700"},{"taxonomy":"product_tag","embeddable":true,"href":"https:\/\/thepcba.com\/pl\/wp-json\/wp\/v2\/product_tag?post=1700"}],"curies":[{"name":"wp","href":"https:\/\/api.w.org\/{rel}","templated":true}]}}