{"id":1689,"date":"2024-07-16T08:07:52","date_gmt":"2024-07-16T08:07:52","guid":{"rendered":"https:\/\/thepcba.com\/?post_type=product&#038;p=1689"},"modified":"2024-07-16T08:09:51","modified_gmt":"2024-07-16T08:09:51","slug":"instrument-enclosure","status":"publish","type":"product","link":"https:\/\/thepcba.com\/pl\/manufacturer\/instrument-enclosure\/","title":{"rendered":"Obudowa przyrz\u0105du"},"content":{"rendered":"<p data-sourcepos=\"3:1-3:244\">Obudowa przyrz\u0105du jest niedocenianym bohaterem \u015bwiata nauki i przemys\u0142u. Jest to obudowa ochronna, zwykle wykonana z wytrzyma\u0142ych materia\u0142\u00f3w, takich jak aluminium lub stal nierdzewna, zaprojektowana w celu ochrony cennych instrument\u00f3w przed uszkodzeniem.<\/p>\n<h4 data-sourcepos=\"5:1-5:79\"><strong>Pomy\u015bl o nim jak o ochroniarzu dla swojego sprz\u0119tu, oferuj\u0105cym istotne korzy\u015bci:<\/strong><\/h4>\n<ul data-sourcepos=\"7:1-9:96\">\n<li data-sourcepos=\"7:1-7:136\"><strong>Trwa\u0142o\u015b\u0107:<\/strong> Odporny na uderzenia fizyczne, kurz i wilgo\u0107, zapewnia bezb\u0142\u0119dne dzia\u0142anie instrument\u00f3w w r\u00f3\u017cnych \u015brodowiskach.<\/li>\n<li data-sourcepos=\"8:1-8:127\"><strong>Ochrona \u015brodowiska:<\/strong> Zapewnia barier\u0119 przed trudnymi warunkami, wyd\u0142u\u017caj\u0105c \u017cywotno\u015b\u0107 delikatnego sprz\u0119tu.<\/li>\n<li data-sourcepos=\"9:1-9:96\"><strong>Regulacja temperatury:<\/strong> Pomaga utrzyma\u0107 optymaln\u0105 temperatur\u0119 pracy urz\u0105dze\u0144, szczeg\u00f3lnie w przypadku komponent\u00f3w wra\u017cliwych na ciep\u0142o.<\/li>\n<li data-sourcepos=\"10:1-11:0\"><strong>Ekranowanie zak\u0142\u00f3ce\u0144 elektromagnetycznych (EMI):<\/strong> Blokuje niepo\u017c\u0105dane sygna\u0142y elektromagnetyczne, kt\u00f3re mog\u0105 zak\u0142\u00f3ca\u0107 dzia\u0142anie instrument\u00f3w.<\/li>\n<\/ul>\n<h4 data-sourcepos=\"12:1-12:149\"><strong>Obudowy przyrz\u0105d\u00f3w s\u0105 dost\u0119pne w wielu r\u00f3\u017cnych kszta\u0142tach, rozmiarach i konfiguracjach, aby spe\u0142ni\u0107 okre\u015blone potrzeby. Oto kilka typowych zastosowa\u0144:<\/strong><\/h4>\n<ul data-sourcepos=\"14:1-15:95\">\n<li data-sourcepos=\"14:1-14:116\"><strong>Automatyka przemys\u0142owa:<\/strong> Obudowa paneli sterowania, czujnik\u00f3w i innego sprz\u0119tu w fabrykach i na liniach produkcyjnych.<\/li>\n<li data-sourcepos=\"15:1-15:95\"><strong>Laboratoria i obiekty badawcze:<\/strong> Ochrona wra\u017cliwych instrument\u00f3w naukowych wykorzystywanych w badaniach i rozwoju.<\/li>\n<li data-sourcepos=\"16:1-16:114\"><strong>Sprz\u0119t medyczny:<\/strong> Zapewnienie bezpiecznego i czystego \u015brodowiska dla urz\u0105dze\u0144 medycznych u\u017cywanych w szpitalach i klinikach.<\/li>\n<li data-sourcepos=\"17:1-18:0\"><strong>Aplikacje terenowe:<\/strong> Oferuje solidn\u0105 ochron\u0119 dla instrument\u00f3w u\u017cywanych w \u015brodowiskach zewn\u0119trznych, takich jak stacje pogodowe lub sprz\u0119t do monitorowania \u015brodowiska.<\/li>\n<\/ul>\n<h4 data-sourcepos=\"19:1-19:94\"><strong>Wyb\u00f3r odpowiedniej obudowy wymaga starannego rozwa\u017cenia kilku czynnik\u00f3w:<\/strong><\/h4>\n<ul data-sourcepos=\"21:1-25:0\">\n<li data-sourcepos=\"21:1-21:135\"><strong>Rozmiar i kszta\u0142t:<\/strong> Upewnij si\u0119, \u017ce obudowa wygodnie pomie\u015bci urz\u0105dzenie i zapewni odpowiedni\u0105 wentylacj\u0119 oraz dost\u0119p do kabli.<\/li>\n<li data-sourcepos=\"22:1-22:120\"><strong>Materia\u0142:<\/strong> Wybierz materia\u0142, taki jak aluminium, aby zmniejszy\u0107 wag\u0119 lub stal nierdzewna, aby uzyska\u0107 doskona\u0142\u0105 odporno\u015b\u0107 na korozj\u0119.<\/li>\n<li data-sourcepos=\"23:1-23:154\"><strong>Stopie\u0144 ochrony IP:<\/strong> Wybierz obudow\u0119 o odpowiednim stopniu ochrony IP (Ingress Protection), aby by\u0142a odporna na dzia\u0142anie py\u0142u i wody w okre\u015blonym \u015brodowisku.<\/li>\n<li data-sourcepos=\"24:1-25:0\"><strong>Kontrola temperatury:<\/strong> Rozwa\u017c funkcje ch\u0142odzenia, takie jak wentylatory lub otwory wentylacyjne, je\u015bli rozpraszanie ciep\u0142a jest istotne.<\/li>\n<\/ul>","protected":false},"excerpt":{"rendered":"<p>Inwestuj\u0105c w wysokiej jako\u015bci obudow\u0119 przyrz\u0105du, nie tylko chronisz sw\u00f3j sprz\u0119t, ale tak\u017ce zabezpieczasz integralno\u015b\u0107 i dok\u0142adno\u015b\u0107 danych oraz zapewniasz p\u0142ynne dzia\u0142anie krytycznych proces\u00f3w.<\/p>","protected":false},"featured_media":1690,"template":"","meta":[],"product_cat":[38],"product_tag":[],"_links":{"self":[{"href":"https:\/\/thepcba.com\/pl\/wp-json\/wp\/v2\/product\/1689"}],"collection":[{"href":"https:\/\/thepcba.com\/pl\/wp-json\/wp\/v2\/product"}],"about":[{"href":"https:\/\/thepcba.com\/pl\/wp-json\/wp\/v2\/types\/product"}],"wp:featuredmedia":[{"embeddable":true,"href":"https:\/\/thepcba.com\/pl\/wp-json\/wp\/v2\/media\/1690"}],"wp:attachment":[{"href":"https:\/\/thepcba.com\/pl\/wp-json\/wp\/v2\/media?parent=1689"}],"wp:term":[{"taxonomy":"product_cat","embeddable":true,"href":"https:\/\/thepcba.com\/pl\/wp-json\/wp\/v2\/product_cat?post=1689"},{"taxonomy":"product_tag","embeddable":true,"href":"https:\/\/thepcba.com\/pl\/wp-json\/wp\/v2\/product_tag?post=1689"}],"curies":[{"name":"wp","href":"https:\/\/api.w.org\/{rel}","templated":true}]}}