{"id":2225,"date":"2024-10-24T09:29:59","date_gmt":"2024-10-24T09:29:59","guid":{"rendered":"https:\/\/thepcba.com\/manufacturer\/optical-power-meterdw-6000\/"},"modified":"2024-10-24T09:35:07","modified_gmt":"2024-10-24T09:35:07","slug":"optical-power-meterdw-6000","status":"publish","type":"product","link":"https:\/\/thepcba.com\/lv\/manufacturer\/optical-power-meterdw-6000\/","title":{"rendered":"Optisk\u0101s jaudas m\u0113r\u012bt\u0101js DW-6000"},"content":{"rendered":"","protected":false},"excerpt":{"rendered":"<p>Kr\u0101sa: zila<br \/>\nTips\uff1aNI-MH<br \/>\nAkumulatora z\u012bmols \uff1aSANYO<br \/>\nSpriegums \uff1a7,2 V<br \/>\nJauda \uff1a2600 mAh<br \/>\nSvars \uff1a175 g<br \/>\nIzm\u0113rs: 72,75 * 65,01 * 15,03 mm<\/p>","protected":false},"featured_media":2241,"template":"","meta":[],"product_cat":[40],"product_tag":[],"_links":{"self":[{"href":"https:\/\/thepcba.com\/lv\/wp-json\/wp\/v2\/product\/2225"}],"collection":[{"href":"https:\/\/thepcba.com\/lv\/wp-json\/wp\/v2\/product"}],"about":[{"href":"https:\/\/thepcba.com\/lv\/wp-json\/wp\/v2\/types\/product"}],"wp:featuredmedia":[{"embeddable":true,"href":"https:\/\/thepcba.com\/lv\/wp-json\/wp\/v2\/media\/2241"}],"wp:attachment":[{"href":"https:\/\/thepcba.com\/lv\/wp-json\/wp\/v2\/media?parent=2225"}],"wp:term":[{"taxonomy":"product_cat","embeddable":true,"href":"https:\/\/thepcba.com\/lv\/wp-json\/wp\/v2\/product_cat?post=2225"},{"taxonomy":"product_tag","embeddable":true,"href":"https:\/\/thepcba.com\/lv\/wp-json\/wp\/v2\/product_tag?post=2225"}],"curies":[{"name":"wp","href":"https:\/\/api.w.org\/{rel}","templated":true}]}}