{"id":2164,"date":"2024-10-07T02:52:11","date_gmt":"2024-10-07T02:52:11","guid":{"rendered":"https:\/\/thepcba.com\/?post_type=product&#038;p=2164"},"modified":"2024-10-07T03:01:47","modified_gmt":"2024-10-07T03:01:47","slug":"data-transfer-cable","status":"publish","type":"product","link":"https:\/\/thepcba.com\/lv\/manufacturer\/data-transfer-cable\/","title":{"rendered":"Datu p\u0101rs\u016bt\u012b\u0161anas kabelis"},"content":{"rendered":"<h2>Piel\u0101gojams datu p\u0101rs\u016bt\u012b\u0161anas kabelis: Piel\u0101gojiet savu savienojam\u012bbu<\/h2>\n<div class=\"auto-hide-last-sibling-br paragraph-u1TS5p paragraph-element br-paragraph-space\">Datu p\u0101rs\u016bt\u012b\u0161anas kabelis ir oblig\u0101ts piederums vis\u0101m j\u016bsu datu p\u0101rs\u016bt\u012b\u0161anas vajadz\u012bb\u0101m. \u0160is kabelis ir prec\u012bzi un iztur\u012bgi izgatavots, un tas nodro\u0161ina nevainojamu un efekt\u012bvu datu p\u0101rs\u016bt\u012b\u0161anu starp da\u017e\u0101d\u0101m ier\u012bc\u0113m.<\/div>\n<div><\/div>\n<div class=\"auto-hide-last-sibling-br paragraph-u1TS5p paragraph-element br-paragraph-space\">M\u016bsu kabelis at\u0161\u0137iras ar piel\u0101go\u0161anas iesp\u0113j\u0101m. M\u0113s saprotam, ka katram lietot\u0101jam ir unik\u0101las pras\u012bbas, t\u0101p\u0113c m\u0113s pied\u0101v\u0101jam iesp\u0113ju piel\u0101got j\u016bsu kabeli. Neatkar\u012bgi no t\u0101, vai jums nepiecie\u0161ams konkr\u0113ts garums, konkr\u0113ta kr\u0101sa vai unik\u0101ls savienot\u0101ja dizains, m\u0113s varam to nodro\u0161in\u0101t.<\/div>\n<div><\/div>\n<div class=\"auto-hide-last-sibling-br paragraph-u1TS5p paragraph-element br-paragraph-space\">M\u016bsu ekspertu komanda ir ap\u0146\u0113musies nodro\u0161in\u0101t, lai j\u016bsu piel\u0101gotais datu p\u0101rraides kabelis atbilstu visaugst\u0101kajiem kvalit\u0101tes un veiktsp\u0113jas standartiem. M\u0113s izmantojam tikai lab\u0101kos materi\u0101lus, lai nodro\u0161in\u0101tu iztur\u012bbu un uzticamu datu p\u0101rraidi.<\/div>\n<div><\/div>\n<div class=\"auto-hide-last-sibling-br paragraph-u1TS5p paragraph-element br-paragraph-space\">Izmantojot m\u016bsu piel\u0101gojamo datu p\u0101rs\u016bt\u012b\u0161anas kabeli, varat personaliz\u0113t savu savienojam\u012bbas pieredzi un padar\u012bt to patiesi savu. Neatkar\u012bgi no t\u0101, vai tas paredz\u0113ts person\u012bgai vai profesion\u0101lai lieto\u0161anai, \u0161is kabelis ir ide\u0101ls risin\u0101jums vis\u0101m j\u016bsu datu p\u0101rs\u016bt\u012b\u0161anas vajadz\u012bb\u0101m. Uzlabojiet savu savienojam\u012bbu jau \u0161odien ar piel\u0101gotu datu p\u0101rs\u016bt\u012b\u0161anas kabeli.<\/div>","protected":false},"excerpt":{"rendered":"<h3 class=\"text-4 text-info mb-200\">Galven\u0101s specifik\u0101cijas<\/h3>\n<ul>\n<li>Kabe\u013ca garums: <span style=\"color: #333333; font-size: 14.4px;\">4 p\u0113das vai p\u0113c pas\u016bt\u012bjuma<\/span><\/li>\n<li><span style=\"color: #333333; font-size: 14.4px;\">Savienot\u0101ja tips (1. gals): <\/span><span style=\"color: #333333; font-size: 14.4px;\">TYPE-C <\/span><\/li>\n<li><span style=\"color: #333333; font-size: 14.4px;\">Savienot\u0101ja tips (2. gals): <\/span><span style=\"color: #333333; font-size: 14.4px;\">USB-C vai TYPE-C<\/span><\/li>\n<li><span style=\"color: #333333; font-size: 14.4px;\">Maksim\u0101lais datu p\u0101rs\u016bt\u012b\u0161anas \u0101trums<\/span><span style=\"color: #333333; font-size: 14.4px;\">: 480 megabitu sekund\u0113<\/span><\/li>\n<li><span style=\"color: #333333; font-size: 14.4px;\">Materi\u0101ls: <\/span><span style=\"color: #333333; font-size: 14.4px;\">PVC<\/span><\/li>\n<li>Kr\u0101sa: melna, balta vai piel\u0101gota<\/li>\n<\/ul>\n<div class=\"zebra-row flex p-200 justify-content-between body-copy-lg\"><\/div>","protected":false},"featured_media":2166,"template":"","meta":[],"product_cat":[39],"product_tag":[],"_links":{"self":[{"href":"https:\/\/thepcba.com\/lv\/wp-json\/wp\/v2\/product\/2164"}],"collection":[{"href":"https:\/\/thepcba.com\/lv\/wp-json\/wp\/v2\/product"}],"about":[{"href":"https:\/\/thepcba.com\/lv\/wp-json\/wp\/v2\/types\/product"}],"wp:featuredmedia":[{"embeddable":true,"href":"https:\/\/thepcba.com\/lv\/wp-json\/wp\/v2\/media\/2166"}],"wp:attachment":[{"href":"https:\/\/thepcba.com\/lv\/wp-json\/wp\/v2\/media?parent=2164"}],"wp:term":[{"taxonomy":"product_cat","embeddable":true,"href":"https:\/\/thepcba.com\/lv\/wp-json\/wp\/v2\/product_cat?post=2164"},{"taxonomy":"product_tag","embeddable":true,"href":"https:\/\/thepcba.com\/lv\/wp-json\/wp\/v2\/product_tag?post=2164"}],"curies":[{"name":"wp","href":"https:\/\/api.w.org\/{rel}","templated":true}]}}