{"id":1700,"date":"2024-07-16T08:29:25","date_gmt":"2024-07-16T08:29:25","guid":{"rendered":"https:\/\/thepcba.com\/?post_type=product&#038;p=1700"},"modified":"2024-07-16T08:30:13","modified_gmt":"2024-07-16T08:30:13","slug":"custom-metal-enclosures","status":"publish","type":"product","link":"https:\/\/thepcba.com\/lv\/manufacturer\/custom-metal-enclosures\/","title":{"rendered":"Piel\u0101gotie met\u0101la korpusi"},"content":{"rendered":"<p data-sourcepos=\"3:1-3:306\">Elektronikas jom\u0101, kur valda inov\u0101cijas, standarta risin\u0101jumi bie\u017ei vien ir nepietiekami. Tie\u0161i \u0161eit ir vieta piel\u0101gotiem met\u0101la korpusiem, kas ir ide\u0101li piem\u0113roti j\u016bsu unik\u0101lajiem elektroniskajiem darbiem. \u0160ie korpusi, kas r\u016bp\u012bgi izgatavoti no iztur\u012bgiem materi\u0101liem, piem\u0113ram, alum\u012bnija vai ner\u016bs\u0113jo\u0161\u0101 t\u0113rauda, tiek projekt\u0113ti un izgatavoti atbilsto\u0161i j\u016bsu prec\u012bz\u0101m specifik\u0101cij\u0101m.<\/p>\n<h4 data-sourcepos=\"5:1-5:91\"><strong>Dom\u0101jiet par tiem k\u0101 par \u012bpa\u0161i piel\u0101gotu t\u0113rpu savai elektronikai, kas sniedz virkni priek\u0161roc\u012bbu:<\/strong><\/h4>\n<ul data-sourcepos=\"7:1-7:13\">\n<li data-sourcepos=\"7:1-7:13\"><strong>Nep\u0101rsp\u0113jama precizit\u0101te:<\/strong> Sasniedziet ide\u0101lus izm\u0113rus un konfigur\u0101cijas, nodro\u0161inot nevainojamu elektronisko komponentu integr\u0101ciju.<\/li>\n<li data-sourcepos=\"8:1-8:102\"><strong>Uzlabota funkcionalit\u0101te:<\/strong> Dizaina iez\u012bmes, piem\u0113ram, ventil\u0101cijas atveres, izgriezumi un integr\u0113ti mont\u0101\u017eas punkti, lai optimiz\u0113tu veiktsp\u0113ju.<\/li>\n<li data-sourcepos=\"9:1-9:128\"><strong>Nep\u0101rsp\u0113jama aizsardz\u012bba:<\/strong> Pasarg\u0101jiet jut\u012bgo elektroniku no fiziskas iedarb\u012bbas, putek\u013ciem, mitruma un EMI trauc\u0113jumiem.<\/li>\n<li data-sourcepos=\"10:1-11:0\"><strong>Profesion\u0101l\u0101 est\u0113tika:<\/strong> Izteiksiet savu z\u012bmola identit\u0101ti ar gl\u012btu, piel\u0101gota dizaina korpusu, kas papildina j\u016bsu elektroniku.<\/li>\n<\/ul>\n<h4 data-sourcepos=\"12:1-12:111\"><strong>Piel\u0101gotie met\u0101la korpusi ir piem\u0113roti visda\u017e\u0101d\u0101kajiem elektroniskajiem lietojumiem, ko ierobe\u017eo tikai j\u016bsu izt\u0113le:<\/strong><\/h4>\n<ul data-sourcepos=\"14:1-14:123\">\n<li data-sourcepos=\"14:1-14:123\"><strong>Prototipu izveide un izstr\u0101de:<\/strong> Izveidojiet funkcion\u0101lus apvalkus saviem prototipiem, pa\u0101trinot izstr\u0101des procesu.<\/li>\n<li data-sourcepos=\"15:1-15:117\"><strong>R\u016bpniecisk\u0101 automatiz\u0101cija:<\/strong> Izstr\u0101d\u0101jiet piel\u0101gotus apvalkus vad\u012bbas pane\u013ciem, sensoriem un cit\u0101m iek\u0101rt\u0101m r\u016bpn\u012bc\u0101s.<\/li>\n<li data-sourcepos=\"16:1-16:106\"><strong>Medic\u012bnisk\u0101s ier\u012bces:<\/strong> Izgatavojiet korpusus, kas atbilst stingriem medic\u012bniskiem dro\u0161\u012bbas un higi\u0113nas standartiem.<\/li>\n<li data-sourcepos=\"17:1-17:114\"><strong>Telekomunik\u0101cijas:<\/strong> Izstr\u0101d\u0101jiet piel\u0101gotus korpusus t\u012bkla iek\u0101rt\u0101m, nodro\u0161inot uzticamu sign\u0101la p\u0101rraidi.<\/li>\n<li data-sourcepos=\"18:1-19:0\"><strong>Pla\u0161a pat\u0113ri\u0146a elektronika:<\/strong> Izstr\u0101d\u0101jiet unik\u0101lus korpusus saviem inovat\u012bvajiem elektroniskajiem produktiem, izce\u013cot savu z\u012bmolu.<\/li>\n<\/ul>\n<h4 data-sourcepos=\"20:1-20:70\"><strong>Piel\u0101gota met\u0101la korpusa izveides process ir kop\u012bgs:<\/strong><\/h4>\n<ul data-sourcepos=\"22:1-26:0\">\n<li data-sourcepos=\"22:1-22:102\"><strong>Apspriediet savas vajadz\u012bbas:<\/strong> Padalieties ar pieredz\u0113ju\u0161iem in\u017eenieriem par savu redz\u0113jumu un funkcionalit\u0101tes pras\u012bb\u0101m.<\/li>\n<li data-sourcepos=\"23:1-23:105\"><strong>Kop\u012bgi veidojiet dizainu:<\/strong> Sadarbojieties ar dizaineriem, lai j\u016bsu idejas p\u0101rv\u0113rstu detaliz\u0113tos tehniskajos ras\u0113jumos.<\/li>\n<li data-sourcepos=\"24:1-24:112\"><strong>Izveidojiet un pilnveidojiet prototipu:<\/strong> Pirms masveida ra\u017eo\u0161anas izgatavojiet korpusa prototipu, lai nodro\u0161in\u0101tu nevainojamu formu un funkciju.<\/li>\n<li data-sourcepos=\"25:1-26:0\"><strong>Augstas kvalit\u0101tes ra\u017eo\u0161ana:<\/strong> Izmantojiet progres\u012bvas met\u0101la izgatavo\u0161anas metodes, lai ieg\u016btu izcilu gatavu izstr\u0101d\u0101jumu.<\/li>\n<\/ul>","protected":false},"excerpt":{"rendered":"<p>Ieguldot l\u012bdzek\u013cus piel\u0101gotos met\u0101la korpusos, j\u016bs ne tikai aizsarg\u0101jat savu elektroniku, bet ar\u012b \u012bstenojat savu unik\u0101lo redz\u0113jumu. J\u016bs rad\u0101t unik\u0101lu risin\u0101jumu, kas lieliski sader ar j\u016bsu elektronisko \u0161edevru.<\/p>","protected":false},"featured_media":1701,"template":"","meta":[],"product_cat":[38],"product_tag":[],"_links":{"self":[{"href":"https:\/\/thepcba.com\/lv\/wp-json\/wp\/v2\/product\/1700"}],"collection":[{"href":"https:\/\/thepcba.com\/lv\/wp-json\/wp\/v2\/product"}],"about":[{"href":"https:\/\/thepcba.com\/lv\/wp-json\/wp\/v2\/types\/product"}],"wp:featuredmedia":[{"embeddable":true,"href":"https:\/\/thepcba.com\/lv\/wp-json\/wp\/v2\/media\/1701"}],"wp:attachment":[{"href":"https:\/\/thepcba.com\/lv\/wp-json\/wp\/v2\/media?parent=1700"}],"wp:term":[{"taxonomy":"product_cat","embeddable":true,"href":"https:\/\/thepcba.com\/lv\/wp-json\/wp\/v2\/product_cat?post=1700"},{"taxonomy":"product_tag","embeddable":true,"href":"https:\/\/thepcba.com\/lv\/wp-json\/wp\/v2\/product_tag?post=1700"}],"curies":[{"name":"wp","href":"https:\/\/api.w.org\/{rel}","templated":true}]}}