{"id":1697,"date":"2024-07-16T08:22:03","date_gmt":"2024-07-16T08:22:03","guid":{"rendered":"https:\/\/thepcba.com\/?post_type=product&#038;p=1697"},"modified":"2024-07-16T08:22:10","modified_gmt":"2024-07-16T08:22:10","slug":"metal-enclosures-for-electronics","status":"publish","type":"product","link":"https:\/\/thepcba.com\/lv\/manufacturer\/metal-enclosures-for-electronics\/","title":{"rendered":"Met\u0101la korpusi elektronikai"},"content":{"rendered":"<p data-sourcepos=\"3:1-3:264\">Dinamiskaj\u0101 elektronikas pasaul\u0113 \u013coti svar\u012bgi ir aizsarg\u0101t svar\u012bgus komponentus. Met\u0101la korpusi, kas izgatavoti no iztur\u012bgiem materi\u0101liem, piem\u0113ram, alum\u012bnija vai ner\u016bs\u0113jo\u0161\u0101 t\u0113rauda, kalpo k\u0101 j\u016bsu elektronisko ier\u012b\u010du sargi, nodro\u0161inot to nevainojamu darb\u012bbu un ilgm\u016b\u017e\u012bbu.<\/p>\n<h4 data-sourcepos=\"5:1-5:70\"><strong>Iedom\u0101jieties, ka t\u0101s ir k\u0101 bru\u0146as, kas sniedz daudz priek\u0161roc\u012bbu:<\/strong><\/h4>\n<ul data-sourcepos=\"7:1-9:35\">\n<li data-sourcepos=\"7:1-7:128\"><strong>Iztur\u012bba:<\/strong> Iztur fizisku triecienu, putek\u013cus, mitrumu un koroziju, aizsarg\u0101jot elektroniku skarbos vides apst\u0101k\u013cos.<\/li>\n<li data-sourcepos=\"8:1-8:138\"><strong>Elektromagn\u0113tisko trauc\u0113jumu (EMI) ekran\u0113\u0161ana:<\/strong> Blo\u0137\u0113jiet nev\u0113lamus elektromagn\u0113tiskos sign\u0101lus, kas var trauc\u0113t ier\u012b\u010du darb\u012bbu.<\/li>\n<li data-sourcepos=\"9:1-9:35\"><strong>Siltuma izklied\u0113\u0161ana:<\/strong> Efekt\u012bvi p\u0101rvaldiet elektronisko komponentu rad\u012bto siltumu, nov\u0113r\u0161ot p\u0101rkar\u0161anu un darb\u012bbas trauc\u0113jumus.<\/li>\n<li data-sourcepos=\"10:1-11:0\"><strong>Profesion\u0101l\u0101 izskats:<\/strong> Uzlabojiet savu projektu est\u0113tiku ar gl\u012btu un profesion\u0101lu izskatu.<\/li>\n<\/ul>\n<h4 data-sourcepos=\"12:1-12:161\"><strong>Met\u0101la korpusi ir pieejami visda\u017e\u0101d\u0101kaj\u0101s form\u0101s, izm\u0113ros un konfigur\u0101cij\u0101s, lai apmierin\u0101tu j\u016bsu \u012bpa\u0161\u0101s vajadz\u012bbas. L\u016bk, ieskats to daudzveid\u012bgaj\u0101 pielietojum\u0101:<\/strong><\/h4>\n<ul data-sourcepos=\"14:1-16:129\">\n<li data-sourcepos=\"14:1-14:121\"><strong>R\u016bpniecisk\u0101 automatiz\u0101cija:<\/strong> Vad\u012bbas pane\u013cu, sensoru un citu iek\u0101rtu izvieto\u0161ana r\u016bpn\u012bcu gr\u012bd\u0101s un ra\u017eo\u0161anas l\u012bnij\u0101s.<\/li>\n<li data-sourcepos=\"15:1-15:114\"><strong>Pla\u0161a pat\u0113ri\u0146a elektronika:<\/strong> Televizoru, sp\u0113\u013cu konso\u013cu un audioiek\u0101rtu delik\u0101to komponentu aizsardz\u012bba.<\/li>\n<li data-sourcepos=\"16:1-16:129\"><strong>Telekomunik\u0101cijas:<\/strong> T\u012bkla mar\u0161rut\u0113t\u0101ju, komutatoru un citu sakaru ier\u012b\u010du aizseg\u0161ana, lai nodro\u0161in\u0101tu dro\u0161u sign\u0101la p\u0101rraidi.<\/li>\n<li data-sourcepos=\"17:1-17:118\"><strong>Medic\u012bniskais apr\u012bkojums:<\/strong> Dro\u0161as un t\u012bras vides nodro\u0161in\u0101\u0161ana slimn\u012bc\u0101s un kl\u012bnik\u0101s izmantotajiem medic\u012bnas instrumentiem.<\/li>\n<li data-sourcepos=\"18:1-19:0\"><strong>Zin\u0101tniskie p\u0113t\u012bjumi:<\/strong> Laboratorij\u0101s un p\u0113tniec\u012bbas iest\u0101d\u0113s izmantoto v\u0113rt\u012bgo instrumentu aizsardz\u012bba.<\/li>\n<\/ul>\n<h4 data-sourcepos=\"20:1-20:89\"><strong>Izv\u0113loties pareizo met\u0101la korpusu, ir r\u016bp\u012bgi j\u0101izv\u0113rt\u0113 vair\u0101ki faktori:<\/strong><\/h4>\n<ul data-sourcepos=\"22:1-27:0\">\n<li data-sourcepos=\"22:1-22:123\"><strong>Materi\u0101ls:<\/strong> Izv\u0113lieties alum\u012bniju, kas nodro\u0161ina l\u012bdzsvaru starp svaru un iztur\u012bbu, vai ner\u016bs\u0113jo\u0161o t\u0113raudu, kas nodro\u0161ina izcilu iztur\u012bbu pret koroziju.<\/li>\n<li data-sourcepos=\"23:1-23:135\"><strong>Izm\u0113rs un forma:<\/strong> P\u0101rliecinieties, ka korpuss ir \u0113rts j\u016bsu komponentiem un nodro\u0161ina pareizu ventil\u0101ciju un piek\u013cuvi kabe\u013ciem.<\/li>\n<li data-sourcepos=\"24:1-24:145\"><strong>IP kategorija:<\/strong> Izv\u0113lieties korpusu ar atbilsto\u0161u IP (Ingress Protection) pak\u0101pi, lai iztur\u0113tu putek\u013cu un \u016bdens iedarb\u012bbu j\u016bsu vid\u0113.<\/li>\n<li data-sourcepos=\"25:1-25:123\"><strong>Uzst\u0101d\u012b\u0161anas iesp\u0113jas:<\/strong> Apsveriet, k\u0101 uzst\u0101d\u012bsiet korpusu (pie sienas, uz galda, stat\u012bv\u0101), lai optimiz\u0113tu vietas izmanto\u0161anu.<\/li>\n<li data-sourcepos=\"26:1-27:0\"><strong>Piel\u0101go\u0161ana:<\/strong> Izp\u0113tiet iepriek\u0161 modific\u0113tus vai piln\u012bb\u0101 piel\u0101gojamus korpusus, lai tie piln\u012bb\u0101 atbilstu j\u016bsu projekta pras\u012bb\u0101m.<\/li>\n<\/ul>","protected":false},"excerpt":{"rendered":"<p>Ieguldot l\u012bdzek\u013cus augstas kvalit\u0101tes met\u0101la korpusos, j\u016bs ne tikai aizsarg\u0101jat savu elektroniku, bet ar\u012b veidojat pamatu uzticamai, efekt\u012bvai un profesion\u0101lai elektroniskai sist\u0113mai.<\/p>","protected":false},"featured_media":1698,"template":"","meta":[],"product_cat":[38],"product_tag":[],"_links":{"self":[{"href":"https:\/\/thepcba.com\/lv\/wp-json\/wp\/v2\/product\/1697"}],"collection":[{"href":"https:\/\/thepcba.com\/lv\/wp-json\/wp\/v2\/product"}],"about":[{"href":"https:\/\/thepcba.com\/lv\/wp-json\/wp\/v2\/types\/product"}],"wp:featuredmedia":[{"embeddable":true,"href":"https:\/\/thepcba.com\/lv\/wp-json\/wp\/v2\/media\/1698"}],"wp:attachment":[{"href":"https:\/\/thepcba.com\/lv\/wp-json\/wp\/v2\/media?parent=1697"}],"wp:term":[{"taxonomy":"product_cat","embeddable":true,"href":"https:\/\/thepcba.com\/lv\/wp-json\/wp\/v2\/product_cat?post=1697"},{"taxonomy":"product_tag","embeddable":true,"href":"https:\/\/thepcba.com\/lv\/wp-json\/wp\/v2\/product_tag?post=1697"}],"curies":[{"name":"wp","href":"https:\/\/api.w.org\/{rel}","templated":true}]}}