{"id":1692,"date":"2024-07-16T08:13:36","date_gmt":"2024-07-16T08:13:36","guid":{"rendered":"https:\/\/thepcba.com\/?post_type=product&#038;p=1692"},"modified":"2024-07-16T08:18:04","modified_gmt":"2024-07-16T08:18:04","slug":"wall-mount-enclosure","status":"publish","type":"product","link":"https:\/\/thepcba.com\/lv\/manufacturer\/wall-mount-enclosure\/","title":{"rendered":"Sienas mont\u0101\u017eas korpuss"},"content":{"rendered":"<p data-sourcepos=\"3:1-3:339\">Elektronikas pasaul\u0113 vieta bie\u017ei vien ir d\u0101rga prece. Tie\u0161i \u0161eit noder sienas korpusi, kas pied\u0101v\u0101 vietu taupo\u0161u risin\u0101jumu, lai aizsarg\u0101tu j\u016bsu svar\u012bg\u0101ko apr\u012bkojumu. \u0160ie korpusi, kas parasti ir izgatavoti no t\u0101diem iztur\u012bgiem materi\u0101liem k\u0101 t\u0113rauds vai alum\u012bnijs, ir paredz\u0113ti dro\u0161ai mont\u0101\u017eai tie\u0161i pie sien\u0101m, t\u0101d\u0113j\u0101di maksim\u0101li palielinot gr\u012bdas plat\u012bbu.<\/p>\n<h4 data-sourcepos=\"5:1-5:89\"><strong>Dom\u0101jiet par tiem k\u0101 par supervaro\u0146a apmetni savai elektronikai, kas nodro\u0161ina b\u016btiskas priek\u0161roc\u012bbas:<\/strong><\/h4>\n<ul data-sourcepos=\"7:1-8:79\">\n<li data-sourcepos=\"7:1-7:134\"><strong>Telpas optimiz\u0101cija:<\/strong> Atbr\u012bvojiet v\u0113rt\u012bgu plat\u012bbu, mont\u0113jot apr\u012bkojumu tie\u0161i pie sien\u0101m, kas ir ide\u0101li piem\u0113rots \u0161aur\u0101m telp\u0101m.<\/li>\n<li data-sourcepos=\"8:1-8:79\"><strong>Pieejam\u012bba:<\/strong> Nodro\u0161iniet vieglu piek\u013cuvi apr\u012bkojumam, lai veiktu apkopi vai ekspluat\u0101ciju.<\/li>\n<li data-sourcepos=\"9:1-9:98\"><strong>Aizsardz\u012bba:<\/strong> Pasarg\u0101jiet savu elektroniku no putek\u013ciem, mitruma, fiziskas iedarb\u012bbas un iejauk\u0161an\u0101s.<\/li>\n<li data-sourcepos=\"10:1-11:0\"><strong>Organiz\u0101cija:<\/strong> Uzglab\u0101jiet savus elektriskos komponentus sak\u0101rtotus un netrauc\u0113tus, t\u0101d\u0113j\u0101di radot t\u012bru un profesion\u0101lu est\u0113tiku.<\/li>\n<\/ul>\n<h4 data-sourcepos=\"12:1-12:141\"><strong>Sienas mont\u0101\u017eas korpusi ir pieejami da\u017e\u0101dos izm\u0113ros un konfigur\u0101cij\u0101s, lai atbilstu j\u016bsu \u012bpa\u0161aj\u0101m vajadz\u012bb\u0101m. T\u0101l\u0101k ir min\u0113ti da\u017ei izplat\u012bt\u0101kie pielietojumi:<\/strong><\/h4>\n<ul data-sourcepos=\"14:1-16:58\">\n<li data-sourcepos=\"14:1-14:110\"><strong>R\u016bpniecisk\u0101 automatiz\u0101cija:<\/strong> Vad\u012bbas pane\u013cu, t\u012bkla sl\u0113d\u017eu un citu iek\u0101rtu korpusi r\u016bpn\u012bc\u0101s.<\/li>\n<li data-sourcepos=\"15:1-15:122\"><strong>Telekomunik\u0101cijas:<\/strong> T\u012bkla mar\u0161rut\u0113t\u0101ju, modemu un citu sakaru ier\u012b\u010du novieto\u0161ana birojos un datu centros.<\/li>\n<li data-sourcepos=\"16:1-16:58\"><strong>\u0112ku vad\u012bbas sist\u0113mas:<\/strong> Termostatu, dro\u0161\u012bbas pane\u013cu un citu \u0113ku vad\u012bbas sist\u0113mu aizsardz\u012bba.<\/li>\n<li data-sourcepos=\"17:1-17:137\"><strong>Audio\/video apr\u012bkojums:<\/strong> Projektoru, ska\u0146as sist\u0113mas komponentu un citu AV iek\u0101rtu uzst\u0101d\u012b\u0161ana konferen\u010du telp\u0101s vai lekciju z\u0101l\u0113s.<\/li>\n<li data-sourcepos=\"18:1-19:0\"><strong>Dro\u0161\u012bbas sist\u0113mas:<\/strong> Dro\u0161\u012bbas kameru, signaliz\u0101cijas pane\u013cu un citu dro\u0161\u012bbas iek\u0101rtu izvieto\u0161ana.<\/li>\n<\/ul>\n<h4 data-sourcepos=\"20:1-20:94\"><strong>Izv\u0113loties pareizo sienas mont\u0101\u017eas korpusu, ir r\u016bp\u012bgi j\u0101izv\u0113rt\u0113 vair\u0101ki faktori:<\/strong><\/h4>\n<ul data-sourcepos=\"22:1-26:0\">\n<li data-sourcepos=\"22:1-22:106\"><strong>Izm\u0113rs un svars:<\/strong> Izv\u0113lieties t\u0101du korpusu, kas var pien\u0101c\u012bgi piel\u0101got j\u016bsu apr\u012bkojumu un t\u0101 svaru.<\/li>\n<li data-sourcepos=\"23:1-23:104\"><strong>Materi\u0101ls:<\/strong> Izv\u0113lieties t\u0113raudu, lai nodro\u0161in\u0101tu iztur\u012bbu un iztur\u012bbu, vai alum\u012bniju, lai samazin\u0101tu svaru, ja nepiecie\u0161ams.<\/li>\n<li data-sourcepos=\"24:1-24:134\"><strong>IP kategorija:<\/strong> Vid\u0113m, kur\u0101s ir probl\u0113mas ar putek\u013ciem vai mitrumu, izv\u0113lieties korpusu ar atbilsto\u0161u IP (Ingress Protection) pak\u0101pi.<\/li>\n<li data-sourcepos=\"25:1-26:0\"><strong>Ventil\u0101cija:<\/strong> Ja j\u016bsu apr\u012bkojumam ir svar\u012bga siltuma izklied\u0113\u0161ana, apsveriet korpusus ar ventil\u0101cijas atver\u0113m vai ventilatoriem.<\/li>\n<\/ul>","protected":false},"excerpt":{"rendered":"<p>Ieguldot l\u012bdzek\u013cus labi piem\u0113rot\u0101 sienas stiprin\u0101juma korpus\u0101, j\u016bs ne tikai ietaup\u0101t vietu, bet ar\u012b nodro\u0161in\u0101siet dro\u0161u un dro\u0161u m\u0101jvietu sav\u0101m svar\u012bg\u0101kaj\u0101m elektroniskaj\u0101m iek\u0101rt\u0101m, veicinot efekt\u012bvu darb\u012bbu un t\u012bru, sak\u0101rtotu darba vidi.<\/p>","protected":false},"featured_media":1693,"template":"","meta":[],"product_cat":[38],"product_tag":[],"_links":{"self":[{"href":"https:\/\/thepcba.com\/lv\/wp-json\/wp\/v2\/product\/1692"}],"collection":[{"href":"https:\/\/thepcba.com\/lv\/wp-json\/wp\/v2\/product"}],"about":[{"href":"https:\/\/thepcba.com\/lv\/wp-json\/wp\/v2\/types\/product"}],"wp:featuredmedia":[{"embeddable":true,"href":"https:\/\/thepcba.com\/lv\/wp-json\/wp\/v2\/media\/1693"}],"wp:attachment":[{"href":"https:\/\/thepcba.com\/lv\/wp-json\/wp\/v2\/media?parent=1692"}],"wp:term":[{"taxonomy":"product_cat","embeddable":true,"href":"https:\/\/thepcba.com\/lv\/wp-json\/wp\/v2\/product_cat?post=1692"},{"taxonomy":"product_tag","embeddable":true,"href":"https:\/\/thepcba.com\/lv\/wp-json\/wp\/v2\/product_tag?post=1692"}],"curies":[{"name":"wp","href":"https:\/\/api.w.org\/{rel}","templated":true}]}}