{"id":1689,"date":"2024-07-16T08:07:52","date_gmt":"2024-07-16T08:07:52","guid":{"rendered":"https:\/\/thepcba.com\/?post_type=product&#038;p=1689"},"modified":"2024-07-16T08:09:51","modified_gmt":"2024-07-16T08:09:51","slug":"instrument-enclosure","status":"publish","type":"product","link":"https:\/\/thepcba.com\/lv\/manufacturer\/instrument-enclosure\/","title":{"rendered":"Instrumentu korpuss"},"content":{"rendered":"<p data-sourcepos=\"3:1-3:244\">Instrumentu korpuss ir zin\u0101tnes un r\u016bpniec\u012bbas pasaules neapdzied\u0101tais varonis. Tas ir aizsargapvalks, kas parasti ir izgatavots no iztur\u012bgiem materi\u0101liem, piem\u0113ram, alum\u012bnija vai ner\u016bs\u0113jo\u0161\u0101 t\u0113rauda, un ir paredz\u0113ts, lai pasarg\u0101tu j\u016bsu v\u0113rt\u012bgos instrumentus no boj\u0101jumiem.<\/p>\n<h4 data-sourcepos=\"5:1-5:79\"><strong>Dom\u0101jiet par to k\u0101 par sava apr\u012bkojuma miesassargu, kas pied\u0101v\u0101 b\u016btiskas priek\u0161roc\u012bbas:<\/strong><\/h4>\n<ul data-sourcepos=\"7:1-9:96\">\n<li data-sourcepos=\"7:1-7:136\"><strong>Iztur\u012bba:<\/strong> Iztur fizisku triecienu, putek\u013cus un mitrumu, nodro\u0161inot nevainojamu instrumentu darb\u012bbu da\u017e\u0101d\u0101s vid\u0113s.<\/li>\n<li data-sourcepos=\"8:1-8:127\"><strong>Vides aizsardz\u012bba:<\/strong> Nodro\u0161ina barjeru pret skarbiem apst\u0101k\u013ciem, pagarinot j\u016bsu delik\u0101t\u0101 apr\u012bkojuma kalpo\u0161anas ilgumu.<\/li>\n<li data-sourcepos=\"9:1-9:96\"><strong>Temperat\u016bras regul\u0113\u0161ana:<\/strong> Pal\u012bdz uztur\u0113t optim\u0101lu darba temperat\u016bru j\u016bsu instrumentiem, \u012bpa\u0161i karstumjut\u012bgiem komponentiem.<\/li>\n<li data-sourcepos=\"10:1-11:0\"><strong>Elektromagn\u0113tisko trauc\u0113jumu (EMI) ekran\u0113\u0161ana:<\/strong> Blo\u0137\u0113 nev\u0113lamus elektromagn\u0113tiskos sign\u0101lus, kas var trauc\u0113t j\u016bsu instrumentu darb\u012bbu.<\/li>\n<\/ul>\n<h4 data-sourcepos=\"12:1-12:149\"><strong>Instrumentu korpusi ir pieejami da\u017e\u0101d\u0101s form\u0101s, izm\u0113ros un konfigur\u0101cij\u0101s, lai atbilstu j\u016bsu \u012bpa\u0161aj\u0101m vajadz\u012bb\u0101m. T\u0101l\u0101k ir min\u0113ti da\u017ei izplat\u012bt\u0101kie pielietojumi:<\/strong><\/h4>\n<ul data-sourcepos=\"14:1-15:95\">\n<li data-sourcepos=\"14:1-14:116\"><strong>R\u016bpniecisk\u0101 automatiz\u0101cija:<\/strong> Vad\u012bbas pane\u013cu, sensoru un citu iek\u0101rtu izvieto\u0161ana r\u016bpn\u012bc\u0101s un ra\u017eo\u0161anas l\u012bnij\u0101s.<\/li>\n<li data-sourcepos=\"15:1-15:95\"><strong>Laboratorijas un p\u0113tniec\u012bbas iek\u0101rtas:<\/strong> P\u0113tniec\u012bb\u0101 un izstr\u0101d\u0113 izmantoto sensit\u012bvo zin\u0101tnisko instrumentu aizsardz\u012bba.<\/li>\n<li data-sourcepos=\"16:1-16:114\"><strong>Medic\u012bniskais apr\u012bkojums:<\/strong> Dro\u0161as un t\u012bras vides nodro\u0161in\u0101\u0161ana slimn\u012bc\u0101s un kl\u012bnik\u0101s izmantotaj\u0101m medic\u012bnas ier\u012bc\u0113m.<\/li>\n<li data-sourcepos=\"17:1-18:0\"><strong>Lauka lietojumprogrammas:<\/strong> Pied\u0101v\u0101 iztur\u012bgu aizsardz\u012bbu instrumentiem, ko izmanto \u0101ra apst\u0101k\u013cos, piem\u0113ram, meteorolo\u0123iskaj\u0101m stacij\u0101m vai vides monitoringa iek\u0101rt\u0101m.<\/li>\n<\/ul>\n<h4 data-sourcepos=\"19:1-19:94\"><strong>Izv\u0113loties pareizo instrumentu korpusu, r\u016bp\u012bgi j\u0101izv\u0113rt\u0113 vair\u0101ki faktori:<\/strong><\/h4>\n<ul data-sourcepos=\"21:1-25:0\">\n<li data-sourcepos=\"21:1-21:135\"><strong>Izm\u0113rs un forma:<\/strong> P\u0101rliecinieties, ka korpuss ir \u0113rts j\u016bsu instrumentam un nodro\u0161ina pareizu ventil\u0101ciju un kabe\u013cu piek\u013cuvi.<\/li>\n<li data-sourcepos=\"22:1-22:120\"><strong>Materi\u0101ls:<\/strong> Izv\u0113lieties t\u0101du materi\u0101lu k\u0101 alum\u012bnijs, lai ietaup\u012btu svaru, vai ner\u016bs\u0113jo\u0161ais t\u0113rauds, kas nodro\u0161ina izcilu iztur\u012bbu pret koroziju.<\/li>\n<li data-sourcepos=\"23:1-23:154\"><strong>IP kategorija:<\/strong> Izv\u0113lieties korpusu ar atbilsto\u0161u IP (Ingress Protection) klasifik\u0101ciju, lai iztur\u0113tu putek\u013cu un \u016bdens iedarb\u012bbu konkr\u0113t\u0101 vid\u0113.<\/li>\n<li data-sourcepos=\"24:1-25:0\"><strong>Temperat\u016bras kontrole:<\/strong> Ja siltuma izklied\u0113\u0161ana rada ba\u017eas, apsveriet dzes\u0113\u0161anas funkcijas, piem\u0113ram, ventilatorus vai ventil\u0101cijas atveres.<\/li>\n<\/ul>","protected":false},"excerpt":{"rendered":"<p>Ieguldot l\u012bdzek\u013cus augstas kvalit\u0101tes instrumentu korpus\u0101, j\u016bs ne tikai aizsarg\u0101jat savu apr\u012bkojumu, bet ar\u012b datu integrit\u0101ti un precizit\u0101ti, k\u0101 ar\u012b nodro\u0161iniet savu kritisko procesu vienm\u0113r\u012bgu darb\u012bbu.<\/p>","protected":false},"featured_media":1690,"template":"","meta":[],"product_cat":[38],"product_tag":[],"_links":{"self":[{"href":"https:\/\/thepcba.com\/lv\/wp-json\/wp\/v2\/product\/1689"}],"collection":[{"href":"https:\/\/thepcba.com\/lv\/wp-json\/wp\/v2\/product"}],"about":[{"href":"https:\/\/thepcba.com\/lv\/wp-json\/wp\/v2\/types\/product"}],"wp:featuredmedia":[{"embeddable":true,"href":"https:\/\/thepcba.com\/lv\/wp-json\/wp\/v2\/media\/1690"}],"wp:attachment":[{"href":"https:\/\/thepcba.com\/lv\/wp-json\/wp\/v2\/media?parent=1689"}],"wp:term":[{"taxonomy":"product_cat","embeddable":true,"href":"https:\/\/thepcba.com\/lv\/wp-json\/wp\/v2\/product_cat?post=1689"},{"taxonomy":"product_tag","embeddable":true,"href":"https:\/\/thepcba.com\/lv\/wp-json\/wp\/v2\/product_tag?post=1689"}],"curies":[{"name":"wp","href":"https:\/\/api.w.org\/{rel}","templated":true}]}}