{"id":2170,"date":"2024-10-07T03:21:52","date_gmt":"2024-10-07T03:21:52","guid":{"rendered":"https:\/\/thepcba.com\/?post_type=product&#038;p=2170"},"modified":"2024-10-07T05:54:01","modified_gmt":"2024-10-07T05:54:01","slug":"connection-terminal","status":"publish","type":"product","link":"https:\/\/thepcba.com\/lt\/manufacturer\/connection-terminal\/","title":{"rendered":"Prijungimo terminalas"},"content":{"rendered":"<h2 data-sourcepos=\"5:1-5:34\">Prijungimo gnybt\u0173 tipai:<\/h2>\n<ul data-sourcepos=\"7:1-12:0\">\n<li data-sourcepos=\"7:1-7:97\"><strong>Sraigtiniai gnybtai:<\/strong> Labiausiai paplit\u0119s tipas, turintis var\u017et\u0105, kuris prispaud\u017eia laidinink\u0105.<\/li>\n<li data-sourcepos=\"8:1-8:74\"><strong>Spyruokliniai terminalai:<\/strong> Naudokite spyruokl\u0117s \u012ftempim\u0105, kad laidininkas laikyt\u0173si savo vietoje.<\/li>\n<li data-sourcepos=\"9:1-9:111\"><strong>\u012estumiami terminalai:<\/strong> Galima greitai ir lengvai prijungti laidinink\u0105 tiesiog \u012fstumiant \u012f gnybt\u0105.<\/li>\n<li data-sourcepos=\"10:1-10:87\"><strong>U\u017espaud\u017eiami gnybtai:<\/strong> Laidininkui prie gnybto pritvirtinti reikia u\u017espaudimo \u012frankio.<\/li>\n<li data-sourcepos=\"11:1-12:0\"><strong>Lituoti gnybtai:<\/strong> Sujunkite laidininkus naudodami lydmetal\u012f.<\/li>\n<\/ul>\n<h2 data-sourcepos=\"13:1-13:41\">Prijungimo gnybt\u0173 taikymas:<\/h2>\n<ul>\n<li><strong>Elektros skydai:<\/strong> Prijunkite laidus prie jungikli\u0173 ir kit\u0173 komponent\u0173.<\/li>\n<li><strong style=\"color: #555555; font-size: 14.4px;\">Elektroniniai prietaisai:<\/strong><span style=\"color: #555555; font-size: 14.4px;\"> Prijunkite vidinius komponentus ir i\u0161orinius kabelius.<\/span><\/li>\n<li><strong style=\"color: #555555; font-size: 14.4px;\">Pramonin\u0117 \u012franga:<\/strong><span style=\"color: #555555; font-size: 14.4px;\"> Prijunkite variklius, jutiklius ir kitus \u012frenginius.<\/span><\/li>\n<li><strong style=\"color: #555555; font-size: 14.4px;\">Automobili\u0173 sistemos:<\/strong><span style=\"color: #555555; font-size: 14.4px;\"> Prijunkite laidus prie \u012fvairi\u0173 elektros komponent\u0173.<\/span><\/li>\n<li><strong style=\"color: #555555; font-size: 14.4px;\">Buitin\u0117 technika:<\/strong><span style=\"color: #555555; font-size: 14.4px;\"> Prijunkite maitinimo laidus ir vidinius komponentus.<\/span><\/li>\n<\/ul>\n<p>Norint u\u017etikrinti saugias ir patikimas elektros sistemas, b\u016btina tinkamai \u012frengti jungiamuosius gnybtus. Konkre\u010diu atveju vadovaukit\u0117s gamintojo instrukcijomis arba kreipkit\u0117s \u012f specialistus.<\/p>","protected":false},"excerpt":{"rendered":"<p>Jungiamieji gnybtai yra labai svarb\u016bs elektros ir elektronini\u0173 sistem\u0173 komponentai. Jie yra sujungimo ta\u0161kai, kuriuose elektros laidininkai, pavyzd\u017eiui, laidai ar kabeliai, jungiami prie kit\u0173 komponent\u0173 ar prietais\u0173. \u0160ie gnybtai u\u017etikrina patikim\u0105 ir saug\u0173 elektros srov\u0117s tek\u0117jim\u0105.<\/p>\n<h2 data-sourcepos=\"21:1-21:58\">Pagrindiniai aspektai renkantis jungiamuosius gnybtus:<\/h2>\n<ul>\n<li><strong>Dabartinis paj\u0117gumas:<\/strong> \u012esitikinkite, kad gnybtas gali prijungti reikiam\u0105 srov\u0119.<\/li>\n<li><strong>\u012etampos reitingas:<\/strong> Pasirinkite darbinei \u012ftampai tinkamus gnybtus.<\/li>\n<li><strong>Laid\u0173 storis:<\/strong> Pasirinkite gnybtus, atitinkan\u010dius naudojam\u0105 vielos gabarit\u0105.<\/li>\n<li><strong>\u012erengimo b\u016bdas:<\/strong> Atsi\u017evelkite \u012f tai, ar lengva montuoti ir koki\u0173 \u012franki\u0173 reikia.<\/li>\n<li><strong>Aplinkos veiksniai:<\/strong> Jei terminalas bus veikiamas at\u0161iauriomis s\u0105lygomis, pasirinkite tok\u012f, kuris b\u016bt\u0173 tinkamai apsaugotas.<\/li>\n<\/ul>\n<p>Galime pritaikyti \u012fvairi\u0173 specifikacij\u0173 terminalus. Nesvarbu, ar jie naudojami didel\u0117se ma\u0161inose, ar ma\u017euose \u012frenginiuose, pavyzd\u017eiui, spausdintin\u0117je plok\u0161t\u0117je, galime pagaminti j\u016bs\u0173 specifikacijas atitinkan\u010dius gnybtus. Kalbant apie med\u017eiagas, galime cinkuoti, naudoti aliumin\u012f, var\u012f ir t. t. pagal j\u016bs\u0173 reikalavimus.<\/p>\n<p>&nbsp;<\/p>","protected":false},"featured_media":2171,"template":"","meta":[],"product_cat":[39],"product_tag":[],"_links":{"self":[{"href":"https:\/\/thepcba.com\/lt\/wp-json\/wp\/v2\/product\/2170"}],"collection":[{"href":"https:\/\/thepcba.com\/lt\/wp-json\/wp\/v2\/product"}],"about":[{"href":"https:\/\/thepcba.com\/lt\/wp-json\/wp\/v2\/types\/product"}],"wp:featuredmedia":[{"embeddable":true,"href":"https:\/\/thepcba.com\/lt\/wp-json\/wp\/v2\/media\/2171"}],"wp:attachment":[{"href":"https:\/\/thepcba.com\/lt\/wp-json\/wp\/v2\/media?parent=2170"}],"wp:term":[{"taxonomy":"product_cat","embeddable":true,"href":"https:\/\/thepcba.com\/lt\/wp-json\/wp\/v2\/product_cat?post=2170"},{"taxonomy":"product_tag","embeddable":true,"href":"https:\/\/thepcba.com\/lt\/wp-json\/wp\/v2\/product_tag?post=2170"}],"curies":[{"name":"wp","href":"https:\/\/api.w.org\/{rel}","templated":true}]}}