{"id":2164,"date":"2024-10-07T02:52:11","date_gmt":"2024-10-07T02:52:11","guid":{"rendered":"https:\/\/thepcba.com\/?post_type=product&#038;p=2164"},"modified":"2024-10-07T03:01:47","modified_gmt":"2024-10-07T03:01:47","slug":"data-transfer-cable","status":"publish","type":"product","link":"https:\/\/thepcba.com\/lt\/manufacturer\/data-transfer-cable\/","title":{"rendered":"Duomen\u0173 perdavimo kabelis"},"content":{"rendered":"<h2>Pritaikomas duomen\u0173 perdavimo kabelis: Pritaikykite savo ry\u0161\u012f.<\/h2>\n<div class=\"auto-hide-last-sibling-br paragraph-u1TS5p paragraph-element br-paragraph-space\">Duomen\u0173 perdavimo kabelis yra privalomas priedas visiems j\u016bs\u0173 duomen\u0173 perdavimo poreikiams. \u0160is kabelis, sukurtas atsi\u017evelgiant \u012f tikslum\u0105 ir ilgaam\u017ei\u0161kum\u0105, u\u017etikrina skland\u0173 ir veiksming\u0105 duomen\u0173 perdavim\u0105 i\u0161 vieno \u012frenginio \u012f kit\u0105.<\/div>\n<div><\/div>\n<div class=\"auto-hide-last-sibling-br paragraph-u1TS5p paragraph-element br-paragraph-space\">M\u016bs\u0173 kabelis i\u0161siskiria tuo, kad j\u012f galima pritaikyti. Suprantame, kad kiekvienas naudotojas turi unikali\u0173 reikalavim\u0173, tod\u0117l si\u016blome galimyb\u0119 pritaikyti kabel\u012f. Nesvarbu, ar jums reikia konkretaus ilgio, konkre\u010dios spalvos, ar unikalaus jungties dizaino, mes galime tai \u012fgyvendinti.<\/div>\n<div><\/div>\n<div class=\"auto-hide-last-sibling-br paragraph-u1TS5p paragraph-element br-paragraph-space\">M\u016bs\u0173 ekspert\u0173 komanda siekia u\u017etikrinti, kad j\u016bs\u0173 u\u017esakomasis duomen\u0173 perdavimo kabelis atitikt\u0173 auk\u0161\u010diausius kokyb\u0117s ir na\u0161umo standartus. Naudojame tik geriausias med\u017eiagas, kad u\u017etikrintume ilgaam\u017ei\u0161kum\u0105 ir patikim\u0105 duomen\u0173 perdavim\u0105.<\/div>\n<div><\/div>\n<div class=\"auto-hide-last-sibling-br paragraph-u1TS5p paragraph-element br-paragraph-space\">Naudodami m\u016bs\u0173 pritaikom\u0105 duomen\u0173 perdavimo kabel\u012f galite pritaikyti savo ry\u0161io patirt\u012f ir padaryti j\u0105 tikrai savo. Nesvarbu, ar tai asmeninis, ar profesionalus naudojimas, \u0161is kabelis yra puikus sprendimas visiems j\u016bs\u0173 duomen\u0173 perdavimo poreikiams. Atnaujinkite savo ry\u0161\u012f jau \u0161iandien naudodami individual\u0173 duomen\u0173 perdavimo kabel\u012f.<\/div>","protected":false},"excerpt":{"rendered":"<h3 class=\"text-4 text-info mb-200\">Pagrindin\u0117s specifikacijos<\/h3>\n<ul>\n<li>Kabelio ilgis: <span style=\"color: #333333; font-size: 14.4px;\">4 p\u0117dos arba pagal u\u017esakym\u0105<\/span><\/li>\n<li><span style=\"color: #333333; font-size: 14.4px;\">Jungties tipas (1 galas): <\/span><span style=\"color: #333333; font-size: 14.4px;\">TYPE-C <\/span><\/li>\n<li><span style=\"color: #333333; font-size: 14.4px;\">Jungties tipas (2 galas): <\/span><span style=\"color: #333333; font-size: 14.4px;\">USB-C arba TYPE-C<\/span><\/li>\n<li><span style=\"color: #333333; font-size: 14.4px;\">Did\u017eiausia duomen\u0173 perdavimo sparta<\/span><span style=\"color: #333333; font-size: 14.4px;\">: 480 megabit\u0173 per sekund\u0119<\/span><\/li>\n<li><span style=\"color: #333333; font-size: 14.4px;\">Med\u017eiaga: <\/span><span style=\"color: #333333; font-size: 14.4px;\">PVC<\/span><\/li>\n<li>Spalva: juoda, balta arba pagal u\u017esakym\u0105<\/li>\n<\/ul>\n<div class=\"zebra-row flex p-200 justify-content-between body-copy-lg\"><\/div>","protected":false},"featured_media":2166,"template":"","meta":[],"product_cat":[39],"product_tag":[],"_links":{"self":[{"href":"https:\/\/thepcba.com\/lt\/wp-json\/wp\/v2\/product\/2164"}],"collection":[{"href":"https:\/\/thepcba.com\/lt\/wp-json\/wp\/v2\/product"}],"about":[{"href":"https:\/\/thepcba.com\/lt\/wp-json\/wp\/v2\/types\/product"}],"wp:featuredmedia":[{"embeddable":true,"href":"https:\/\/thepcba.com\/lt\/wp-json\/wp\/v2\/media\/2166"}],"wp:attachment":[{"href":"https:\/\/thepcba.com\/lt\/wp-json\/wp\/v2\/media?parent=2164"}],"wp:term":[{"taxonomy":"product_cat","embeddable":true,"href":"https:\/\/thepcba.com\/lt\/wp-json\/wp\/v2\/product_cat?post=2164"},{"taxonomy":"product_tag","embeddable":true,"href":"https:\/\/thepcba.com\/lt\/wp-json\/wp\/v2\/product_tag?post=2164"}],"curies":[{"name":"wp","href":"https:\/\/api.w.org\/{rel}","templated":true}]}}