{"id":1700,"date":"2024-07-16T08:29:25","date_gmt":"2024-07-16T08:29:25","guid":{"rendered":"https:\/\/thepcba.com\/?post_type=product&#038;p=1700"},"modified":"2024-07-16T08:30:13","modified_gmt":"2024-07-16T08:30:13","slug":"custom-metal-enclosures","status":"publish","type":"product","link":"https:\/\/thepcba.com\/lt\/manufacturer\/custom-metal-enclosures\/","title":{"rendered":"Individual\u016bs metaliniai korpusai"},"content":{"rendered":"<p data-sourcepos=\"3:1-3:306\">Elektronikos srityje, kurioje vyrauja naujov\u0117s, standartiniai sprendimai da\u017enai b\u016bna nepakankami. \u0160tai kur yra pagal u\u017esakym\u0105 gaminami metaliniai korpusai, puikiai tinkantys j\u016bs\u0173 unikaliems elektronikos k\u016briniams. \u0160ie korpusai, kruop\u0161\u010diai pagaminti i\u0161 toki\u0173 tvirt\u0173 med\u017eiag\u0173 kaip aliuminis ar ner\u016bdijantis plienas, yra suprojektuoti ir pagaminti pagal tikslias j\u016bs\u0173 specifikacijas.<\/p>\n<h4 data-sourcepos=\"5:1-5:91\"><strong>Galvokite apie juos kaip apie individual\u0173 elektronikos kostium\u0105, suteikiant\u012f daugyb\u0119 privalum\u0173:<\/strong><\/h4>\n<ul data-sourcepos=\"7:1-7:13\">\n<li data-sourcepos=\"7:1-7:13\"><strong>Neprilygstamas tikslumas:<\/strong> Pasiekite tobulus matmenis ir konfig\u016bracijas, u\u017etikrinan\u010dias skland\u0173 elektronini\u0173 komponent\u0173 integravim\u0105.<\/li>\n<li data-sourcepos=\"8:1-8:102\"><strong>Patobulintas funkcionalumas:<\/strong> Dizaino ypatyb\u0117s, tokios kaip ventiliacijos angos, i\u0161pjovos ir integruoti montavimo ta\u0161kai, optimizuojantys na\u0161um\u0105.<\/li>\n<li data-sourcepos=\"9:1-9:128\"><strong>Neprilygstama apsauga:<\/strong> Apsaugokite jautri\u0105 elektronik\u0105 nuo fizinio poveikio, dulki\u0173, dr\u0117gm\u0117s ir elektromagnetini\u0173 trikd\u017ei\u0173.<\/li>\n<li data-sourcepos=\"10:1-11:0\"><strong>Profesionali estetika:<\/strong> I\u0161reik\u0161kite savo prek\u0117s \u017eenklo identitet\u0105 naudodami eleganti\u0161k\u0105, pagal u\u017esakym\u0105 sukurt\u0105 korpus\u0105, kuris papildo j\u016bs\u0173 elektronik\u0105.<\/li>\n<\/ul>\n<h4 data-sourcepos=\"12:1-12:111\"><strong>Pagal u\u017esakym\u0105 gaminami metaliniai korpusai gali b\u016bti pritaikyti \u012fvairiausioms elektronin\u0117ms programoms, kurias riboja tik j\u016bs\u0173 vaizduot\u0117:<\/strong><\/h4>\n<ul data-sourcepos=\"14:1-14:123\">\n<li data-sourcepos=\"14:1-14:123\"><strong>Prototip\u0173 k\u016brimas ir vystymas:<\/strong> Sukurkite funkcinius prototip\u0173 korpusus ir pagreitinkite k\u016brimo proces\u0105.<\/li>\n<li data-sourcepos=\"15:1-15:117\"><strong>Pramon\u0117s automatizavimas:<\/strong> Projektuokite gamykl\u0173 valdymo skyd\u0173, jutikli\u0173 ir kitos \u012frangos korpusus pagal u\u017esakym\u0105.<\/li>\n<li data-sourcepos=\"16:1-16:106\"><strong>Medicinos prietaisai:<\/strong> Pagaminkite korpusus, atitinkan\u010dius grie\u017etus medicininius saugos ir higienos standartus.<\/li>\n<li data-sourcepos=\"17:1-17:114\"><strong>Telekomunikacijos:<\/strong> Sukurkite tinkamus tinklo \u012frangos korpusus, u\u017etikrinan\u010dius patikim\u0105 signal\u0173 perdavim\u0105.<\/li>\n<li data-sourcepos=\"18:1-19:0\"><strong>Vartojimo elektronika:<\/strong> Kurkite unikalius korpusus savo naujovi\u0161kiems elektronikos gaminiams ir taip i\u0161skirkite savo prek\u0117s \u017eenkl\u0105.<\/li>\n<\/ul>\n<h4 data-sourcepos=\"20:1-20:70\"><strong>Kuriant individual\u0173 metalin\u012f korpus\u0105 bendradarbiaujama:<\/strong><\/h4>\n<ul data-sourcepos=\"22:1-26:0\">\n<li data-sourcepos=\"22:1-22:102\"><strong>Aptarkite savo poreikius:<\/strong> Pasidalykite savo vizija ir funkcionalumo reikalavimais su patyrusiais in\u017einieriais.<\/li>\n<li data-sourcepos=\"23:1-23:105\"><strong>Kartu kurkite dizain\u0105:<\/strong> Bendradarbiaukite su dizaineriais, kad id\u0117jas paverstum\u0117te i\u0161samiais techniniais br\u0117\u017einiais.<\/li>\n<li data-sourcepos=\"24:1-24:112\"><strong>Kurkite prototip\u0105 ir tobulinkite:<\/strong> Prie\u0161 masin\u0119 gamyb\u0105 sukurkite korpuso prototip\u0105, kad u\u017etikrintum\u0117te nepriekai\u0161ting\u0105 form\u0105 ir funkcij\u0105.<\/li>\n<li data-sourcepos=\"25:1-26:0\"><strong>Auk\u0161tos kokyb\u0117s gamyba:<\/strong> Naudokite pa\u017eangius metalo gamybos metodus, kad gautum\u0117te auk\u0161\u010diausios kokyb\u0117s galutin\u012f produkt\u0105.<\/li>\n<\/ul>","protected":false},"excerpt":{"rendered":"<p>Investuodami \u012f nestandartinius metalinius korpusus ne tik apsaugote savo elektronik\u0105, bet ir \u012fgyvendinate savo unikali\u0105 vizij\u0105. Sukuriamas unikalus sprendimas, puikiai derantis su j\u016bs\u0173 elektroniniu \u0161edevru.<\/p>","protected":false},"featured_media":1701,"template":"","meta":[],"product_cat":[38],"product_tag":[],"_links":{"self":[{"href":"https:\/\/thepcba.com\/lt\/wp-json\/wp\/v2\/product\/1700"}],"collection":[{"href":"https:\/\/thepcba.com\/lt\/wp-json\/wp\/v2\/product"}],"about":[{"href":"https:\/\/thepcba.com\/lt\/wp-json\/wp\/v2\/types\/product"}],"wp:featuredmedia":[{"embeddable":true,"href":"https:\/\/thepcba.com\/lt\/wp-json\/wp\/v2\/media\/1701"}],"wp:attachment":[{"href":"https:\/\/thepcba.com\/lt\/wp-json\/wp\/v2\/media?parent=1700"}],"wp:term":[{"taxonomy":"product_cat","embeddable":true,"href":"https:\/\/thepcba.com\/lt\/wp-json\/wp\/v2\/product_cat?post=1700"},{"taxonomy":"product_tag","embeddable":true,"href":"https:\/\/thepcba.com\/lt\/wp-json\/wp\/v2\/product_tag?post=1700"}],"curies":[{"name":"wp","href":"https:\/\/api.w.org\/{rel}","templated":true}]}}