{"id":1697,"date":"2024-07-16T08:22:03","date_gmt":"2024-07-16T08:22:03","guid":{"rendered":"https:\/\/thepcba.com\/?post_type=product&#038;p=1697"},"modified":"2024-07-16T08:22:10","modified_gmt":"2024-07-16T08:22:10","slug":"metal-enclosures-for-electronics","status":"publish","type":"product","link":"https:\/\/thepcba.com\/lt\/manufacturer\/metal-enclosures-for-electronics\/","title":{"rendered":"Metaliniai elektronikos korpusai"},"content":{"rendered":"<p data-sourcepos=\"3:1-3:264\">Dinami\u0161kame elektronikos pasaulyje gyvybi\u0161kai svarbi\u0173 komponent\u0173 apsauga yra svarbiausia. Metaliniai korpusai, pagaminti i\u0161 toki\u0173 tvirt\u0173 med\u017eiag\u0173 kaip aliuminis ar ner\u016bdijantis plienas, yra j\u016bs\u0173 elektronini\u0173 prietais\u0173 sargai, u\u017etikrinantys skland\u0173 j\u0173 veikim\u0105 ir ilgaam\u017ei\u0161kum\u0105.<\/p>\n<h4 data-sourcepos=\"5:1-5:70\"><strong>\u012esivaizduokite juos kaip \u0161arvus, teikian\u010dius daugyb\u0119 privalum\u0173:<\/strong><\/h4>\n<ul data-sourcepos=\"7:1-9:35\">\n<li data-sourcepos=\"7:1-7:128\"><strong>Patvarumas:<\/strong> Atsparus fiziniam poveikiui, dulk\u0117ms, dr\u0117gmei ir korozijai, tod\u0117l apsaugo j\u016bs\u0173 elektronik\u0105 at\u0161iaurioje aplinkoje.<\/li>\n<li data-sourcepos=\"8:1-8:138\"><strong>Elektromagnetini\u0173 trikd\u017ei\u0173 (EMI) ekranavimas:<\/strong> Blokuokite nepageidaujamus elektromagnetinius signalus, kurie gali sutrikdyti prietais\u0173 veikim\u0105.<\/li>\n<li data-sourcepos=\"9:1-9:35\"><strong>\u0160ilumos i\u0161sklaidymas:<\/strong> Efektyviai valdo elektronikos komponent\u0173 skleid\u017eiam\u0105 \u0161ilum\u0105, apsaugo nuo perkaitimo ir gedim\u0173.<\/li>\n<li data-sourcepos=\"10:1-11:0\"><strong>Profesionali i\u0161vaizda:<\/strong> Pagerinkite savo projekt\u0173 estetik\u0105, suteikdami eleganti\u0161k\u0105 ir profesionali\u0105 i\u0161vaizd\u0105.<\/li>\n<\/ul>\n<h4 data-sourcepos=\"12:1-12:161\"><strong>Metaliniai korpusai gali b\u016bti \u012fvairi\u0173 form\u0173, dyd\u017ei\u0173 ir konfig\u016bracij\u0173, kad atitikt\u0173 j\u016bs\u0173 konkre\u010dius poreikius. \u0160tai \u017evilgsnis \u012f \u012fvairias j\u0173 taikymo sritis:<\/strong><\/h4>\n<ul data-sourcepos=\"14:1-16:129\">\n<li data-sourcepos=\"14:1-14:121\"><strong>Pramon\u0117s automatizavimas:<\/strong> Gamykl\u0173 ir gamybos linij\u0173 valdymo skyd\u0173, jutikli\u0173 ir kitos \u012frangos korpusai.<\/li>\n<li data-sourcepos=\"15:1-15:114\"><strong>Vartojimo elektronika:<\/strong> Apsaugoti jautrius televizori\u0173, \u017eaidim\u0173 konsoli\u0173 ir garso \u012frangos komponentus.<\/li>\n<li data-sourcepos=\"16:1-16:129\"><strong>Telekomunikacijos:<\/strong> Tinklo mar\u0161rutizatori\u0173, komutatori\u0173 ir kit\u0173 ry\u0161io \u012frengini\u0173 apsauga, kad b\u016bt\u0173 u\u017etikrintas patikimas signalo perdavimas.<\/li>\n<li data-sourcepos=\"17:1-17:118\"><strong>Medicinos \u012franga:<\/strong> u\u017etikrina saugi\u0105 ir \u0161vari\u0105 aplink\u0105 ligonin\u0117se ir klinikose naudojamiems medicininiams instrumentams.<\/li>\n<li data-sourcepos=\"18:1-19:0\"><strong>Moksliniai tyrimai:<\/strong> Saugoti laboratorijose ir mokslini\u0173 tyrim\u0173 \u012fstaigose naudojamus vertingus prietaisus.<\/li>\n<\/ul>\n<h4 data-sourcepos=\"20:1-20:89\"><strong>Renkantis tinkam\u0105 metalin\u012f aptvar\u0105 reikia atid\u017eiai apsvarstyti kelet\u0105 veiksni\u0173:<\/strong><\/h4>\n<ul data-sourcepos=\"22:1-27:0\">\n<li data-sourcepos=\"22:1-22:123\"><strong>Med\u017eiaga:<\/strong> Rinkit\u0117s aliumin\u012f, kad i\u0161laikytum\u0117te svorio ir tvirtumo pusiausvyr\u0105, arba ner\u016bdijant\u012f plien\u0105, kad b\u016bt\u0173 atsparus korozijai.<\/li>\n<li data-sourcepos=\"23:1-23:135\"><strong>Dydis ir forma:<\/strong> \u012esitikinkite, kad korpuse patogiai tilps j\u016bs\u0173 komponentai, bus u\u017etikrinta tinkama ventiliacija ir kabeli\u0173 prieiga.<\/li>\n<li data-sourcepos=\"24:1-24:145\"><strong>IP reitingas:<\/strong> Pasirinkite korpus\u0105 su atitinkama IP (apsaugos nuo \u012fskilim\u0173) klase, kad jis b\u016bt\u0173 atsparus dulki\u0173 ir vandens poveikiui j\u016bs\u0173 aplinkoje.<\/li>\n<li data-sourcepos=\"25:1-25:123\"><strong>Tvirtinimo parinktys:<\/strong> Apsvarstykite, kaip montuosite korpus\u0105 (ant sienos, darbastalio, stovo), kad optimaliai i\u0161naudotum\u0117te viet\u0105.<\/li>\n<li data-sourcepos=\"26:1-27:0\"><strong>Pritaikymas:<\/strong> I\u0161bandykite i\u0161 anksto modifikuotus arba visi\u0161kai pritaikomus korpusus, kad puikiai atitikt\u0173 j\u016bs\u0173 projekto reikalavimus.<\/li>\n<\/ul>","protected":false},"excerpt":{"rendered":"<p>Investuodami \u012f auk\u0161tos kokyb\u0117s metalinius korpusus ne tik apsaugosite savo elektronik\u0105, bet ir sukursite patikimos, veiksmingos ir profesionalios elektronin\u0117s sistemos pagrind\u0105.<\/p>","protected":false},"featured_media":1698,"template":"","meta":[],"product_cat":[38],"product_tag":[],"_links":{"self":[{"href":"https:\/\/thepcba.com\/lt\/wp-json\/wp\/v2\/product\/1697"}],"collection":[{"href":"https:\/\/thepcba.com\/lt\/wp-json\/wp\/v2\/product"}],"about":[{"href":"https:\/\/thepcba.com\/lt\/wp-json\/wp\/v2\/types\/product"}],"wp:featuredmedia":[{"embeddable":true,"href":"https:\/\/thepcba.com\/lt\/wp-json\/wp\/v2\/media\/1698"}],"wp:attachment":[{"href":"https:\/\/thepcba.com\/lt\/wp-json\/wp\/v2\/media?parent=1697"}],"wp:term":[{"taxonomy":"product_cat","embeddable":true,"href":"https:\/\/thepcba.com\/lt\/wp-json\/wp\/v2\/product_cat?post=1697"},{"taxonomy":"product_tag","embeddable":true,"href":"https:\/\/thepcba.com\/lt\/wp-json\/wp\/v2\/product_tag?post=1697"}],"curies":[{"name":"wp","href":"https:\/\/api.w.org\/{rel}","templated":true}]}}