{"id":1689,"date":"2024-07-16T08:07:52","date_gmt":"2024-07-16T08:07:52","guid":{"rendered":"https:\/\/thepcba.com\/?post_type=product&#038;p=1689"},"modified":"2024-07-16T08:09:51","modified_gmt":"2024-07-16T08:09:51","slug":"instrument-enclosure","status":"publish","type":"product","link":"https:\/\/thepcba.com\/lt\/manufacturer\/instrument-enclosure\/","title":{"rendered":"Instrument\u0173 korpusas"},"content":{"rendered":"<p data-sourcepos=\"3:1-3:244\">Prietais\u0173 korpusas yra nepelnytas mokslo ir pramon\u0117s pasaulio herojus. Tai apsauginis korpusas, paprastai pagamintas i\u0161 tvirt\u0173 med\u017eiag\u0173, toki\u0173 kaip aliuminis ar ner\u016bdijantis plienas, skirtas apsaugoti vertingus prietaisus nuo \u017ealos.<\/p>\n<h4 data-sourcepos=\"5:1-5:79\"><strong>Galvokite apie j\u012f kaip apie savo \u012frangos apsauginink\u0105, kuris suteikia svarbiausi\u0173 privalum\u0173:<\/strong><\/h4>\n<ul data-sourcepos=\"7:1-9:96\">\n<li data-sourcepos=\"7:1-7:136\"><strong>Patvarumas:<\/strong> Atsparus fiziniam poveikiui, dulk\u0117ms ir dr\u0117gmei, tod\u0117l j\u016bs\u0173 prietaisai nepriekai\u0161tingai veikia \u012fvairiose aplinkose.<\/li>\n<li data-sourcepos=\"8:1-8:127\"><strong>Aplinkos apsauga:<\/strong> Apsaugo nuo at\u0161iauri\u0173 s\u0105lyg\u0173 ir prailgina jautrios \u012frangos tarnavimo laik\u0105.<\/li>\n<li data-sourcepos=\"9:1-9:96\"><strong>Temperat\u016bros reguliavimas:<\/strong> Padeda palaikyti optimali\u0105 prietais\u0173 darbo temperat\u016br\u0105, ypa\u010d kar\u0161\u010diui jautri\u0173 komponent\u0173.<\/li>\n<li data-sourcepos=\"10:1-11:0\"><strong>Elektromagnetini\u0173 trikd\u017ei\u0173 (EMI) ekranavimas:<\/strong> Blokuoja nepageidaujamus elektromagnetinius signalus, kurie gali sutrikdyti prietais\u0173 veikim\u0105.<\/li>\n<\/ul>\n<h4 data-sourcepos=\"12:1-12:149\"><strong>Prietais\u0173 korpusai gali b\u016bti \u012fvairi\u0173 form\u0173, dyd\u017ei\u0173 ir konfig\u016bracij\u0173, kad atitikt\u0173 j\u016bs\u0173 konkre\u010dius poreikius. \u0160tai kelios da\u017eniausiai pasitaikan\u010dios pritaikymo sritys:<\/strong><\/h4>\n<ul data-sourcepos=\"14:1-15:95\">\n<li data-sourcepos=\"14:1-14:116\"><strong>Pramon\u0117s automatizavimas:<\/strong> Gamykl\u0173 ir gamybos linij\u0173 valdymo skyd\u0173, jutikli\u0173 ir kitos \u012frangos korpusai.<\/li>\n<li data-sourcepos=\"15:1-15:95\"><strong>Laboratorijos ir mokslini\u0173 tyrim\u0173 priemon\u0117s:<\/strong> Tyrimams ir pl\u0117trai naudojam\u0173 jautri\u0173 mokslini\u0173 prietais\u0173 apsauga.<\/li>\n<li data-sourcepos=\"16:1-16:114\"><strong>Medicinos \u012franga:<\/strong> U\u017etikrinti saugi\u0105 ir \u0161vari\u0105 aplink\u0105 ligonin\u0117se ir klinikose naudojamiems medicinos prietaisams.<\/li>\n<li data-sourcepos=\"17:1-18:0\"><strong>Taikymas lauke:<\/strong> Tai tvirta apsauga prietaisams, naudojamiems lauko aplinkoje, pavyzd\u017eiui, meteorologijos stotims ar aplinkos steb\u0117jimo \u012frangai.<\/li>\n<\/ul>\n<h4 data-sourcepos=\"19:1-19:94\"><strong>Renkantis tinkam\u0105 prietaiso korpus\u0105 reikia atid\u017eiai apsvarstyti kelet\u0105 veiksni\u0173:<\/strong><\/h4>\n<ul data-sourcepos=\"21:1-25:0\">\n<li data-sourcepos=\"21:1-21:135\"><strong>Dydis ir forma:<\/strong> \u012esitikinkite, kad korpuse patogiai tilps j\u016bs\u0173 prietaisas, bus u\u017etikrinta tinkama ventiliacija ir kabeli\u0173 prieiga.<\/li>\n<li data-sourcepos=\"22:1-22:120\"><strong>Med\u017eiaga:<\/strong> Pasirinkite toki\u0105 med\u017eiag\u0105 kaip aliuminis, kad sutaupytum\u0117te svorio, arba ner\u016bdijantis plienas, kad b\u016bt\u0173 atsparus korozijai.<\/li>\n<li data-sourcepos=\"23:1-23:154\"><strong>IP reitingas:<\/strong> Pasirinkite korpus\u0105 su atitinkama IP (apsaugos nuo \u012fskilim\u0173) kategorija, kad jis b\u016bt\u0173 atsparus dulki\u0173 ir vandens poveikiui konkre\u010dioje aplinkoje.<\/li>\n<li data-sourcepos=\"24:1-25:0\"><strong>Temperat\u016bros valdymas:<\/strong> Jei kar\u0161\u010dio i\u0161sklaidymas kelia susir\u016bpinim\u0105, apsvarstykite au\u0161inimo funkcijas, pvz., ventiliatorius ar ventiliacijos angas.<\/li>\n<\/ul>","protected":false},"excerpt":{"rendered":"<p>Investuodami \u012f auk\u0161tos kokyb\u0117s prietais\u0173 gaubt\u0105 ne tik apsaugote savo \u012frang\u0105, bet ir duomen\u0173 vientisum\u0105 bei tikslum\u0105 ir u\u017etikrinate skland\u0173 svarbiausi\u0173 proces\u0173 veikim\u0105.<\/p>","protected":false},"featured_media":1690,"template":"","meta":[],"product_cat":[38],"product_tag":[],"_links":{"self":[{"href":"https:\/\/thepcba.com\/lt\/wp-json\/wp\/v2\/product\/1689"}],"collection":[{"href":"https:\/\/thepcba.com\/lt\/wp-json\/wp\/v2\/product"}],"about":[{"href":"https:\/\/thepcba.com\/lt\/wp-json\/wp\/v2\/types\/product"}],"wp:featuredmedia":[{"embeddable":true,"href":"https:\/\/thepcba.com\/lt\/wp-json\/wp\/v2\/media\/1690"}],"wp:attachment":[{"href":"https:\/\/thepcba.com\/lt\/wp-json\/wp\/v2\/media?parent=1689"}],"wp:term":[{"taxonomy":"product_cat","embeddable":true,"href":"https:\/\/thepcba.com\/lt\/wp-json\/wp\/v2\/product_cat?post=1689"},{"taxonomy":"product_tag","embeddable":true,"href":"https:\/\/thepcba.com\/lt\/wp-json\/wp\/v2\/product_tag?post=1689"}],"curies":[{"name":"wp","href":"https:\/\/api.w.org\/{rel}","templated":true}]}}