{"id":2186,"date":"2024-10-07T06:34:04","date_gmt":"2024-10-07T06:34:04","guid":{"rendered":"https:\/\/thepcba.com\/?post_type=product&#038;p=2186"},"modified":"2024-10-07T06:36:45","modified_gmt":"2024-10-07T06:36:45","slug":"multi-core-electronic-wire-2434awg","status":"publish","type":"product","link":"https:\/\/thepcba.com\/it\/manufacturer\/multi-core-electronic-wire-2434awg\/","title":{"rendered":"Cavo elettronico multiplo 24~34AWG"},"content":{"rendered":"<h2 data-sourcepos=\"1:1-1:51\">Filo elettronico multiplo: Una soluzione versatile<\/h2>\n<p data-sourcepos=\"3:1-3:257\">Il filo elettronico multipolare \u00e8 un tipo di filo costituito da pi\u00f9 conduttori singoli riuniti in un isolamento comune. Questo design offre flessibilit\u00e0, durata e maggiore capacit\u00e0 di trasporto della corrente rispetto ai cavi unipolari.<\/p>\n<h3 data-sourcepos=\"5:1-5:47\">Caratteristiche principali del filo elettronico multiplo:<\/h3>\n<ul data-sourcepos=\"7:1-12:0\">\n<li data-sourcepos=\"7:1-7:85\"><strong>Conduttori multipli:<\/strong> Contiene pi\u00f9 fili singoli all'interno di un unico rivestimento.<\/li>\n<li data-sourcepos=\"8:1-8:81\"><strong>Flessibilit\u00e0:<\/strong> La struttura a trefoli consente una facile piegatura e instradamento.<\/li>\n<li data-sourcepos=\"9:1-9:115\"><strong>Durata:<\/strong> Il rivestimento esterno protegge dall'abrasione, dall'umidit\u00e0 e da altri fattori ambientali.<\/li>\n<li data-sourcepos=\"10:1-10:110\"><strong>Aumento della capacit\u00e0 attuale:<\/strong> I conduttori multipli possono gestire correnti pi\u00f9 elevate rispetto ai fili unipolari.<\/li>\n<li data-sourcepos=\"11:1-12:0\"><strong>Peso ridotto:<\/strong> Il filo multiplo pu\u00f2 essere pi\u00f9 leggero di un filo unipolare di dimensioni equivalenti.<\/li>\n<\/ul>\n<h3 data-sourcepos=\"13:1-13:47\">Applicazioni del filo elettronico multiplo:<\/h3>\n<ul data-sourcepos=\"15:1-19:0\">\n<li data-sourcepos=\"15:1-15:105\"><strong>Cablaggio elettrico:<\/strong> Utilizzato in edifici, case e veicoli per collegare vari componenti elettrici.<\/li>\n<li data-sourcepos=\"16:1-16:99\"><strong>Dispositivi elettronici:<\/strong> Utilizzato nel cablaggio interno e nei collegamenti esterni delle apparecchiature elettroniche.<\/li>\n<li data-sourcepos=\"17:1-17:98\"><strong>Applicazioni industriali:<\/strong> Utilizzato in macchinari, sistemi di controllo e altre apparecchiature industriali.<\/li>\n<li data-sourcepos=\"18:1-19:0\"><strong>Telecomunicazioni:<\/strong> Utilizzato nei cavi per la telefonia, internet e altri sistemi di comunicazione.<\/li>\n<\/ul>\n<h3 data-sourcepos=\"20:1-20:40\">Tipi di fili elettronici multipli:<\/h3>\n<ul data-sourcepos=\"22:1-25:0\">\n<li data-sourcepos=\"22:1-22:125\"><strong>Coppia ritorta:<\/strong> Consiste in coppie multiple di conduttori intrecciati, spesso utilizzati nelle telecomunicazioni e nella trasmissione di dati.<\/li>\n<li data-sourcepos=\"23:1-23:159\"><strong>Cavo coassiale:<\/strong> Un tipo di filo multiplo con un conduttore centrale circondato da un isolante e da uno schermo, comunemente utilizzato per applicazioni ad alta frequenza.<\/li>\n<li data-sourcepos=\"24:1-25:0\"><strong>Cavo schermato:<\/strong> Ha una schermatura metallica a treccia o a lamina per proteggere dalle interferenze elettromagnetiche.<\/li>\n<\/ul>\n<h3 data-sourcepos=\"26:1-26:77\">Quando si sceglie un cavo elettronico multipolare, bisogna considerare i seguenti fattori:<\/h3>\n<ul data-sourcepos=\"28:1-32:0\">\n<li data-sourcepos=\"28:1-28:113\"><strong>Numero di conduttori:<\/strong> Selezionare il numero di conduttori appropriato in base ai requisiti dell'applicazione.<\/li>\n<li data-sourcepos=\"29:1-29:93\"><strong>Calibro del filo:<\/strong> Scegliere il calibro corretto dei fili per garantire una capacit\u00e0 di trasporto di corrente adeguata.<\/li>\n<li data-sourcepos=\"30:1-30:125\"><strong>Materiale di isolamento:<\/strong> Considerate la resistenza del materiale isolante al calore, agli agenti chimici e ad altri fattori ambientali.<\/li>\n<li data-sourcepos=\"31:1-32:0\"><strong>Applicazione:<\/strong> Selezionare un tipo di filo adatto all'applicazione specifica, come la trasmissione di energia, la comunicazione di dati o i sistemi di controllo.<\/li>\n<\/ul>\n<p data-sourcepos=\"33:1-33:131\">Il filo elettronico multipolare offre una soluzione versatile e affidabile per un'ampia gamma di applicazioni elettriche ed elettroniche.<\/p>","protected":false},"excerpt":{"rendered":"<p><strong>Descrizione del prodotto:<\/strong><\/p>\n<ul>\n<li>Conduttore in rame stagnato, ricotto, a trefoli o solido, 34-24AWG.<\/li>\n<li>Isolamento in PVC senza piombo.<\/li>\n<li>Temperatura nominale: 80\u00b0C; Tensione nominale: 300Volt.<\/li>\n<li>Supera il test UL VW-1&amp;CSA FT1Vertical rlaneTest.<\/li>\n<\/ul>\n<p><strong>Applicazioni<\/strong><\/p>\n<p>Per il cablaggio interno di apparecchiature elettroniche ed elettriche per uso generale<\/p>","protected":false},"featured_media":2187,"template":"","meta":[],"product_cat":[39],"product_tag":[],"_links":{"self":[{"href":"https:\/\/thepcba.com\/it\/wp-json\/wp\/v2\/product\/2186"}],"collection":[{"href":"https:\/\/thepcba.com\/it\/wp-json\/wp\/v2\/product"}],"about":[{"href":"https:\/\/thepcba.com\/it\/wp-json\/wp\/v2\/types\/product"}],"wp:featuredmedia":[{"embeddable":true,"href":"https:\/\/thepcba.com\/it\/wp-json\/wp\/v2\/media\/2187"}],"wp:attachment":[{"href":"https:\/\/thepcba.com\/it\/wp-json\/wp\/v2\/media?parent=2186"}],"wp:term":[{"taxonomy":"product_cat","embeddable":true,"href":"https:\/\/thepcba.com\/it\/wp-json\/wp\/v2\/product_cat?post=2186"},{"taxonomy":"product_tag","embeddable":true,"href":"https:\/\/thepcba.com\/it\/wp-json\/wp\/v2\/product_tag?post=2186"}],"curies":[{"name":"wp","href":"https:\/\/api.w.org\/{rel}","templated":true}]}}