{"id":2164,"date":"2024-10-07T02:52:11","date_gmt":"2024-10-07T02:52:11","guid":{"rendered":"https:\/\/thepcba.com\/?post_type=product&#038;p=2164"},"modified":"2024-10-07T03:01:47","modified_gmt":"2024-10-07T03:01:47","slug":"data-transfer-cable","status":"publish","type":"product","link":"https:\/\/thepcba.com\/it\/manufacturer\/data-transfer-cable\/","title":{"rendered":"Cavo di trasferimento dati"},"content":{"rendered":"<h2>Cavo di trasferimento dati personalizzabile: Connettivit\u00e0 su misura<\/h2>\n<div class=\"auto-hide-last-sibling-br paragraph-u1TS5p paragraph-element br-paragraph-space\">Il cavo di trasferimento dati \u00e8 un accessorio indispensabile per tutte le esigenze di trasferimento dati. Realizzato con precisione e durata, questo cavo offre un trasferimento di dati efficiente e senza interruzioni tra vari dispositivi.<\/div>\n<div><\/div>\n<div class=\"auto-hide-last-sibling-br paragraph-u1TS5p paragraph-element br-paragraph-space\">Ci\u00f2 che distingue il nostro cavo \u00e8 la sua personalizzazione. Sappiamo che ogni utente ha esigenze uniche ed \u00e8 per questo che offriamo la possibilit\u00e0 di personalizzare il cavo. Se avete bisogno di una lunghezza specifica, di un colore particolare o di un connettore dal design unico, possiamo realizzarlo.<\/div>\n<div><\/div>\n<div class=\"auto-hide-last-sibling-br paragraph-u1TS5p paragraph-element br-paragraph-space\">Il nostro team di esperti si impegna a garantire che il vostro cavo di trasferimento dati personalizzato soddisfi i pi\u00f9 elevati standard di qualit\u00e0 e prestazioni. Utilizziamo solo i materiali pi\u00f9 pregiati per garantire la durata e l'affidabilit\u00e0 del trasferimento dei dati.<\/div>\n<div><\/div>\n<div class=\"auto-hide-last-sibling-br paragraph-u1TS5p paragraph-element br-paragraph-space\">Con il nostro cavo di trasferimento dati personalizzabile, potete personalizzare la vostra esperienza di connettivit\u00e0 e renderla veramente vostra. Per uso personale o professionale, questo cavo \u00e8 la soluzione perfetta per tutte le vostre esigenze di trasferimento dati. Aggiornate oggi stesso la vostra connettivit\u00e0 con un cavo di trasferimento dati personalizzato.<\/div>","protected":false},"excerpt":{"rendered":"<h3 class=\"text-4 text-info mb-200\">Caratteristiche principali<\/h3>\n<ul>\n<li>Lunghezza del cavo: <span style=\"color: #333333; font-size: 14.4px;\">4 piedi o personalizzato<\/span><\/li>\n<li><span style=\"color: #333333; font-size: 14.4px;\">Tipo di connettore (estremit\u00e0 1): <\/span><span style=\"color: #333333; font-size: 14.4px;\">TIPO-C <\/span><\/li>\n<li><span style=\"color: #333333; font-size: 14.4px;\">Tipo di connettore (estremit\u00e0 2): <\/span><span style=\"color: #333333; font-size: 14.4px;\">USB-C o TYPE-C<\/span><\/li>\n<li><span style=\"color: #333333; font-size: 14.4px;\">Velocit\u00e0 massima di trasferimento dati<\/span><span style=\"color: #333333; font-size: 14.4px;\">: 480 megabit al secondo<\/span><\/li>\n<li><span style=\"color: #333333; font-size: 14.4px;\">Materiale: <\/span><span style=\"color: #333333; font-size: 14.4px;\">PVC<\/span><\/li>\n<li>Colore: nero, bianco o personalizzato<\/li>\n<\/ul>\n<div class=\"zebra-row flex p-200 justify-content-between body-copy-lg\"><\/div>","protected":false},"featured_media":2166,"template":"","meta":[],"product_cat":[39],"product_tag":[],"_links":{"self":[{"href":"https:\/\/thepcba.com\/it\/wp-json\/wp\/v2\/product\/2164"}],"collection":[{"href":"https:\/\/thepcba.com\/it\/wp-json\/wp\/v2\/product"}],"about":[{"href":"https:\/\/thepcba.com\/it\/wp-json\/wp\/v2\/types\/product"}],"wp:featuredmedia":[{"embeddable":true,"href":"https:\/\/thepcba.com\/it\/wp-json\/wp\/v2\/media\/2166"}],"wp:attachment":[{"href":"https:\/\/thepcba.com\/it\/wp-json\/wp\/v2\/media?parent=2164"}],"wp:term":[{"taxonomy":"product_cat","embeddable":true,"href":"https:\/\/thepcba.com\/it\/wp-json\/wp\/v2\/product_cat?post=2164"},{"taxonomy":"product_tag","embeddable":true,"href":"https:\/\/thepcba.com\/it\/wp-json\/wp\/v2\/product_tag?post=2164"}],"curies":[{"name":"wp","href":"https:\/\/api.w.org\/{rel}","templated":true}]}}