{"id":2239,"date":"2024-10-24T09:30:07","date_gmt":"2024-10-24T09:30:07","guid":{"rendered":"https:\/\/thepcba.com\/manufacturer\/zoll-9146-102-defibrillators-battery\/"},"modified":"2024-10-25T03:41:11","modified_gmt":"2024-10-25T03:41:11","slug":"zoll-9146-102-defibrillators-battery","status":"publish","type":"product","link":"https:\/\/thepcba.com\/hu\/manufacturer\/zoll-9146-102-defibrillators-battery\/","title":{"rendered":"ZOLL 9146-102 Defibrill\u00e1torok akkumul\u00e1tor"},"content":{"rendered":"","protected":false},"excerpt":{"rendered":"<p>Sz\u00edn: s\u00e1rga<br \/>\nT\u00edpus: LI-SO2<br \/>\nFesz\u00fclts\u00e9g: 12V<br \/>\nKapacit\u00e1s: 7750mAh<br \/>\nS\u00faly: 548G<br \/>\nM\u00e9ret: 239.3*70.4*53.33mm<\/p>","protected":false},"featured_media":2299,"template":"","meta":[],"product_cat":[40],"product_tag":[],"_links":{"self":[{"href":"https:\/\/thepcba.com\/hu\/wp-json\/wp\/v2\/product\/2239"}],"collection":[{"href":"https:\/\/thepcba.com\/hu\/wp-json\/wp\/v2\/product"}],"about":[{"href":"https:\/\/thepcba.com\/hu\/wp-json\/wp\/v2\/types\/product"}],"wp:featuredmedia":[{"embeddable":true,"href":"https:\/\/thepcba.com\/hu\/wp-json\/wp\/v2\/media\/2299"}],"wp:attachment":[{"href":"https:\/\/thepcba.com\/hu\/wp-json\/wp\/v2\/media?parent=2239"}],"wp:term":[{"taxonomy":"product_cat","embeddable":true,"href":"https:\/\/thepcba.com\/hu\/wp-json\/wp\/v2\/product_cat?post=2239"},{"taxonomy":"product_tag","embeddable":true,"href":"https:\/\/thepcba.com\/hu\/wp-json\/wp\/v2\/product_tag?post=2239"}],"curies":[{"name":"wp","href":"https:\/\/api.w.org\/{rel}","templated":true}]}}