{"id":2232,"date":"2024-10-24T09:30:03","date_gmt":"2024-10-24T09:30:03","guid":{"rendered":"https:\/\/thepcba.com\/manufacturer\/fukuda-fc-1760\/"},"modified":"2024-10-25T03:21:48","modified_gmt":"2024-10-25T03:21:48","slug":"fukuda-fc-1760","status":"publish","type":"product","link":"https:\/\/thepcba.com\/hu\/manufacturer\/fukuda-fc-1760\/","title":{"rendered":"Fukuda FC-1760"},"content":{"rendered":"","protected":false},"excerpt":{"rendered":"<p>Sz\u00edn: k\u00e9k<br \/>\nT\u00edpus: NI-MH<br \/>\nAkkumul\u00e1tor m\u00e1rka: K\u00edna<br \/>\nFesz\u00fclts\u00e9g: 12V<br \/>\nKapacit\u00e1s: 3000mAh<br \/>\nS\u00faly: 580g<br \/>\nM\u00e9ret: 115*45*44mm<\/p>","protected":false},"featured_media":2274,"template":"","meta":[],"product_cat":[40],"product_tag":[],"_links":{"self":[{"href":"https:\/\/thepcba.com\/hu\/wp-json\/wp\/v2\/product\/2232"}],"collection":[{"href":"https:\/\/thepcba.com\/hu\/wp-json\/wp\/v2\/product"}],"about":[{"href":"https:\/\/thepcba.com\/hu\/wp-json\/wp\/v2\/types\/product"}],"wp:featuredmedia":[{"embeddable":true,"href":"https:\/\/thepcba.com\/hu\/wp-json\/wp\/v2\/media\/2274"}],"wp:attachment":[{"href":"https:\/\/thepcba.com\/hu\/wp-json\/wp\/v2\/media?parent=2232"}],"wp:term":[{"taxonomy":"product_cat","embeddable":true,"href":"https:\/\/thepcba.com\/hu\/wp-json\/wp\/v2\/product_cat?post=2232"},{"taxonomy":"product_tag","embeddable":true,"href":"https:\/\/thepcba.com\/hu\/wp-json\/wp\/v2\/product_tag?post=2232"}],"curies":[{"name":"wp","href":"https:\/\/api.w.org\/{rel}","templated":true}]}}