{"id":2231,"date":"2024-10-24T09:30:03","date_gmt":"2024-10-24T09:30:03","guid":{"rendered":"https:\/\/thepcba.com\/manufacturer\/cardioline-cardioline-2100-view\/"},"modified":"2024-10-25T03:15:53","modified_gmt":"2024-10-25T03:15:53","slug":"cardioline-cardioline-2100-view","status":"publish","type":"product","link":"https:\/\/thepcba.com\/hu\/manufacturer\/cardioline-cardioline-2100-view\/","title":{"rendered":"Cardioline CARDIOLINE 2100 megtekint\u00e9s"},"content":{"rendered":"","protected":false},"excerpt":{"rendered":"<p>Sz\u00edn: k\u00e9k<br \/>\nT\u00edpus: NI-MH<br \/>\nAkkumul\u00e1tor m\u00e1rka: K\u00edna<br \/>\nFesz\u00fclts\u00e9g: 12V<br \/>\nKapacit\u00e1s: 2000mAh<br \/>\nS\u00faly: 350g<br \/>\nM\u00e9ret: 91*30*42mm<\/p>","protected":false},"featured_media":2270,"template":"","meta":[],"product_cat":[40],"product_tag":[],"_links":{"self":[{"href":"https:\/\/thepcba.com\/hu\/wp-json\/wp\/v2\/product\/2231"}],"collection":[{"href":"https:\/\/thepcba.com\/hu\/wp-json\/wp\/v2\/product"}],"about":[{"href":"https:\/\/thepcba.com\/hu\/wp-json\/wp\/v2\/types\/product"}],"wp:featuredmedia":[{"embeddable":true,"href":"https:\/\/thepcba.com\/hu\/wp-json\/wp\/v2\/media\/2270"}],"wp:attachment":[{"href":"https:\/\/thepcba.com\/hu\/wp-json\/wp\/v2\/media?parent=2231"}],"wp:term":[{"taxonomy":"product_cat","embeddable":true,"href":"https:\/\/thepcba.com\/hu\/wp-json\/wp\/v2\/product_cat?post=2231"},{"taxonomy":"product_tag","embeddable":true,"href":"https:\/\/thepcba.com\/hu\/wp-json\/wp\/v2\/product_tag?post=2231"}],"curies":[{"name":"wp","href":"https:\/\/api.w.org\/{rel}","templated":true}]}}