{"id":2229,"date":"2024-10-24T09:30:02","date_gmt":"2024-10-24T09:30:02","guid":{"rendered":"https:\/\/thepcba.com\/manufacturer\/nihon-kohden-6851\/"},"modified":"2024-10-25T03:10:56","modified_gmt":"2024-10-25T03:10:56","slug":"nihon-kohden-6851","status":"publish","type":"product","link":"https:\/\/thepcba.com\/hu\/manufacturer\/nihon-kohden-6851\/","title":{"rendered":"NIHON KOHDEN 6851"},"content":{"rendered":"","protected":false},"excerpt":{"rendered":"<p>Sz\u00edn: k\u00e9k<br \/>\nT\u00edpus: NI-MH<br \/>\nAkkumul\u00e1tor m\u00e1rka: K\u00edna<br \/>\nFesz\u00fclts\u00e9g: 12V<br \/>\nKapacit\u00e1s: 2900mAh<br \/>\nS\u00faly: 262,2 g<br \/>\nSize\uff1a71.9*28.7*49.5mm<\/p>","protected":false},"featured_media":2260,"template":"","meta":[],"product_cat":[40],"product_tag":[],"_links":{"self":[{"href":"https:\/\/thepcba.com\/hu\/wp-json\/wp\/v2\/product\/2229"}],"collection":[{"href":"https:\/\/thepcba.com\/hu\/wp-json\/wp\/v2\/product"}],"about":[{"href":"https:\/\/thepcba.com\/hu\/wp-json\/wp\/v2\/types\/product"}],"wp:featuredmedia":[{"embeddable":true,"href":"https:\/\/thepcba.com\/hu\/wp-json\/wp\/v2\/media\/2260"}],"wp:attachment":[{"href":"https:\/\/thepcba.com\/hu\/wp-json\/wp\/v2\/media?parent=2229"}],"wp:term":[{"taxonomy":"product_cat","embeddable":true,"href":"https:\/\/thepcba.com\/hu\/wp-json\/wp\/v2\/product_cat?post=2229"},{"taxonomy":"product_tag","embeddable":true,"href":"https:\/\/thepcba.com\/hu\/wp-json\/wp\/v2\/product_tag?post=2229"}],"curies":[{"name":"wp","href":"https:\/\/api.w.org\/{rel}","templated":true}]}}