{"id":2227,"date":"2024-10-24T09:30:00","date_gmt":"2024-10-24T09:30:00","guid":{"rendered":"https:\/\/thepcba.com\/manufacturer\/bys-820\/"},"modified":"2024-10-24T09:40:53","modified_gmt":"2024-10-24T09:40:53","slug":"bys-820","status":"publish","type":"product","link":"https:\/\/thepcba.com\/hu\/manufacturer\/bys-820\/","title":{"rendered":"BYS-820"},"content":{"rendered":"","protected":false},"excerpt":{"rendered":"<p>Sz\u00edn: k\u00e9k<br \/>\nT\u00edpus \uff1aLi-PolimerN<br \/>\nAkkumul\u00e1tor m\u00e1rka: K\u00edna<br \/>\nFesz\u00fclts\u00e9g \uff1a11,1 V<br \/>\nKapacit\u00e1s \uff1a1600 mAh<br \/>\nT\u00f6meg \uff1a113 g<br \/>\nM\u00e9ret \uff1a52*34*35mm<\/p>","protected":false},"featured_media":2246,"template":"","meta":[],"product_cat":[40],"product_tag":[],"_links":{"self":[{"href":"https:\/\/thepcba.com\/hu\/wp-json\/wp\/v2\/product\/2227"}],"collection":[{"href":"https:\/\/thepcba.com\/hu\/wp-json\/wp\/v2\/product"}],"about":[{"href":"https:\/\/thepcba.com\/hu\/wp-json\/wp\/v2\/types\/product"}],"wp:featuredmedia":[{"embeddable":true,"href":"https:\/\/thepcba.com\/hu\/wp-json\/wp\/v2\/media\/2246"}],"wp:attachment":[{"href":"https:\/\/thepcba.com\/hu\/wp-json\/wp\/v2\/media?parent=2227"}],"wp:term":[{"taxonomy":"product_cat","embeddable":true,"href":"https:\/\/thepcba.com\/hu\/wp-json\/wp\/v2\/product_cat?post=2227"},{"taxonomy":"product_tag","embeddable":true,"href":"https:\/\/thepcba.com\/hu\/wp-json\/wp\/v2\/product_tag?post=2227"}],"curies":[{"name":"wp","href":"https:\/\/api.w.org\/{rel}","templated":true}]}}