{"id":2226,"date":"2024-10-24T09:30:00","date_gmt":"2024-10-24T09:30:00","guid":{"rendered":"https:\/\/thepcba.com\/manufacturer\/light-testercma4000i\/"},"modified":"2024-10-25T02:39:19","modified_gmt":"2024-10-25T02:39:19","slug":"light-testercma4000i","status":"publish","type":"product","link":"https:\/\/thepcba.com\/hu\/manufacturer\/light-testercma4000i\/","title":{"rendered":"CMA4000i f\u00e9nyvizsg\u00e1l\u00f3"},"content":{"rendered":"","protected":false},"excerpt":{"rendered":"<p>Sz\u00edn: fekete<br \/>\nT\u00edpus: \u00f3lom-sav<br \/>\nAkkumul\u00e1tor m\u00e1rka: K\u00edna<br \/>\nFesz\u00fclts\u00e9g: 12V<br \/>\nKapacit\u00e1s: 2300mAh<br \/>\nS\u00faly: 750g<br \/>\nM\u00e9ret: 180*60*22mm<\/p>","protected":false},"featured_media":2251,"template":"","meta":[],"product_cat":[40],"product_tag":[],"_links":{"self":[{"href":"https:\/\/thepcba.com\/hu\/wp-json\/wp\/v2\/product\/2226"}],"collection":[{"href":"https:\/\/thepcba.com\/hu\/wp-json\/wp\/v2\/product"}],"about":[{"href":"https:\/\/thepcba.com\/hu\/wp-json\/wp\/v2\/types\/product"}],"wp:featuredmedia":[{"embeddable":true,"href":"https:\/\/thepcba.com\/hu\/wp-json\/wp\/v2\/media\/2251"}],"wp:attachment":[{"href":"https:\/\/thepcba.com\/hu\/wp-json\/wp\/v2\/media?parent=2226"}],"wp:term":[{"taxonomy":"product_cat","embeddable":true,"href":"https:\/\/thepcba.com\/hu\/wp-json\/wp\/v2\/product_cat?post=2226"},{"taxonomy":"product_tag","embeddable":true,"href":"https:\/\/thepcba.com\/hu\/wp-json\/wp\/v2\/product_tag?post=2226"}],"curies":[{"name":"wp","href":"https:\/\/api.w.org\/{rel}","templated":true}]}}