{"id":2164,"date":"2024-10-07T02:52:11","date_gmt":"2024-10-07T02:52:11","guid":{"rendered":"https:\/\/thepcba.com\/?post_type=product&#038;p=2164"},"modified":"2024-10-07T03:01:47","modified_gmt":"2024-10-07T03:01:47","slug":"data-transfer-cable","status":"publish","type":"product","link":"https:\/\/thepcba.com\/hu\/manufacturer\/data-transfer-cable\/","title":{"rendered":"Adat\u00e1tviteli k\u00e1bel"},"content":{"rendered":"<h2>Testreszabhat\u00f3 adat\u00e1tviteli k\u00e1bel: Testre szabott csatlakoztathat\u00f3s\u00e1g<\/h2>\n<div class=\"auto-hide-last-sibling-br paragraph-u1TS5p paragraph-element br-paragraph-space\">Az adat\u00e1tviteli k\u00e1bel elengedhetetlen tartoz\u00e9k az \u00f6sszes adat\u00e1tviteli ig\u00e9ny\u00e9hez. A precizit\u00e1s \u00e9s tart\u00f3ss\u00e1g jegy\u00e9ben k\u00e9sz\u00fclt k\u00e1bel z\u00f6kken\u0151mentes \u00e9s hat\u00e9kony adat\u00e1tvitelt biztos\u00edt a k\u00fcl\u00f6nb\u00f6z\u0151 eszk\u00f6z\u00f6k k\u00f6z\u00f6tt.<\/div>\n<div><\/div>\n<div class=\"auto-hide-last-sibling-br paragraph-u1TS5p paragraph-element br-paragraph-space\">A mi k\u00e1bel\u00fcnket a testreszabhat\u00f3s\u00e1g k\u00fcl\u00f6nb\u00f6zteti meg. Meg\u00e9rtj\u00fck, hogy minden felhaszn\u00e1l\u00f3nak egyedi ig\u00e9nyei vannak, ez\u00e9rt k\u00edn\u00e1ljuk a k\u00e1bel testreszab\u00e1s\u00e1nak lehet\u0151s\u00e9g\u00e9t. Ak\u00e1r k\u00fcl\u00f6nleges hossz\u00fas\u00e1gra, ak\u00e1r k\u00fcl\u00f6nleges sz\u00ednre, ak\u00e1r egyedi csatlakoz\u00f3 kialak\u00edt\u00e1sra van sz\u00fcks\u00e9ge, mi megval\u00f3s\u00edtjuk.<\/div>\n<div><\/div>\n<div class=\"auto-hide-last-sibling-br paragraph-u1TS5p paragraph-element br-paragraph-space\">Szak\u00e9rt\u0151i csapatunk elk\u00f6telezett annak biztos\u00edt\u00e1sa mellett, hogy az \u00d6n egyedi adat\u00e1tviteli k\u00e1bele megfeleljen a legmagasabb min\u0151s\u00e9gi \u00e9s teljes\u00edtm\u00e9nybeli k\u00f6vetelm\u00e9nyeknek. Csak a legjobb anyagokat haszn\u00e1ljuk a tart\u00f3ss\u00e1g \u00e9s a megb\u00edzhat\u00f3 adat\u00e1tvitel biztos\u00edt\u00e1sa \u00e9rdek\u00e9ben.<\/div>\n<div><\/div>\n<div class=\"auto-hide-last-sibling-br paragraph-u1TS5p paragraph-element br-paragraph-space\">Testreszabhat\u00f3 adat\u00e1tviteli k\u00e1bel\u00fcnkkel szem\u00e9lyre szabhatja csatlakoz\u00e1si \u00e9lm\u00e9ny\u00e9t, \u00e9s igaz\u00e1n a saj\u00e1tj\u00e1v\u00e1 teheti. Ak\u00e1r szem\u00e9lyes, ak\u00e1r professzion\u00e1lis haszn\u00e1latra, ez a k\u00e1bel t\u00f6k\u00e9letes megold\u00e1s minden adat\u00e1tviteli ig\u00e9ny\u00e9re. Friss\u00edtse csatlakoztathat\u00f3s\u00e1g\u00e1t m\u00e9g ma egy egyedi adat\u00e1tviteli k\u00e1bellel.<\/div>","protected":false},"excerpt":{"rendered":"<h3 class=\"text-4 text-info mb-200\">F\u0151bb adatok<\/h3>\n<ul>\n<li>K\u00e1bel hossza: <span style=\"color: #333333; font-size: 14.4px;\">4 l\u00e1b vagy egyedi<\/span><\/li>\n<li><span style=\"color: #333333; font-size: 14.4px;\">Csatlakoz\u00f3 t\u00edpusa (1. v\u00e9g): <\/span><span style=\"color: #333333; font-size: 14.4px;\">TYPE-C <\/span><\/li>\n<li><span style=\"color: #333333; font-size: 14.4px;\">Csatlakoz\u00f3 t\u00edpusa (2. v\u00e9g): <\/span><span style=\"color: #333333; font-size: 14.4px;\">USB-C vagy TYPE-C<\/span><\/li>\n<li><span style=\"color: #333333; font-size: 14.4px;\">Maxim\u00e1lis adat\u00e1tviteli sebess\u00e9g<\/span><span style=\"color: #333333; font-size: 14.4px;\">: 480 megabit m\u00e1sodpercenk\u00e9nt<\/span><\/li>\n<li><span style=\"color: #333333; font-size: 14.4px;\">Anyag: <\/span><span style=\"color: #333333; font-size: 14.4px;\">PVC<\/span><\/li>\n<li>Sz\u00edn: Fekete, feh\u00e9r vagy egyedi<\/li>\n<\/ul>\n<div class=\"zebra-row flex p-200 justify-content-between body-copy-lg\"><\/div>","protected":false},"featured_media":2166,"template":"","meta":[],"product_cat":[39],"product_tag":[],"_links":{"self":[{"href":"https:\/\/thepcba.com\/hu\/wp-json\/wp\/v2\/product\/2164"}],"collection":[{"href":"https:\/\/thepcba.com\/hu\/wp-json\/wp\/v2\/product"}],"about":[{"href":"https:\/\/thepcba.com\/hu\/wp-json\/wp\/v2\/types\/product"}],"wp:featuredmedia":[{"embeddable":true,"href":"https:\/\/thepcba.com\/hu\/wp-json\/wp\/v2\/media\/2166"}],"wp:attachment":[{"href":"https:\/\/thepcba.com\/hu\/wp-json\/wp\/v2\/media?parent=2164"}],"wp:term":[{"taxonomy":"product_cat","embeddable":true,"href":"https:\/\/thepcba.com\/hu\/wp-json\/wp\/v2\/product_cat?post=2164"},{"taxonomy":"product_tag","embeddable":true,"href":"https:\/\/thepcba.com\/hu\/wp-json\/wp\/v2\/product_tag?post=2164"}],"curies":[{"name":"wp","href":"https:\/\/api.w.org\/{rel}","templated":true}]}}